{"id":124246,"date":"2024-10-23T16:09:44","date_gmt":"2024-10-23T20:09:44","guid":{"rendered":"https:\/\/physiofamiliale.worryfreeweb.ca\/?page_id=124246"},"modified":"2024-12-04T10:21:16","modified_gmt":"2024-12-04T14:21:16","slug":"laurianne-loew","status":"publish","type":"page","link":"https:\/\/physiofamiliale.com\/en\/notre-equipe\/laurianne-loew\/","title":{"rendered":"Laurianne Loew"},"content":{"rendered":"<div data-elementor-type=\"wp-page\" data-elementor-id=\"124246\" class=\"elementor elementor-124246\" data-elementor-post-type=\"page\">\n\t\t\t\t<div class=\"elementor-element elementor-element-a9a1112 e-flex e-con-boxed e-con e-parent\" data-id=\"a9a1112\" data-element_type=\"container\" data-e-type=\"container\" data-settings=\"{&quot;background_background&quot;:&quot;classic&quot;}\">\n\t\t\t\t\t<div class=\"e-con-inner\">\n\t\t<div class=\"elementor-element elementor-element-9356f63 e-con-full e-flex e-con e-child\" data-id=\"9356f63\" data-element_type=\"container\" data-e-type=\"container\" data-settings=\"{&quot;background_background&quot;:&quot;classic&quot;}\">\n\t\t\t\t<div class=\"elementor-element elementor-element-e38db4a elementor-widget elementor-widget-image\" data-id=\"e38db4a\" data-element_type=\"widget\" data-e-type=\"widget\" data-widget_type=\"image.default\">\n\t\t\t\t<div class=\"elementor-widget-container\">\n\t\t\t\t\t\t\t\t\t\t\t\t\t\t\t<img fetchpriority=\"high\" decoding=\"async\" width=\"683\" height=\"1024\" src=\"https:\/\/physiofamiliale.com\/wp-content\/uploads\/2024\/11\/Laurianne-Loew-683x1024.jpg\" class=\"attachment-large size-large wp-image-125155\" alt=\"\" srcset=\"https:\/\/physiofamiliale.com\/wp-content\/uploads\/2024\/11\/Laurianne-Loew-683x1024.jpg 683w, https:\/\/physiofamiliale.com\/wp-content\/uploads\/2024\/11\/Laurianne-Loew-200x300.jpg 200w, https:\/\/physiofamiliale.com\/wp-content\/uploads\/2024\/11\/Laurianne-Loew-768x1152.jpg 768w, https:\/\/physiofamiliale.com\/wp-content\/uploads\/2024\/11\/Laurianne-Loew-8x12.jpg 8w, https:\/\/physiofamiliale.com\/wp-content\/uploads\/2024\/11\/Laurianne-Loew.jpg 800w\" sizes=\"(max-width: 683px) 100vw, 683px\" \/>\t\t\t\t\t\t\t\t\t\t\t\t\t\t\t<\/div>\n\t\t\t\t<\/div>\n\t\t\t\t<div class=\"elementor-element elementor-element-1b5cd74 elementor-align-justify elementor-widget__width-inherit elementor-widget elementor-widget-button\" data-id=\"1b5cd74\" data-element_type=\"widget\" data-e-type=\"widget\" data-widget_type=\"button.default\">\n\t\t\t\t<div class=\"elementor-widget-container\">\n\t\t\t\t\t\t\t\t\t<div class=\"elementor-button-wrapper\">\n\t\t\t\t\t<a class=\"elementor-button elementor-button-link elementor-size-sm\" href=\"https:\/\/physiofamiliale.com\/en\/notre-equipe\/\">\n\t\t\t\t\t\t<span class=\"elementor-button-content-wrapper\">\n\t\t\t\t\t\t<span class=\"elementor-button-icon\">\n\t\t\t\t<i aria-hidden=\"true\" class=\"fas fa-arrow-circle-left\"><\/i>\t\t\t<\/span>\n\t\t\t\t\t\t\t\t\t<span class=\"elementor-button-text\">SEE OUR TEAM<\/span>\n\t\t\t\t\t<\/span>\n\t\t\t\t\t<\/a>\n\t\t\t\t<\/div>\n\t\t\t\t\t\t\t\t<\/div>\n\t\t\t\t<\/div>\n\t\t\t\t<\/div>\n\t\t<div class=\"elementor-element elementor-element-1f051a4 e-con-full e-flex e-con e-child\" data-id=\"1f051a4\" data-element_type=\"container\" data-e-type=\"container\" data-settings=\"{&quot;background_background&quot;:&quot;classic&quot;}\">\n\t\t<div class=\"elementor-element elementor-element-95d0f03 e-con-full e-flex e-con e-child\" data-id=\"95d0f03\" data-element_type=\"container\" data-e-type=\"container\" data-settings=\"{&quot;background_background&quot;:&quot;classic&quot;}\">\n\t\t<div class=\"elementor-element elementor-element-cde8868 e-con-full e-flex e-con e-child\" data-id=\"cde8868\" data-element_type=\"container\" data-e-type=\"container\" data-settings=\"{&quot;background_background&quot;:&quot;classic&quot;}\">\n\t\t\t\t<div class=\"elementor-element elementor-element-d43b1d1 elementor-widget__width-inherit elementor-widget elementor-widget-heading\" data-id=\"d43b1d1\" data-element_type=\"widget\" data-e-type=\"widget\" data-widget_type=\"heading.default\">\n\t\t\t\t<div class=\"elementor-widget-container\">\n\t\t\t\t\t<h1 class=\"elementor-heading-title elementor-size-default\">Laurianne Loew<\/h1>\t\t\t\t<\/div>\n\t\t\t\t<\/div>\n\t\t\t\t<div class=\"elementor-element elementor-element-23b3087 elementor-widget elementor-widget-heading\" data-id=\"23b3087\" data-element_type=\"widget\" data-e-type=\"widget\" data-widget_type=\"heading.default\">\n\t\t\t\t<div class=\"elementor-widget-container\">\n\t\t\t\t\t<h2 class=\"elementor-heading-title elementor-size-default\">PhD, MSC, PHT<br>\nRehabilitation Doctor, Physiotherapist | Owner<br><\/h2>\t\t\t\t<\/div>\n\t\t\t\t<\/div>\n\t\t<div class=\"elementor-element elementor-element-b3f2705 e-con-full e-flex e-con e-child\" data-id=\"b3f2705\" data-element_type=\"container\" data-e-type=\"container\">\n\t\t\t\t<div class=\"elementor-element elementor-element-3341ba7 elementor-position-top elementor-widget elementor-widget-image-box\" data-id=\"3341ba7\" data-element_type=\"widget\" data-e-type=\"widget\" data-widget_type=\"image-box.default\">\n\t\t\t\t<div class=\"elementor-widget-container\">\n\t\t\t\t\t<div class=\"elementor-image-box-wrapper\"><figure class=\"elementor-image-box-img\"><a href=\"https:\/\/physiofamiliale.com\/en\/physiotherapie\/arthrite-et-conditions-rhumatologiques\/\" tabindex=\"-1\"><img decoding=\"async\" width=\"1376\" height=\"917\" src=\"https:\/\/physiofamiliale.com\/wp-content\/uploads\/2024\/12\/arthrite.jpg\" class=\"attachment-full size-full wp-image-126696\" alt=\"\" srcset=\"https:\/\/physiofamiliale.com\/wp-content\/uploads\/2024\/12\/arthrite.jpg 1376w, https:\/\/physiofamiliale.com\/wp-content\/uploads\/2024\/12\/arthrite-300x200.jpg 300w, https:\/\/physiofamiliale.com\/wp-content\/uploads\/2024\/12\/arthrite-1024x682.jpg 1024w, https:\/\/physiofamiliale.com\/wp-content\/uploads\/2024\/12\/arthrite-768x512.jpg 768w, https:\/\/physiofamiliale.com\/wp-content\/uploads\/2024\/12\/arthrite-18x12.jpg 18w\" sizes=\"(max-width: 1376px) 100vw, 1376px\" \/><\/a><\/figure><div class=\"elementor-image-box-content\"><h3 class=\"elementor-image-box-title\"><a href=\"https:\/\/physiofamiliale.com\/en\/physiotherapie\/arthrite-et-conditions-rhumatologiques\/\">Arthritis and Rheumatic conditions<\/a><\/h3><\/div><\/div>\t\t\t\t<\/div>\n\t\t\t\t<\/div>\n\t\t\t\t<div class=\"elementor-element elementor-element-1ad0c04 elementor-position-top elementor-widget elementor-widget-image-box\" data-id=\"1ad0c04\" data-element_type=\"widget\" data-e-type=\"widget\" data-widget_type=\"image-box.default\">\n\t\t\t\t<div class=\"elementor-widget-container\">\n\t\t\t\t\t<div class=\"elementor-image-box-wrapper\"><figure class=\"elementor-image-box-img\"><a href=\"https:\/\/physiofamiliale.com\/en\/physiotherapie\/douleur-chronique\/\" tabindex=\"-1\"><img decoding=\"async\" width=\"1600\" height=\"800\" src=\"https:\/\/physiofamiliale.com\/wp-content\/uploads\/2024\/11\/chronic.jpg\" class=\"attachment-full size-full wp-image-125982\" alt=\"\" srcset=\"https:\/\/physiofamiliale.com\/wp-content\/uploads\/2024\/11\/chronic.jpg 1600w, https:\/\/physiofamiliale.com\/wp-content\/uploads\/2024\/11\/chronic-300x150.jpg 300w, https:\/\/physiofamiliale.com\/wp-content\/uploads\/2024\/11\/chronic-1024x512.jpg 1024w, https:\/\/physiofamiliale.com\/wp-content\/uploads\/2024\/11\/chronic-768x384.jpg 768w, https:\/\/physiofamiliale.com\/wp-content\/uploads\/2024\/11\/chronic-1536x768.jpg 1536w, https:\/\/physiofamiliale.com\/wp-content\/uploads\/2024\/11\/chronic-18x9.jpg 18w\" sizes=\"(max-width: 1600px) 100vw, 1600px\" \/><\/a><\/figure><div class=\"elementor-image-box-content\"><h3 class=\"elementor-image-box-title\"><a href=\"https:\/\/physiofamiliale.com\/en\/physiotherapie\/douleur-chronique\/\">Chronic Pain<\/a><\/h3><\/div><\/div>\t\t\t\t<\/div>\n\t\t\t\t<\/div>\n\t\t\t\t<div class=\"elementor-element elementor-element-2ded2df elementor-position-top elementor-widget elementor-widget-image-box\" data-id=\"2ded2df\" data-element_type=\"widget\" data-e-type=\"widget\" data-widget_type=\"image-box.default\">\n\t\t\t\t<div class=\"elementor-widget-container\">\n\t\t\t\t\t<div class=\"elementor-image-box-wrapper\"><figure class=\"elementor-image-box-img\"><a href=\"https:\/\/physiofamiliale.com\/en\/physiotherapie\/reeducation-posturale\/\" tabindex=\"-1\"><img loading=\"lazy\" decoding=\"async\" width=\"1600\" height=\"800\" src=\"https:\/\/physiofamiliale.com\/wp-content\/uploads\/2024\/11\/postural.jpg\" class=\"attachment-full size-full wp-image-125990\" alt=\"\" srcset=\"https:\/\/physiofamiliale.com\/wp-content\/uploads\/2024\/11\/postural.jpg 1600w, https:\/\/physiofamiliale.com\/wp-content\/uploads\/2024\/11\/postural-300x150.jpg 300w, https:\/\/physiofamiliale.com\/wp-content\/uploads\/2024\/11\/postural-1024x512.jpg 1024w, https:\/\/physiofamiliale.com\/wp-content\/uploads\/2024\/11\/postural-768x384.jpg 768w, https:\/\/physiofamiliale.com\/wp-content\/uploads\/2024\/11\/postural-1536x768.jpg 1536w, https:\/\/physiofamiliale.com\/wp-content\/uploads\/2024\/11\/postural-18x9.jpg 18w\" sizes=\"(max-width: 1600px) 100vw, 1600px\" \/><\/a><\/figure><div class=\"elementor-image-box-content\"><h3 class=\"elementor-image-box-title\"><a href=\"https:\/\/physiofamiliale.com\/en\/physiotherapie\/reeducation-posturale\/\">Postural Reeducation<\/a><\/h3><\/div><\/div>\t\t\t\t<\/div>\n\t\t\t\t<\/div>\n\t\t\t\t<div class=\"elementor-element elementor-element-fd61298 elementor-position-top elementor-widget elementor-widget-image-box\" data-id=\"fd61298\" data-element_type=\"widget\" data-e-type=\"widget\" data-widget_type=\"image-box.default\">\n\t\t\t\t<div class=\"elementor-widget-container\">\n\t\t\t\t\t<div class=\"elementor-image-box-wrapper\"><figure class=\"elementor-image-box-img\"><a href=\"https:\/\/physiofamiliale.com\/en\/physiotherapie\/shockwave\/\" tabindex=\"-1\"><img loading=\"lazy\" decoding=\"async\" width=\"1200\" height=\"600\" src=\"https:\/\/physiofamiliale.com\/wp-content\/uploads\/2024\/10\/shock.jpg\" class=\"attachment-full size-full wp-image-124741\" alt=\"\" srcset=\"https:\/\/physiofamiliale.com\/wp-content\/uploads\/2024\/10\/shock.jpg 1200w, https:\/\/physiofamiliale.com\/wp-content\/uploads\/2024\/10\/shock-300x150.jpg 300w, https:\/\/physiofamiliale.com\/wp-content\/uploads\/2024\/10\/shock-1024x512.jpg 1024w, https:\/\/physiofamiliale.com\/wp-content\/uploads\/2024\/10\/shock-768x384.jpg 768w, https:\/\/physiofamiliale.com\/wp-content\/uploads\/2024\/10\/shock-18x9.jpg 18w\" sizes=\"(max-width: 1200px) 100vw, 1200px\" \/><\/a><\/figure><div class=\"elementor-image-box-content\"><h3 class=\"elementor-image-box-title\"><a href=\"https:\/\/physiofamiliale.com\/en\/physiotherapie\/shockwave\/\">Shockwave therapy<\/a><\/h3><\/div><\/div>\t\t\t\t<\/div>\n\t\t\t\t<\/div>\n\t\t\t\t<\/div>\n\t\t\t\t<\/div>\n\t\t<div class=\"elementor-element elementor-element-71070c5 e-con-full e-flex e-con e-child\" data-id=\"71070c5\" data-element_type=\"container\" data-e-type=\"container\" data-settings=\"{&quot;background_background&quot;:&quot;classic&quot;}\">\n\t\t<div class=\"elementor-element elementor-element-3cfb21e e-con-full e-flex e-con e-child\" data-id=\"3cfb21e\" data-element_type=\"container\" data-e-type=\"container\">\n\t\t\t\t<div class=\"elementor-element elementor-element-635fd09 elementor-widget elementor-widget-heading\" data-id=\"635fd09\" data-element_type=\"widget\" data-e-type=\"widget\" data-widget_type=\"heading.default\">\n\t\t\t\t<div class=\"elementor-widget-container\">\n\t\t\t\t\t<h2 class=\"elementor-heading-title elementor-size-default\">Education<\/h2>\t\t\t\t<\/div>\n\t\t\t\t<\/div>\n\t\t\t\t<div class=\"elementor-element elementor-element-4ea3b2c elementor-icon-list--layout-traditional elementor-list-item-link-full_width elementor-widget elementor-widget-icon-list\" data-id=\"4ea3b2c\" data-element_type=\"widget\" data-e-type=\"widget\" data-widget_type=\"icon-list.default\">\n\t\t\t\t<div class=\"elementor-widget-container\">\n\t\t\t\t\t\t\t<ul class=\"elementor-icon-list-items\">\n\t\t\t\t\t\t\t<li class=\"elementor-icon-list-item\">\n\t\t\t\t\t\t\t\t\t\t\t<a href=\"#deux\">\n\n\t\t\t\t\t\t\t\t\t\t\t\t<span class=\"elementor-icon-list-icon\">\n\t\t\t\t\t\t\t<i aria-hidden=\"true\" class=\"fas fa-angle-right\"><\/i>\t\t\t\t\t\t<\/span>\n\t\t\t\t\t\t\t\t\t\t<span class=\"elementor-icon-list-text\">Level 2 Certification Global Approach to Pain Management<\/span>\n\t\t\t\t\t\t\t\t\t\t\t<\/a>\n\t\t\t\t\t\t\t\t\t<\/li>\n\t\t\t\t\t\t\t\t<li class=\"elementor-icon-list-item\">\n\t\t\t\t\t\t\t\t\t\t\t<a href=\"#deux\">\n\n\t\t\t\t\t\t\t\t\t\t\t\t<span class=\"elementor-icon-list-icon\">\n\t\t\t\t\t\t\t<i aria-hidden=\"true\" class=\"fas fa-angle-right\"><\/i>\t\t\t\t\t\t<\/span>\n\t\t\t\t\t\t\t\t\t\t<span class=\"elementor-icon-list-text\">Doctorate (PhD) in Rehabilitation Sciences, University of Ottawa, 2017<\/span>\n\t\t\t\t\t\t\t\t\t\t\t<\/a>\n\t\t\t\t\t\t\t\t\t<\/li>\n\t\t\t\t\t\t\t\t<li class=\"elementor-icon-list-item\">\n\t\t\t\t\t\t\t\t\t\t\t<a href=\"#un\">\n\n\t\t\t\t\t\t\t\t\t\t\t\t<span class=\"elementor-icon-list-icon\">\n\t\t\t\t\t\t\t<i aria-hidden=\"true\" class=\"fas fa-angle-right\"><\/i>\t\t\t\t\t\t<\/span>\n\t\t\t\t\t\t\t\t\t\t<span class=\"elementor-icon-list-text\">Master\u2019s Degree in Physiotherapy, University of Ottawa, 2011<\/span>\n\t\t\t\t\t\t\t\t\t\t\t<\/a>\n\t\t\t\t\t\t\t\t\t<\/li>\n\t\t\t\t\t\t<\/ul>\n\t\t\t\t\t\t<\/div>\n\t\t\t\t<\/div>\n\t\t\t\t<\/div>\n\t\t<div class=\"elementor-element elementor-element-85fb0ef e-con-full e-flex e-con e-child\" data-id=\"85fb0ef\" data-element_type=\"container\" data-e-type=\"container\">\n\t\t\t\t<div class=\"elementor-element elementor-element-b2ea3d1 elementor-widget elementor-widget-heading\" data-id=\"b2ea3d1\" data-element_type=\"widget\" data-e-type=\"widget\" data-widget_type=\"heading.default\">\n\t\t\t\t<div class=\"elementor-widget-container\">\n\t\t\t\t\t<h2 class=\"elementor-heading-title elementor-size-default\">Interests<\/h2>\t\t\t\t<\/div>\n\t\t\t\t<\/div>\n\t\t\t\t<div class=\"elementor-element elementor-element-7dbff9d elementor-position-left elementor-vertical-align-middle elementor-widget elementor-widget-image-box\" data-id=\"7dbff9d\" data-element_type=\"widget\" data-e-type=\"widget\" data-widget_type=\"image-box.default\">\n\t\t\t\t<div class=\"elementor-widget-container\">\n\t\t\t\t\t<div class=\"elementor-image-box-wrapper\"><figure class=\"elementor-image-box-img\"><img loading=\"lazy\" decoding=\"async\" width=\"85\" height=\"85\" src=\"https:\/\/physiofamiliale.com\/wp-content\/uploads\/2024\/11\/yoga-1.png\" class=\"attachment-full size-full wp-image-125557\" alt=\"\" srcset=\"https:\/\/physiofamiliale.com\/wp-content\/uploads\/2024\/11\/yoga-1.png 85w, https:\/\/physiofamiliale.com\/wp-content\/uploads\/2024\/11\/yoga-1-12x12.png 12w\" sizes=\"(max-width: 85px) 100vw, 85px\" \/><\/figure><div class=\"elementor-image-box-content\"><h3 class=\"elementor-image-box-title\">Yoga<\/h3><\/div><\/div>\t\t\t\t<\/div>\n\t\t\t\t<\/div>\n\t\t\t\t<div class=\"elementor-element elementor-element-cea0128 elementor-position-left elementor-vertical-align-middle elementor-widget elementor-widget-image-box\" data-id=\"cea0128\" data-element_type=\"widget\" data-e-type=\"widget\" data-widget_type=\"image-box.default\">\n\t\t\t\t<div class=\"elementor-widget-container\">\n\t\t\t\t\t<div class=\"elementor-image-box-wrapper\"><figure class=\"elementor-image-box-img\"><img loading=\"lazy\" decoding=\"async\" width=\"85\" height=\"85\" src=\"https:\/\/physiofamiliale.com\/wp-content\/uploads\/2024\/11\/outdoors-1.png\" class=\"attachment-full size-full wp-image-125552\" alt=\"\" srcset=\"https:\/\/physiofamiliale.com\/wp-content\/uploads\/2024\/11\/outdoors-1.png 85w, https:\/\/physiofamiliale.com\/wp-content\/uploads\/2024\/11\/outdoors-1-12x12.png 12w\" sizes=\"(max-width: 85px) 100vw, 85px\" \/><\/figure><div class=\"elementor-image-box-content\"><h3 class=\"elementor-image-box-title\">Travelling<\/h3><\/div><\/div>\t\t\t\t<\/div>\n\t\t\t\t<\/div>\n\t\t\t\t<div class=\"elementor-element elementor-element-9177962 elementor-position-left elementor-vertical-align-middle elementor-widget elementor-widget-image-box\" data-id=\"9177962\" data-element_type=\"widget\" data-e-type=\"widget\" data-widget_type=\"image-box.default\">\n\t\t\t\t<div class=\"elementor-widget-container\">\n\t\t\t\t\t<div class=\"elementor-image-box-wrapper\"><figure class=\"elementor-image-box-img\"><img loading=\"lazy\" decoding=\"async\" width=\"85\" height=\"85\" src=\"https:\/\/physiofamiliale.com\/wp-content\/uploads\/2024\/11\/board.png\" class=\"attachment-full size-full wp-image-125545\" alt=\"\" srcset=\"https:\/\/physiofamiliale.com\/wp-content\/uploads\/2024\/11\/board.png 85w, https:\/\/physiofamiliale.com\/wp-content\/uploads\/2024\/11\/board-12x12.png 12w\" sizes=\"(max-width: 85px) 100vw, 85px\" \/><\/figure><div class=\"elementor-image-box-content\"><h3 class=\"elementor-image-box-title\">Paddleboarding<\/h3><\/div><\/div>\t\t\t\t<\/div>\n\t\t\t\t<\/div>\n\t\t\t\t<\/div>\n\t\t\t\t<\/div>\n\t\t\t\t<\/div>\n\t\t\t\t<\/div>\n\t\t\t\t\t<\/div>\n\t\t\t\t<\/div>\n\t\t\t\t<\/div>","protected":false},"excerpt":{"rendered":"<p>Voir L&rsquo;\u00e9quipe Laurianne Loew PhD, MSC, PHT Docteure en r\u00e9adaptation, Physioth\u00e9rapeute | Propri\u00e9taire Arthrite et conditions rhumatologiques Douleur chronique R\u00e9\u00e9ducation posturale Shockwave \u00c9tudes Certification Gestion globale de la douleur niveau 2 Doctorat en sciences de la r\u00e9adaptation, \u00e0 l\u2019Universit\u00e9 d\u2019Ottawa en 2017 D\u00eeplome de Ma\u00eetrise en Physioth\u00e9rapie, Universit\u00e9 d\u2019Ottawa, 2011 Int\u00e9r\u00eats Yoga Voyages Paddleboard<\/p>","protected":false},"author":1,"featured_media":0,"parent":25,"menu_order":0,"comment_status":"closed","ping_status":"closed","template":"","meta":{"_seopress_robots_primary_cat":"","_seopress_titles_title":"","_seopress_titles_desc":"","_seopress_robots_index":"","footnotes":""},"class_list":["post-124246","page","type-page","status-publish","hentry"],"_links":{"self":[{"href":"https:\/\/physiofamiliale.com\/en\/wp-json\/wp\/v2\/pages\/124246","targetHints":{"allow":["GET"]}}],"collection":[{"href":"https:\/\/physiofamiliale.com\/en\/wp-json\/wp\/v2\/pages"}],"about":[{"href":"https:\/\/physiofamiliale.com\/en\/wp-json\/wp\/v2\/types\/page"}],"author":[{"embeddable":true,"href":"https:\/\/physiofamiliale.com\/en\/wp-json\/wp\/v2\/users\/1"}],"replies":[{"embeddable":true,"href":"https:\/\/physiofamiliale.com\/en\/wp-json\/wp\/v2\/comments?post=124246"}],"version-history":[{"count":10,"href":"https:\/\/physiofamiliale.com\/en\/wp-json\/wp\/v2\/pages\/124246\/revisions"}],"predecessor-version":[{"id":126778,"href":"https:\/\/physiofamiliale.com\/en\/wp-json\/wp\/v2\/pages\/124246\/revisions\/126778"}],"up":[{"embeddable":true,"href":"https:\/\/physiofamiliale.com\/en\/wp-json\/wp\/v2\/pages\/25"}],"wp:attachment":[{"href":"https:\/\/physiofamiliale.com\/en\/wp-json\/wp\/v2\/media?parent=124246"}],"curies":[{"name":"wp","href":"https:\/\/api.w.org\/{rel}","templated":true}]}}