{"id":124293,"date":"2024-10-24T10:10:38","date_gmt":"2024-10-24T14:10:38","guid":{"rendered":"https:\/\/physiofamiliale.worryfreeweb.ca\/?page_id=124293"},"modified":"2025-04-21T10:14:39","modified_gmt":"2025-04-21T14:14:39","slug":"ariane-romain","status":"publish","type":"page","link":"https:\/\/physiofamiliale.com\/en\/notre-equipe\/ariane-romain\/","title":{"rendered":"Ariane Romain"},"content":{"rendered":"<div data-elementor-type=\"wp-page\" data-elementor-id=\"124293\" class=\"elementor elementor-124293\" data-elementor-post-type=\"page\">\n\t\t\t\t<div class=\"elementor-element elementor-element-1edb07cd e-flex e-con-boxed e-con e-parent\" data-id=\"1edb07cd\" data-element_type=\"container\" data-e-type=\"container\" data-settings=\"{&quot;background_background&quot;:&quot;classic&quot;}\">\n\t\t\t\t\t<div class=\"e-con-inner\">\n\t\t<div class=\"elementor-element elementor-element-6ed18925 e-con-full e-flex e-con e-child\" data-id=\"6ed18925\" data-element_type=\"container\" data-e-type=\"container\" data-settings=\"{&quot;background_background&quot;:&quot;classic&quot;}\">\n\t\t\t\t<div class=\"elementor-element elementor-element-659b086a elementor-widget elementor-widget-image\" data-id=\"659b086a\" data-element_type=\"widget\" data-e-type=\"widget\" data-widget_type=\"image.default\">\n\t\t\t\t<div class=\"elementor-widget-container\">\n\t\t\t\t\t\t\t\t\t\t\t\t\t\t\t<img fetchpriority=\"high\" decoding=\"async\" width=\"683\" height=\"1024\" src=\"https:\/\/physiofamiliale.com\/wp-content\/uploads\/2024\/11\/arianne-683x1024.jpg\" class=\"attachment-large size-large wp-image-125147\" alt=\"\" srcset=\"https:\/\/physiofamiliale.com\/wp-content\/uploads\/2024\/11\/arianne-683x1024.jpg 683w, https:\/\/physiofamiliale.com\/wp-content\/uploads\/2024\/11\/arianne-200x300.jpg 200w, https:\/\/physiofamiliale.com\/wp-content\/uploads\/2024\/11\/arianne-768x1152.jpg 768w, https:\/\/physiofamiliale.com\/wp-content\/uploads\/2024\/11\/arianne-8x12.jpg 8w, https:\/\/physiofamiliale.com\/wp-content\/uploads\/2024\/11\/arianne.jpg 800w\" sizes=\"(max-width: 683px) 100vw, 683px\" \/>\t\t\t\t\t\t\t\t\t\t\t\t\t\t\t<\/div>\n\t\t\t\t<\/div>\n\t\t\t\t<div class=\"elementor-element elementor-element-38ada25d elementor-align-justify elementor-widget__width-inherit elementor-widget elementor-widget-button\" data-id=\"38ada25d\" data-element_type=\"widget\" data-e-type=\"widget\" data-widget_type=\"button.default\">\n\t\t\t\t<div class=\"elementor-widget-container\">\n\t\t\t\t\t\t\t\t\t<div class=\"elementor-button-wrapper\">\n\t\t\t\t\t<a class=\"elementor-button elementor-button-link elementor-size-sm\" href=\"https:\/\/physiofamiliale.com\/en\/notre-equipe\/\">\n\t\t\t\t\t\t<span class=\"elementor-button-content-wrapper\">\n\t\t\t\t\t\t<span class=\"elementor-button-icon\">\n\t\t\t\t<i aria-hidden=\"true\" class=\"fas fa-arrow-circle-left\"><\/i>\t\t\t<\/span>\n\t\t\t\t\t\t\t\t\t<span class=\"elementor-button-text\">SEE OUR TEAM<\/span>\n\t\t\t\t\t<\/span>\n\t\t\t\t\t<\/a>\n\t\t\t\t<\/div>\n\t\t\t\t\t\t\t\t<\/div>\n\t\t\t\t<\/div>\n\t\t\t\t<\/div>\n\t\t<div class=\"elementor-element elementor-element-2a5cf740 e-con-full e-flex e-con e-child\" data-id=\"2a5cf740\" data-element_type=\"container\" data-e-type=\"container\" data-settings=\"{&quot;background_background&quot;:&quot;classic&quot;}\">\n\t\t<div class=\"elementor-element elementor-element-1342a081 e-con-full e-flex e-con e-child\" data-id=\"1342a081\" data-element_type=\"container\" data-e-type=\"container\" data-settings=\"{&quot;background_background&quot;:&quot;classic&quot;}\">\n\t\t<div class=\"elementor-element elementor-element-16b18c28 e-con-full e-flex e-con e-child\" data-id=\"16b18c28\" data-element_type=\"container\" data-e-type=\"container\" data-settings=\"{&quot;background_background&quot;:&quot;classic&quot;}\">\n\t\t\t\t<div class=\"elementor-element elementor-element-358e0434 elementor-widget__width-inherit elementor-widget elementor-widget-heading\" data-id=\"358e0434\" data-element_type=\"widget\" data-e-type=\"widget\" data-widget_type=\"heading.default\">\n\t\t\t\t<div class=\"elementor-widget-container\">\n\t\t\t\t\t<h1 class=\"elementor-heading-title elementor-size-default\">Ariane Romain<\/h1>\t\t\t\t<\/div>\n\t\t\t\t<\/div>\n\t\t\t\t<div class=\"elementor-element elementor-element-4687343e elementor-widget elementor-widget-heading\" data-id=\"4687343e\" data-element_type=\"widget\" data-e-type=\"widget\" data-widget_type=\"heading.default\">\n\t\t\t\t<div class=\"elementor-widget-container\">\n\t\t\t\t\t<h2 class=\"elementor-heading-title elementor-size-default\">Master's student in Occupational Therapy, University of Ottawa<br>\nProject Manager in Health Promotion<\/h2>\t\t\t\t<\/div>\n\t\t\t\t<\/div>\n\t\t<div class=\"elementor-element elementor-element-d0ef54e e-con-full elementor-hidden-desktop elementor-hidden-tablet elementor-hidden-mobile e-flex e-con e-child\" data-id=\"d0ef54e\" data-element_type=\"container\" data-e-type=\"container\">\n\t\t\t\t<div class=\"elementor-element elementor-element-46ffbd98 elementor-position-top elementor-widget elementor-widget-image-box\" data-id=\"46ffbd98\" data-element_type=\"widget\" data-e-type=\"widget\" data-widget_type=\"image-box.default\">\n\t\t\t\t<div class=\"elementor-widget-container\">\n\t\t\t\t\t<div class=\"elementor-image-box-wrapper\"><figure class=\"elementor-image-box-img\"><a href=\"https:\/\/physiofamiliale.com\/en\/physiotherapie\/accident-de-la-route-saaq\/\" tabindex=\"-1\"><img decoding=\"async\" width=\"1375\" height=\"917\" src=\"https:\/\/physiofamiliale.com\/wp-content\/uploads\/2024\/12\/saaq2.jpg\" class=\"attachment-full size-full wp-image-126693\" alt=\"\" srcset=\"https:\/\/physiofamiliale.com\/wp-content\/uploads\/2024\/12\/saaq2.jpg 1375w, https:\/\/physiofamiliale.com\/wp-content\/uploads\/2024\/12\/saaq2-300x200.jpg 300w, https:\/\/physiofamiliale.com\/wp-content\/uploads\/2024\/12\/saaq2-1024x683.jpg 1024w, https:\/\/physiofamiliale.com\/wp-content\/uploads\/2024\/12\/saaq2-768x512.jpg 768w, https:\/\/physiofamiliale.com\/wp-content\/uploads\/2024\/12\/saaq2-18x12.jpg 18w\" sizes=\"(max-width: 1375px) 100vw, 1375px\" \/><\/a><\/figure><div class=\"elementor-image-box-content\"><h3 class=\"elementor-image-box-title\"><a href=\"https:\/\/physiofamiliale.com\/en\/physiotherapie\/accident-de-la-route-saaq\/\">SAAQ<\/a><\/h3><\/div><\/div>\t\t\t\t<\/div>\n\t\t\t\t<\/div>\n\t\t\t\t<div class=\"elementor-element elementor-element-5e075c4 elementor-position-top elementor-widget elementor-widget-image-box\" data-id=\"5e075c4\" data-element_type=\"widget\" data-e-type=\"widget\" data-widget_type=\"image-box.default\">\n\t\t\t\t<div class=\"elementor-widget-container\">\n\t\t\t\t\t<div class=\"elementor-image-box-wrapper\"><figure class=\"elementor-image-box-img\"><a href=\"https:\/\/physiofamiliale.com\/en\/physiotherapie\/perinatalite-et-post-partum\/\" tabindex=\"-1\"><img decoding=\"async\" width=\"2560\" height=\"1698\" src=\"https:\/\/physiofamiliale.com\/wp-content\/uploads\/2021\/03\/Feb-2018-13-min-scaled.jpg\" class=\"attachment-full size-full wp-image-79536\" alt=\"\" srcset=\"https:\/\/physiofamiliale.com\/wp-content\/uploads\/2021\/03\/Feb-2018-13-min-scaled.jpg 2560w, https:\/\/physiofamiliale.com\/wp-content\/uploads\/2021\/03\/Feb-2018-13-min-300x199.jpg 300w, https:\/\/physiofamiliale.com\/wp-content\/uploads\/2021\/03\/Feb-2018-13-min-1024x679.jpg 1024w, https:\/\/physiofamiliale.com\/wp-content\/uploads\/2021\/03\/Feb-2018-13-min-768x509.jpg 768w, https:\/\/physiofamiliale.com\/wp-content\/uploads\/2021\/03\/Feb-2018-13-min-1536x1019.jpg 1536w, https:\/\/physiofamiliale.com\/wp-content\/uploads\/2021\/03\/Feb-2018-13-min-2048x1358.jpg 2048w, https:\/\/physiofamiliale.com\/wp-content\/uploads\/2021\/03\/Feb-2018-13-min-16x12.jpg 16w\" sizes=\"(max-width: 2560px) 100vw, 2560px\" \/><\/a><\/figure><div class=\"elementor-image-box-content\"><h3 class=\"elementor-image-box-title\"><a href=\"https:\/\/physiofamiliale.com\/en\/physiotherapie\/perinatalite-et-post-partum\/\">Pregnancy and Postpartum<\/a><\/h3><\/div><\/div>\t\t\t\t<\/div>\n\t\t\t\t<\/div>\n\t\t\t\t<div class=\"elementor-element elementor-element-2800d87 elementor-position-top elementor-widget elementor-widget-image-box\" data-id=\"2800d87\" data-element_type=\"widget\" data-e-type=\"widget\" data-widget_type=\"image-box.default\">\n\t\t\t\t<div class=\"elementor-widget-container\">\n\t\t\t\t\t<div class=\"elementor-image-box-wrapper\"><figure class=\"elementor-image-box-img\"><a href=\"https:\/\/physiofamiliale.com\/en\/physiotherapie\/reeducation-perineale-et-pelvienne\/\" tabindex=\"-1\"><img loading=\"lazy\" decoding=\"async\" width=\"800\" height=\"533\" src=\"https:\/\/physiofamiliale.com\/wp-content\/uploads\/2024\/11\/pelvic.jpg\" class=\"attachment-full size-full wp-image-126601\" alt=\"\" srcset=\"https:\/\/physiofamiliale.com\/wp-content\/uploads\/2024\/11\/pelvic.jpg 800w, https:\/\/physiofamiliale.com\/wp-content\/uploads\/2024\/11\/pelvic-300x200.jpg 300w, https:\/\/physiofamiliale.com\/wp-content\/uploads\/2024\/11\/pelvic-768x512.jpg 768w, https:\/\/physiofamiliale.com\/wp-content\/uploads\/2024\/11\/pelvic-18x12.jpg 18w\" sizes=\"(max-width: 800px) 100vw, 800px\" \/><\/a><\/figure><div class=\"elementor-image-box-content\"><h3 class=\"elementor-image-box-title\"><a href=\"https:\/\/physiofamiliale.com\/en\/physiotherapie\/reeducation-perineale-et-pelvienne\/\">URO-PHYSIO: PELVIC FLOOR REHABILITATION<\/a><\/h3><\/div><\/div>\t\t\t\t<\/div>\n\t\t\t\t<\/div>\n\t\t\t\t<\/div>\n\t\t\t\t<\/div>\n\t\t<div class=\"elementor-element elementor-element-30b9c537 e-con-full e-flex e-con e-child\" data-id=\"30b9c537\" data-element_type=\"container\" data-e-type=\"container\" data-settings=\"{&quot;background_background&quot;:&quot;classic&quot;}\">\n\t\t<div class=\"elementor-element elementor-element-5348ed85 e-con-full e-flex e-con e-child\" data-id=\"5348ed85\" data-element_type=\"container\" data-e-type=\"container\">\n\t\t\t\t<div class=\"elementor-element elementor-element-5789b117 elementor-widget elementor-widget-heading\" data-id=\"5789b117\" data-element_type=\"widget\" data-e-type=\"widget\" data-widget_type=\"heading.default\">\n\t\t\t\t<div class=\"elementor-widget-container\">\n\t\t\t\t\t<h2 class=\"elementor-heading-title elementor-size-default\">Education<\/h2>\t\t\t\t<\/div>\n\t\t\t\t<\/div>\n\t\t\t\t<div class=\"elementor-element elementor-element-a4c3b84 elementor-icon-list--layout-traditional elementor-list-item-link-full_width elementor-widget elementor-widget-icon-list\" data-id=\"a4c3b84\" data-element_type=\"widget\" data-e-type=\"widget\" data-widget_type=\"icon-list.default\">\n\t\t\t\t<div class=\"elementor-widget-container\">\n\t\t\t\t\t\t\t<ul class=\"elementor-icon-list-items\">\n\t\t\t\t\t\t\t<li class=\"elementor-icon-list-item\">\n\t\t\t\t\t\t\t\t\t\t\t<span class=\"elementor-icon-list-icon\">\n\t\t\t\t\t\t\t<i aria-hidden=\"true\" class=\"fas fa-angle-right\"><\/i>\t\t\t\t\t\t<\/span>\n\t\t\t\t\t\t\t\t\t\t<span class=\"elementor-icon-list-text\">Master's in Occupational Therapy, University of Ottawa (since 2024)<\/span>\n\t\t\t\t\t\t\t\t\t<\/li>\n\t\t\t\t\t\t\t\t<li class=\"elementor-icon-list-item\">\n\t\t\t\t\t\t\t\t\t\t\t<span class=\"elementor-icon-list-icon\">\n\t\t\t\t\t\t\t<i aria-hidden=\"true\" class=\"fas fa-angle-right\"><\/i>\t\t\t\t\t\t<\/span>\n\t\t\t\t\t\t\t\t\t\t<span class=\"elementor-icon-list-text\">Bachelor's in Physical Activity Sciences, University of Ottawa, 2021<\/span>\n\t\t\t\t\t\t\t\t\t<\/li>\n\t\t\t\t\t\t\t\t<li class=\"elementor-icon-list-item\">\n\t\t\t\t\t\t\t\t\t\t\t<span class=\"elementor-icon-list-icon\">\n\t\t\t\t\t\t\t<i aria-hidden=\"true\" class=\"fas fa-angle-right\"><\/i>\t\t\t\t\t\t<\/span>\n\t\t\t\t\t\t\t\t\t\t<span class=\"elementor-icon-list-text\">Physiotherapy Technologist, Coll\u00e8ge Montmorency, 2020<\/span>\n\t\t\t\t\t\t\t\t\t<\/li>\n\t\t\t\t\t\t<\/ul>\n\t\t\t\t\t\t<\/div>\n\t\t\t\t<\/div>\n\t\t\t\t<\/div>\n\t\t<div class=\"elementor-element elementor-element-4eae69bb e-con-full e-flex e-con e-child\" data-id=\"4eae69bb\" data-element_type=\"container\" data-e-type=\"container\">\n\t\t\t\t<div class=\"elementor-element elementor-element-467bad8e elementor-widget elementor-widget-heading\" data-id=\"467bad8e\" data-element_type=\"widget\" data-e-type=\"widget\" data-widget_type=\"heading.default\">\n\t\t\t\t<div class=\"elementor-widget-container\">\n\t\t\t\t\t<h2 class=\"elementor-heading-title elementor-size-default\">Interests<\/h2>\t\t\t\t<\/div>\n\t\t\t\t<\/div>\n\t\t\t\t<div class=\"elementor-element elementor-element-77edcacb elementor-position-left elementor-vertical-align-middle elementor-widget elementor-widget-image-box\" data-id=\"77edcacb\" data-element_type=\"widget\" data-e-type=\"widget\" data-widget_type=\"image-box.default\">\n\t\t\t\t<div class=\"elementor-widget-container\">\n\t\t\t\t\t<div class=\"elementor-image-box-wrapper\"><figure class=\"elementor-image-box-img\"><img loading=\"lazy\" decoding=\"async\" width=\"85\" height=\"85\" src=\"https:\/\/physiofamiliale.com\/wp-content\/uploads\/2024\/11\/kayak-1.png\" class=\"attachment-full size-full wp-image-125551\" alt=\"\" srcset=\"https:\/\/physiofamiliale.com\/wp-content\/uploads\/2024\/11\/kayak-1.png 85w, https:\/\/physiofamiliale.com\/wp-content\/uploads\/2024\/11\/kayak-1-12x12.png 12w\" sizes=\"(max-width: 85px) 100vw, 85px\" \/><\/figure><div class=\"elementor-image-box-content\"><h3 class=\"elementor-image-box-title\">Kayaking<\/h3><\/div><\/div>\t\t\t\t<\/div>\n\t\t\t\t<\/div>\n\t\t\t\t<div class=\"elementor-element elementor-element-19842f33 elementor-position-left elementor-vertical-align-middle elementor-widget elementor-widget-image-box\" data-id=\"19842f33\" data-element_type=\"widget\" data-e-type=\"widget\" data-widget_type=\"image-box.default\">\n\t\t\t\t<div class=\"elementor-widget-container\">\n\t\t\t\t\t<div class=\"elementor-image-box-wrapper\"><figure class=\"elementor-image-box-img\"><img loading=\"lazy\" decoding=\"async\" width=\"85\" height=\"85\" src=\"https:\/\/physiofamiliale.com\/wp-content\/uploads\/2024\/11\/racket-1.png\" class=\"attachment-full size-full wp-image-125553\" alt=\"\" srcset=\"https:\/\/physiofamiliale.com\/wp-content\/uploads\/2024\/11\/racket-1.png 85w, https:\/\/physiofamiliale.com\/wp-content\/uploads\/2024\/11\/racket-1-12x12.png 12w\" sizes=\"(max-width: 85px) 100vw, 85px\" \/><\/figure><div class=\"elementor-image-box-content\"><h3 class=\"elementor-image-box-title\">Snowshoeing<\/h3><\/div><\/div>\t\t\t\t<\/div>\n\t\t\t\t<\/div>\n\t\t\t\t<div class=\"elementor-element elementor-element-630c7abb elementor-position-left elementor-vertical-align-middle elementor-widget elementor-widget-image-box\" data-id=\"630c7abb\" data-element_type=\"widget\" data-e-type=\"widget\" data-widget_type=\"image-box.default\">\n\t\t\t\t<div class=\"elementor-widget-container\">\n\t\t\t\t\t<div class=\"elementor-image-box-wrapper\"><figure class=\"elementor-image-box-img\"><img loading=\"lazy\" decoding=\"async\" width=\"85\" height=\"85\" src=\"https:\/\/physiofamiliale.com\/wp-content\/uploads\/2024\/11\/skiing.png\" class=\"attachment-full size-full wp-image-125555\" alt=\"\" srcset=\"https:\/\/physiofamiliale.com\/wp-content\/uploads\/2024\/11\/skiing.png 85w, https:\/\/physiofamiliale.com\/wp-content\/uploads\/2024\/11\/skiing-12x12.png 12w\" sizes=\"(max-width: 85px) 100vw, 85px\" \/><\/figure><div class=\"elementor-image-box-content\"><h3 class=\"elementor-image-box-title\">Cross-country skiing<\/h3><\/div><\/div>\t\t\t\t<\/div>\n\t\t\t\t<\/div>\n\t\t\t\t<div class=\"elementor-element elementor-element-f74b692 elementor-position-left elementor-vertical-align-middle elementor-widget elementor-widget-image-box\" data-id=\"f74b692\" data-element_type=\"widget\" data-e-type=\"widget\" data-widget_type=\"image-box.default\">\n\t\t\t\t<div class=\"elementor-widget-container\">\n\t\t\t\t\t<div class=\"elementor-image-box-wrapper\"><figure class=\"elementor-image-box-img\"><img loading=\"lazy\" decoding=\"async\" width=\"85\" height=\"85\" src=\"https:\/\/physiofamiliale.com\/wp-content\/uploads\/2024\/11\/board.png\" class=\"attachment-full size-full wp-image-125545\" alt=\"\" srcset=\"https:\/\/physiofamiliale.com\/wp-content\/uploads\/2024\/11\/board.png 85w, https:\/\/physiofamiliale.com\/wp-content\/uploads\/2024\/11\/board-12x12.png 12w\" sizes=\"(max-width: 85px) 100vw, 85px\" \/><\/figure><div class=\"elementor-image-box-content\"><h3 class=\"elementor-image-box-title\">Paddleboarding<\/h3><\/div><\/div>\t\t\t\t<\/div>\n\t\t\t\t<\/div>\n\t\t\t\t<\/div>\n\t\t\t\t<\/div>\n\t\t\t\t<\/div>\n\t\t\t\t<\/div>\n\t\t\t\t\t<\/div>\n\t\t\t\t<\/div>\n\t\t\t\t<\/div>","protected":false},"excerpt":{"rendered":"<p>Voir L&rsquo;\u00e9quipe \u00c9tudiante \u00e0 la ma\u00eetrise en Ergoth\u00e9rapie, Universit\u00e9 d\u2019Ottawa Charg\u00e9e de projets en promotion de la sant\u00e9 SAAQ Grossesse et post-partum R\u00e9\u00e9ducation p\u00e9rin\u00e9ale et pelvienne \u00c9tudes \u00c9tudiante \u00e0 la ma\u00eetrise en ergoth\u00e9rapie \u00e0 l&rsquo;Universit\u00e9 d&rsquo;Ottawa depuis 2024 Baccalaur\u00e9at en sciences de l\u2019activit\u00e9 physique \u00e0 l\u2019Universit\u00e9 d\u2019Ottawa en 2021 Technique en physioth\u00e9rapie au Coll\u00e8ge Montmorency [&hellip;]<\/p>\n","protected":false},"author":1,"featured_media":0,"parent":25,"menu_order":0,"comment_status":"closed","ping_status":"closed","template":"","meta":{"_seopress_robots_primary_cat":"","_seopress_titles_title":"","_seopress_titles_desc":"","_seopress_robots_index":"","footnotes":""},"class_list":["post-124293","page","type-page","status-publish","hentry"],"_links":{"self":[{"href":"https:\/\/physiofamiliale.com\/en\/wp-json\/wp\/v2\/pages\/124293","targetHints":{"allow":["GET"]}}],"collection":[{"href":"https:\/\/physiofamiliale.com\/en\/wp-json\/wp\/v2\/pages"}],"about":[{"href":"https:\/\/physiofamiliale.com\/en\/wp-json\/wp\/v2\/types\/page"}],"author":[{"embeddable":true,"href":"https:\/\/physiofamiliale.com\/en\/wp-json\/wp\/v2\/users\/1"}],"replies":[{"embeddable":true,"href":"https:\/\/physiofamiliale.com\/en\/wp-json\/wp\/v2\/comments?post=124293"}],"version-history":[{"count":13,"href":"https:\/\/physiofamiliale.com\/en\/wp-json\/wp\/v2\/pages\/124293\/revisions"}],"predecessor-version":[{"id":144876,"href":"https:\/\/physiofamiliale.com\/en\/wp-json\/wp\/v2\/pages\/124293\/revisions\/144876"}],"up":[{"embeddable":true,"href":"https:\/\/physiofamiliale.com\/en\/wp-json\/wp\/v2\/pages\/25"}],"wp:attachment":[{"href":"https:\/\/physiofamiliale.com\/en\/wp-json\/wp\/v2\/media?parent=124293"}],"curies":[{"name":"wp","href":"https:\/\/api.w.org\/{rel}","templated":true}]}}