{"id":124298,"date":"2024-10-24T10:15:15","date_gmt":"2024-10-24T14:15:15","guid":{"rendered":"https:\/\/physiofamiliale.worryfreeweb.ca\/?page_id=124298"},"modified":"2025-06-10T15:44:03","modified_gmt":"2025-06-10T19:44:03","slug":"josee-couture","status":"publish","type":"page","link":"https:\/\/physiofamiliale.com\/en\/notre-equipe\/josee-couture\/","title":{"rendered":"Jos\u00e9e Couture"},"content":{"rendered":"<div data-elementor-type=\"wp-page\" data-elementor-id=\"124298\" class=\"elementor elementor-124298\" data-elementor-post-type=\"page\">\n\t\t\t\t<div class=\"elementor-element elementor-element-29215665 e-flex e-con-boxed e-con e-parent\" data-id=\"29215665\" data-element_type=\"container\" data-e-type=\"container\" data-settings=\"{&quot;background_background&quot;:&quot;classic&quot;}\">\n\t\t\t\t\t<div class=\"e-con-inner\">\n\t\t<div class=\"elementor-element elementor-element-69addaad e-con-full e-flex e-con e-child\" data-id=\"69addaad\" data-element_type=\"container\" data-e-type=\"container\" data-settings=\"{&quot;background_background&quot;:&quot;classic&quot;}\">\n\t\t\t\t<div class=\"elementor-element elementor-element-2b5aa330 elementor-widget elementor-widget-image\" data-id=\"2b5aa330\" data-element_type=\"widget\" data-e-type=\"widget\" data-widget_type=\"image.default\">\n\t\t\t\t<div class=\"elementor-widget-container\">\n\t\t\t\t\t\t\t\t\t\t\t\t\t\t\t<img fetchpriority=\"high\" decoding=\"async\" width=\"683\" height=\"1024\" src=\"https:\/\/physiofamiliale.com\/wp-content\/uploads\/2024\/12\/jc-683x1024.jpeg\" class=\"attachment-large size-large wp-image-126760\" alt=\"\" srcset=\"https:\/\/physiofamiliale.com\/wp-content\/uploads\/2024\/12\/jc-683x1024.jpeg 683w, https:\/\/physiofamiliale.com\/wp-content\/uploads\/2024\/12\/jc-200x300.jpeg 200w, https:\/\/physiofamiliale.com\/wp-content\/uploads\/2024\/12\/jc-768x1152.jpeg 768w, https:\/\/physiofamiliale.com\/wp-content\/uploads\/2024\/12\/jc-8x12.jpeg 8w, https:\/\/physiofamiliale.com\/wp-content\/uploads\/2024\/12\/jc.jpeg 800w\" sizes=\"(max-width: 683px) 100vw, 683px\" \/>\t\t\t\t\t\t\t\t\t\t\t\t\t\t\t<\/div>\n\t\t\t\t<\/div>\n\t\t\t\t<div class=\"elementor-element elementor-element-7ae1cf94 elementor-align-justify elementor-widget__width-inherit elementor-widget elementor-widget-button\" data-id=\"7ae1cf94\" data-element_type=\"widget\" data-e-type=\"widget\" data-widget_type=\"button.default\">\n\t\t\t\t<div class=\"elementor-widget-container\">\n\t\t\t\t\t\t\t\t\t<div class=\"elementor-button-wrapper\">\n\t\t\t\t\t<a class=\"elementor-button elementor-button-link elementor-size-sm\" href=\"https:\/\/physiofamiliale.com\/en\/notre-equipe\/\">\n\t\t\t\t\t\t<span class=\"elementor-button-content-wrapper\">\n\t\t\t\t\t\t<span class=\"elementor-button-icon\">\n\t\t\t\t<i aria-hidden=\"true\" class=\"fas fa-arrow-circle-left\"><\/i>\t\t\t<\/span>\n\t\t\t\t\t\t\t\t\t<span class=\"elementor-button-text\">SEE OUR TEAM<\/span>\n\t\t\t\t\t<\/span>\n\t\t\t\t\t<\/a>\n\t\t\t\t<\/div>\n\t\t\t\t\t\t\t\t<\/div>\n\t\t\t\t<\/div>\n\t\t\t\t<\/div>\n\t\t<div class=\"elementor-element elementor-element-6de9333d e-con-full e-flex e-con e-child\" data-id=\"6de9333d\" data-element_type=\"container\" data-e-type=\"container\" data-settings=\"{&quot;background_background&quot;:&quot;classic&quot;}\">\n\t\t<div class=\"elementor-element elementor-element-41a7075e e-con-full e-flex e-con e-child\" data-id=\"41a7075e\" data-element_type=\"container\" data-e-type=\"container\" data-settings=\"{&quot;background_background&quot;:&quot;classic&quot;}\">\n\t\t<div class=\"elementor-element elementor-element-3b85ce91 e-con-full e-flex e-con e-child\" data-id=\"3b85ce91\" data-element_type=\"container\" data-e-type=\"container\" data-settings=\"{&quot;background_background&quot;:&quot;classic&quot;}\">\n\t\t\t\t<div class=\"elementor-element elementor-element-4e68ae3c elementor-widget__width-inherit elementor-widget elementor-widget-heading\" data-id=\"4e68ae3c\" data-element_type=\"widget\" data-e-type=\"widget\" data-widget_type=\"heading.default\">\n\t\t\t\t<div class=\"elementor-widget-container\">\n\t\t\t\t\t<h1 class=\"elementor-heading-title elementor-size-default\">Jos\u00e9e Couture<\/h1>\t\t\t\t<\/div>\n\t\t\t\t<\/div>\n\t\t\t\t<div class=\"elementor-element elementor-element-54e14f75 elementor-widget elementor-widget-heading\" data-id=\"54e14f75\" data-element_type=\"widget\" data-e-type=\"widget\" data-widget_type=\"heading.default\">\n\t\t\t\t<div class=\"elementor-widget-container\">\n\t\t\t\t\t<h2 class=\"elementor-heading-title elementor-size-default\">MSC, PHT<br>Physiotherapist | Owner<\/h2>\t\t\t\t<\/div>\n\t\t\t\t<\/div>\n\t\t<div class=\"elementor-element elementor-element-214eea23 e-con-full e-flex e-con e-child\" data-id=\"214eea23\" data-element_type=\"container\" data-e-type=\"container\">\n\t\t\t\t<div class=\"elementor-element elementor-element-b60c7ad elementor-position-top elementor-widget elementor-widget-image-box\" data-id=\"b60c7ad\" data-element_type=\"widget\" data-e-type=\"widget\" data-widget_type=\"image-box.default\">\n\t\t\t\t<div class=\"elementor-widget-container\">\n\t\t\t\t\t<div class=\"elementor-image-box-wrapper\"><figure class=\"elementor-image-box-img\"><a href=\"https:\/\/physiofamiliale.com\/en\/physiotherapie\/orthopedie-et-blessures-sportives\/\" tabindex=\"-1\"><img decoding=\"async\" width=\"1900\" height=\"1268\" src=\"https:\/\/physiofamiliale.com\/wp-content\/uploads\/2024\/11\/orthopedie-generale.jpg\" class=\"attachment-full size-full wp-image-126288\" alt=\"\" srcset=\"https:\/\/physiofamiliale.com\/wp-content\/uploads\/2024\/11\/orthopedie-generale.jpg 1900w, https:\/\/physiofamiliale.com\/wp-content\/uploads\/2024\/11\/orthopedie-generale-300x200.jpg 300w, https:\/\/physiofamiliale.com\/wp-content\/uploads\/2024\/11\/orthopedie-generale-1024x683.jpg 1024w, https:\/\/physiofamiliale.com\/wp-content\/uploads\/2024\/11\/orthopedie-generale-768x513.jpg 768w, https:\/\/physiofamiliale.com\/wp-content\/uploads\/2024\/11\/orthopedie-generale-1536x1025.jpg 1536w, https:\/\/physiofamiliale.com\/wp-content\/uploads\/2024\/11\/orthopedie-generale-18x12.jpg 18w\" sizes=\"(max-width: 1900px) 100vw, 1900px\" \/><\/a><\/figure><div class=\"elementor-image-box-content\"><h3 class=\"elementor-image-box-title\"><a href=\"https:\/\/physiofamiliale.com\/en\/physiotherapie\/orthopedie-et-blessures-sportives\/\">Orthopedic and Sports Injury<\/a><\/h3><\/div><\/div>\t\t\t\t<\/div>\n\t\t\t\t<\/div>\n\t\t\t\t<div class=\"elementor-element elementor-element-1fbde734 elementor-position-top elementor-widget elementor-widget-image-box\" data-id=\"1fbde734\" data-element_type=\"widget\" data-e-type=\"widget\" data-widget_type=\"image-box.default\">\n\t\t\t\t<div class=\"elementor-widget-container\">\n\t\t\t\t\t<div class=\"elementor-image-box-wrapper\"><figure class=\"elementor-image-box-img\"><a href=\"https:\/\/physiofamiliale.com\/en\/physiotherapie\/pediatrie\/\" tabindex=\"-1\"><img decoding=\"async\" width=\"1600\" height=\"800\" src=\"https:\/\/physiofamiliale.com\/wp-content\/uploads\/2024\/11\/pediat.jpg\" class=\"attachment-full size-full wp-image-125989\" alt=\"\" srcset=\"https:\/\/physiofamiliale.com\/wp-content\/uploads\/2024\/11\/pediat.jpg 1600w, https:\/\/physiofamiliale.com\/wp-content\/uploads\/2024\/11\/pediat-300x150.jpg 300w, https:\/\/physiofamiliale.com\/wp-content\/uploads\/2024\/11\/pediat-1024x512.jpg 1024w, https:\/\/physiofamiliale.com\/wp-content\/uploads\/2024\/11\/pediat-768x384.jpg 768w, https:\/\/physiofamiliale.com\/wp-content\/uploads\/2024\/11\/pediat-1536x768.jpg 1536w, https:\/\/physiofamiliale.com\/wp-content\/uploads\/2024\/11\/pediat-18x9.jpg 18w\" sizes=\"(max-width: 1600px) 100vw, 1600px\" \/><\/a><\/figure><div class=\"elementor-image-box-content\"><h3 class=\"elementor-image-box-title\"><a href=\"https:\/\/physiofamiliale.com\/en\/physiotherapie\/pediatrie\/\">Pediatrics<\/a><\/h3><\/div><\/div>\t\t\t\t<\/div>\n\t\t\t\t<\/div>\n\t\t\t\t<div class=\"elementor-element elementor-element-142f0abe elementor-position-top elementor-widget elementor-widget-image-box\" data-id=\"142f0abe\" data-element_type=\"widget\" data-e-type=\"widget\" data-widget_type=\"image-box.default\">\n\t\t\t\t<div class=\"elementor-widget-container\">\n\t\t\t\t\t<div class=\"elementor-image-box-wrapper\"><figure class=\"elementor-image-box-img\"><a href=\"https:\/\/physiofamiliale.com\/en\/physiotherapie\/commotion-cerebrale\/\" tabindex=\"-1\"><img loading=\"lazy\" decoding=\"async\" width=\"1200\" height=\"600\" src=\"https:\/\/physiofamiliale.com\/wp-content\/uploads\/2024\/10\/commotion.jpg\" class=\"attachment-full size-full wp-image-124733\" alt=\"\" srcset=\"https:\/\/physiofamiliale.com\/wp-content\/uploads\/2024\/10\/commotion.jpg 1200w, https:\/\/physiofamiliale.com\/wp-content\/uploads\/2024\/10\/commotion-300x150.jpg 300w, https:\/\/physiofamiliale.com\/wp-content\/uploads\/2024\/10\/commotion-1024x512.jpg 1024w, https:\/\/physiofamiliale.com\/wp-content\/uploads\/2024\/10\/commotion-768x384.jpg 768w, https:\/\/physiofamiliale.com\/wp-content\/uploads\/2024\/10\/commotion-18x9.jpg 18w\" sizes=\"(max-width: 1200px) 100vw, 1200px\" \/><\/a><\/figure><div class=\"elementor-image-box-content\"><h3 class=\"elementor-image-box-title\"><a href=\"https:\/\/physiofamiliale.com\/en\/physiotherapie\/commotion-cerebrale\/\">Concussions<\/a><\/h3><\/div><\/div>\t\t\t\t<\/div>\n\t\t\t\t<\/div>\n\t\t\t\t<div class=\"elementor-element elementor-element-adac086 elementor-position-top elementor-widget elementor-widget-image-box\" data-id=\"adac086\" data-element_type=\"widget\" data-e-type=\"widget\" data-widget_type=\"image-box.default\">\n\t\t\t\t<div class=\"elementor-widget-container\">\n\t\t\t\t\t<div class=\"elementor-image-box-wrapper\"><figure class=\"elementor-image-box-img\"><a href=\"https:\/\/physiofamiliale.com\/en\/physiotherapie\/maux-de-tete-et-cephalees\/\" tabindex=\"-1\"><img loading=\"lazy\" decoding=\"async\" width=\"1600\" height=\"800\" src=\"https:\/\/physiofamiliale.com\/wp-content\/uploads\/2024\/11\/cerebrale.jpg\" class=\"attachment-full size-full wp-image-125981\" alt=\"\" srcset=\"https:\/\/physiofamiliale.com\/wp-content\/uploads\/2024\/11\/cerebrale.jpg 1600w, https:\/\/physiofamiliale.com\/wp-content\/uploads\/2024\/11\/cerebrale-300x150.jpg 300w, https:\/\/physiofamiliale.com\/wp-content\/uploads\/2024\/11\/cerebrale-1024x512.jpg 1024w, https:\/\/physiofamiliale.com\/wp-content\/uploads\/2024\/11\/cerebrale-768x384.jpg 768w, https:\/\/physiofamiliale.com\/wp-content\/uploads\/2024\/11\/cerebrale-1536x768.jpg 1536w, https:\/\/physiofamiliale.com\/wp-content\/uploads\/2024\/11\/cerebrale-18x9.jpg 18w\" sizes=\"(max-width: 1600px) 100vw, 1600px\" \/><\/a><\/figure><div class=\"elementor-image-box-content\"><h3 class=\"elementor-image-box-title\"><a href=\"https:\/\/physiofamiliale.com\/en\/physiotherapie\/maux-de-tete-et-cephalees\/\">Headaches &amp; Migraines<\/a><\/h3><\/div><\/div>\t\t\t\t<\/div>\n\t\t\t\t<\/div>\n\t\t\t\t<div class=\"elementor-element elementor-element-3c85aaf elementor-position-top elementor-widget elementor-widget-image-box\" data-id=\"3c85aaf\" data-element_type=\"widget\" data-e-type=\"widget\" data-widget_type=\"image-box.default\">\n\t\t\t\t<div class=\"elementor-widget-container\">\n\t\t\t\t\t<div class=\"elementor-image-box-wrapper\"><figure class=\"elementor-image-box-img\"><a href=\"https:\/\/physiofamiliale.com\/en\/physiotherapie\/punctures-physiotherapiques-avec-aiguilles-seches-ppas\/\" tabindex=\"-1\"><img loading=\"lazy\" decoding=\"async\" width=\"1376\" height=\"917\" src=\"https:\/\/physiofamiliale.com\/wp-content\/uploads\/2024\/12\/dry-needling.jpg\" class=\"attachment-full size-full wp-image-126692\" alt=\"\" srcset=\"https:\/\/physiofamiliale.com\/wp-content\/uploads\/2024\/12\/dry-needling.jpg 1376w, https:\/\/physiofamiliale.com\/wp-content\/uploads\/2024\/12\/dry-needling-300x200.jpg 300w, https:\/\/physiofamiliale.com\/wp-content\/uploads\/2024\/12\/dry-needling-1024x682.jpg 1024w, https:\/\/physiofamiliale.com\/wp-content\/uploads\/2024\/12\/dry-needling-768x512.jpg 768w, https:\/\/physiofamiliale.com\/wp-content\/uploads\/2024\/12\/dry-needling-18x12.jpg 18w\" sizes=\"(max-width: 1376px) 100vw, 1376px\" \/><\/a><\/figure><div class=\"elementor-image-box-content\"><h3 class=\"elementor-image-box-title\"><a href=\"https:\/\/physiofamiliale.com\/en\/physiotherapie\/punctures-physiotherapiques-avec-aiguilles-seches-ppas\/\">Dry Needling<\/a><\/h3><\/div><\/div>\t\t\t\t<\/div>\n\t\t\t\t<\/div>\n\t\t\t\t<div class=\"elementor-element elementor-element-642a41e elementor-position-top elementor-widget elementor-widget-image-box\" data-id=\"642a41e\" data-element_type=\"widget\" data-e-type=\"widget\" data-widget_type=\"image-box.default\">\n\t\t\t\t<div class=\"elementor-widget-container\">\n\t\t\t\t\t<div class=\"elementor-image-box-wrapper\"><figure class=\"elementor-image-box-img\"><a href=\"https:\/\/physiofamiliale.com\/en\/physiotherapie\/shockwave\/\" tabindex=\"-1\"><img loading=\"lazy\" decoding=\"async\" width=\"1200\" height=\"600\" src=\"https:\/\/physiofamiliale.com\/wp-content\/uploads\/2024\/10\/shock.jpg\" class=\"attachment-full size-full wp-image-124741\" alt=\"\" srcset=\"https:\/\/physiofamiliale.com\/wp-content\/uploads\/2024\/10\/shock.jpg 1200w, https:\/\/physiofamiliale.com\/wp-content\/uploads\/2024\/10\/shock-300x150.jpg 300w, https:\/\/physiofamiliale.com\/wp-content\/uploads\/2024\/10\/shock-1024x512.jpg 1024w, https:\/\/physiofamiliale.com\/wp-content\/uploads\/2024\/10\/shock-768x384.jpg 768w, https:\/\/physiofamiliale.com\/wp-content\/uploads\/2024\/10\/shock-18x9.jpg 18w\" sizes=\"(max-width: 1200px) 100vw, 1200px\" \/><\/a><\/figure><div class=\"elementor-image-box-content\"><h3 class=\"elementor-image-box-title\"><a href=\"https:\/\/physiofamiliale.com\/en\/physiotherapie\/shockwave\/\">Shockwave therapy<\/a><\/h3><\/div><\/div>\t\t\t\t<\/div>\n\t\t\t\t<\/div>\n\t\t\t\t<\/div>\n\t\t\t\t<\/div>\n\t\t<div class=\"elementor-element elementor-element-2664320e e-con-full e-flex e-con e-child\" data-id=\"2664320e\" data-element_type=\"container\" data-e-type=\"container\" data-settings=\"{&quot;background_background&quot;:&quot;classic&quot;}\">\n\t\t<div class=\"elementor-element elementor-element-1b4824e2 e-con-full e-flex e-con e-child\" data-id=\"1b4824e2\" data-element_type=\"container\" data-e-type=\"container\">\n\t\t\t\t<div class=\"elementor-element elementor-element-9e19e23 elementor-widget elementor-widget-heading\" data-id=\"9e19e23\" data-element_type=\"widget\" data-e-type=\"widget\" data-widget_type=\"heading.default\">\n\t\t\t\t<div class=\"elementor-widget-container\">\n\t\t\t\t\t<h2 class=\"elementor-heading-title elementor-size-default\">Education<\/h2>\t\t\t\t<\/div>\n\t\t\t\t<\/div>\n\t\t\t\t<div class=\"elementor-element elementor-element-d302b6c elementor-icon-list--layout-traditional elementor-list-item-link-full_width elementor-widget elementor-widget-icon-list\" data-id=\"d302b6c\" data-element_type=\"widget\" data-e-type=\"widget\" data-widget_type=\"icon-list.default\">\n\t\t\t\t<div class=\"elementor-widget-container\">\n\t\t\t\t\t\t\t<ul class=\"elementor-icon-list-items\">\n\t\t\t\t\t\t\t<li class=\"elementor-icon-list-item\">\n\t\t\t\t\t\t\t\t\t\t\t<span class=\"elementor-icon-list-icon\">\n\t\t\t\t\t\t\t<i aria-hidden=\"true\" class=\"fas fa-angle-right\"><\/i>\t\t\t\t\t\t<\/span>\n\t\t\t\t\t\t\t\t\t\t<span class=\"elementor-icon-list-text\">Certification in Physiotherapy Dry Needling (PPAS)<\/span>\n\t\t\t\t\t\t\t\t\t<\/li>\n\t\t\t\t\t\t\t\t<li class=\"elementor-icon-list-item\">\n\t\t\t\t\t\t\t\t\t\t\t<span class=\"elementor-icon-list-icon\">\n\t\t\t\t\t\t\t<i aria-hidden=\"true\" class=\"fas fa-angle-right\"><\/i>\t\t\t\t\t\t<\/span>\n\t\t\t\t\t\t\t\t\t\t<span class=\"elementor-icon-list-text\">Master\u2019s Degree in Physiotherapy, University of Ottawa, 2011<\/span>\n\t\t\t\t\t\t\t\t\t<\/li>\n\t\t\t\t\t\t\t\t<li class=\"elementor-icon-list-item\">\n\t\t\t\t\t\t\t\t\t\t\t<span class=\"elementor-icon-list-icon\">\n\t\t\t\t\t\t\t<i aria-hidden=\"true\" class=\"fas fa-angle-right\"><\/i>\t\t\t\t\t\t<\/span>\n\t\t\t\t\t\t\t\t\t\t<span class=\"elementor-icon-list-text\">Bachelor\u2019s in Health Sciences (B.Sc.San), specialization with a minor in Gerontology, University of Ottawa, 2009<\/span>\n\t\t\t\t\t\t\t\t\t<\/li>\n\t\t\t\t\t\t\t\t<li class=\"elementor-icon-list-item\">\n\t\t\t\t\t\t\t\t\t\t\t<span class=\"elementor-icon-list-icon\">\n\t\t\t\t\t\t\t<i aria-hidden=\"true\" class=\"fas fa-angle-right\"><\/i>\t\t\t\t\t\t<\/span>\n\t\t\t\t\t\t\t\t\t\t<span class=\"elementor-icon-list-text\">Member of the Canadian Ski Patrol<\/span>\n\t\t\t\t\t\t\t\t\t<\/li>\n\t\t\t\t\t\t<\/ul>\n\t\t\t\t\t\t<\/div>\n\t\t\t\t<\/div>\n\t\t\t\t<\/div>\n\t\t<div class=\"elementor-element elementor-element-6675c922 e-con-full e-flex e-con e-child\" data-id=\"6675c922\" data-element_type=\"container\" data-e-type=\"container\">\n\t\t\t\t<div class=\"elementor-element elementor-element-398960b8 elementor-widget elementor-widget-heading\" data-id=\"398960b8\" data-element_type=\"widget\" data-e-type=\"widget\" data-widget_type=\"heading.default\">\n\t\t\t\t<div class=\"elementor-widget-container\">\n\t\t\t\t\t<h2 class=\"elementor-heading-title elementor-size-default\">Interests<\/h2>\t\t\t\t<\/div>\n\t\t\t\t<\/div>\n\t\t\t\t<div class=\"elementor-element elementor-element-54dec9fc elementor-position-left elementor-vertical-align-middle elementor-widget elementor-widget-image-box\" data-id=\"54dec9fc\" data-element_type=\"widget\" data-e-type=\"widget\" data-widget_type=\"image-box.default\">\n\t\t\t\t<div class=\"elementor-widget-container\">\n\t\t\t\t\t<div class=\"elementor-image-box-wrapper\"><figure class=\"elementor-image-box-img\"><img loading=\"lazy\" decoding=\"async\" width=\"85\" height=\"85\" src=\"https:\/\/physiofamiliale.com\/wp-content\/uploads\/2024\/11\/skiing.png\" class=\"attachment-full size-full wp-image-125555\" alt=\"\" srcset=\"https:\/\/physiofamiliale.com\/wp-content\/uploads\/2024\/11\/skiing.png 85w, https:\/\/physiofamiliale.com\/wp-content\/uploads\/2024\/11\/skiing-12x12.png 12w\" sizes=\"(max-width: 85px) 100vw, 85px\" \/><\/figure><div class=\"elementor-image-box-content\"><h3 class=\"elementor-image-box-title\">Skiing<\/h3><\/div><\/div>\t\t\t\t<\/div>\n\t\t\t\t<\/div>\n\t\t\t\t<div class=\"elementor-element elementor-element-7959f02d elementor-position-left elementor-vertical-align-middle elementor-widget elementor-widget-image-box\" data-id=\"7959f02d\" data-element_type=\"widget\" data-e-type=\"widget\" data-widget_type=\"image-box.default\">\n\t\t\t\t<div class=\"elementor-widget-container\">\n\t\t\t\t\t<div class=\"elementor-image-box-wrapper\"><figure class=\"elementor-image-box-img\"><img loading=\"lazy\" decoding=\"async\" width=\"85\" height=\"85\" src=\"https:\/\/physiofamiliale.com\/wp-content\/uploads\/2024\/11\/board.png\" class=\"attachment-full size-full wp-image-125545\" alt=\"\" srcset=\"https:\/\/physiofamiliale.com\/wp-content\/uploads\/2024\/11\/board.png 85w, https:\/\/physiofamiliale.com\/wp-content\/uploads\/2024\/11\/board-12x12.png 12w\" sizes=\"(max-width: 85px) 100vw, 85px\" \/><\/figure><div class=\"elementor-image-box-content\"><h3 class=\"elementor-image-box-title\">Kite surfing<\/h3><\/div><\/div>\t\t\t\t<\/div>\n\t\t\t\t<\/div>\n\t\t\t\t<div class=\"elementor-element elementor-element-fd7b21d elementor-position-left elementor-vertical-align-middle elementor-widget elementor-widget-image-box\" data-id=\"fd7b21d\" data-element_type=\"widget\" data-e-type=\"widget\" data-widget_type=\"image-box.default\">\n\t\t\t\t<div class=\"elementor-widget-container\">\n\t\t\t\t\t<div class=\"elementor-image-box-wrapper\"><figure class=\"elementor-image-box-img\"><img loading=\"lazy\" decoding=\"async\" width=\"85\" height=\"85\" src=\"https:\/\/physiofamiliale.com\/wp-content\/uploads\/2024\/11\/run.png\" class=\"attachment-full size-full wp-image-125554\" alt=\"\" srcset=\"https:\/\/physiofamiliale.com\/wp-content\/uploads\/2024\/11\/run.png 85w, https:\/\/physiofamiliale.com\/wp-content\/uploads\/2024\/11\/run-12x12.png 12w\" sizes=\"(max-width: 85px) 100vw, 85px\" \/><\/figure><div class=\"elementor-image-box-content\"><h3 class=\"elementor-image-box-title\">Hiking<\/h3><\/div><\/div>\t\t\t\t<\/div>\n\t\t\t\t<\/div>\n\t\t\t\t<div class=\"elementor-element elementor-element-2c4ee15 elementor-position-left elementor-vertical-align-middle elementor-widget elementor-widget-image-box\" data-id=\"2c4ee15\" data-element_type=\"widget\" data-e-type=\"widget\" data-widget_type=\"image-box.default\">\n\t\t\t\t<div class=\"elementor-widget-container\">\n\t\t\t\t\t<div class=\"elementor-image-box-wrapper\"><figure class=\"elementor-image-box-img\"><img loading=\"lazy\" decoding=\"async\" width=\"85\" height=\"85\" src=\"https:\/\/physiofamiliale.com\/wp-content\/uploads\/2024\/11\/kayak-1.png\" class=\"attachment-full size-full wp-image-125551\" alt=\"\" srcset=\"https:\/\/physiofamiliale.com\/wp-content\/uploads\/2024\/11\/kayak-1.png 85w, https:\/\/physiofamiliale.com\/wp-content\/uploads\/2024\/11\/kayak-1-12x12.png 12w\" sizes=\"(max-width: 85px) 100vw, 85px\" \/><\/figure><div class=\"elementor-image-box-content\"><h3 class=\"elementor-image-box-title\">Kayaking<\/h3><\/div><\/div>\t\t\t\t<\/div>\n\t\t\t\t<\/div>\n\t\t\t\t<\/div>\n\t\t\t\t<\/div>\n\t\t\t\t<\/div>\n\t\t\t\t<\/div>\n\t\t\t\t\t<\/div>\n\t\t\t\t<\/div>\n\t\t\t\t<\/div>","protected":false},"excerpt":{"rendered":"<p>Voir L&rsquo;\u00e9quipe MSC, PHTPhysioth\u00e9rapeute | Propri\u00e9taire Orthop\u00e9die et blessures sportives P\u00e9diatrie Commotion c\u00e9r\u00e9brale C\u00e9phal\u00e9es et Migraines Aiguilles s\u00e8ches Shockwave \u00c9tudes Attestation pour Puncture Physioth\u00e9rapique avec Aiguilles S\u00e8ches (PPAS) D\u00eeplome de Ma\u00eetrise en Physioth\u00e9rapie, Universit\u00e9 d\u2019Ottawa, 2011 Baccalaur\u00e9at sp\u00e9cialis\u00e9 en sciences de la sant\u00e9 (B.Sc.San) avec mineure en g\u00e9rontologie, Universit\u00e9 d\u2019Ottawa, 2009. Membre de la Patrouille [&hellip;]<\/p>\n","protected":false},"author":1,"featured_media":0,"parent":25,"menu_order":0,"comment_status":"closed","ping_status":"closed","template":"","meta":{"_seopress_robots_primary_cat":"","_seopress_titles_title":"","_seopress_titles_desc":"","_seopress_robots_index":"","footnotes":""},"class_list":["post-124298","page","type-page","status-publish","hentry"],"_links":{"self":[{"href":"https:\/\/physiofamiliale.com\/en\/wp-json\/wp\/v2\/pages\/124298","targetHints":{"allow":["GET"]}}],"collection":[{"href":"https:\/\/physiofamiliale.com\/en\/wp-json\/wp\/v2\/pages"}],"about":[{"href":"https:\/\/physiofamiliale.com\/en\/wp-json\/wp\/v2\/types\/page"}],"author":[{"embeddable":true,"href":"https:\/\/physiofamiliale.com\/en\/wp-json\/wp\/v2\/users\/1"}],"replies":[{"embeddable":true,"href":"https:\/\/physiofamiliale.com\/en\/wp-json\/wp\/v2\/comments?post=124298"}],"version-history":[{"count":13,"href":"https:\/\/physiofamiliale.com\/en\/wp-json\/wp\/v2\/pages\/124298\/revisions"}],"predecessor-version":[{"id":146722,"href":"https:\/\/physiofamiliale.com\/en\/wp-json\/wp\/v2\/pages\/124298\/revisions\/146722"}],"up":[{"embeddable":true,"href":"https:\/\/physiofamiliale.com\/en\/wp-json\/wp\/v2\/pages\/25"}],"wp:attachment":[{"href":"https:\/\/physiofamiliale.com\/en\/wp-json\/wp\/v2\/media?parent=124298"}],"curies":[{"name":"wp","href":"https:\/\/api.w.org\/{rel}","templated":true}]}}