{"id":124313,"date":"2024-10-24T10:24:11","date_gmt":"2024-10-24T14:24:11","guid":{"rendered":"https:\/\/physiofamiliale.worryfreeweb.ca\/?page_id=124313"},"modified":"2024-12-03T16:31:48","modified_gmt":"2024-12-03T20:31:48","slug":"marie-gagneur","status":"publish","type":"page","link":"https:\/\/physiofamiliale.com\/en\/notre-equipe\/marie-gagneur\/","title":{"rendered":"Marie Gagneur"},"content":{"rendered":"<div data-elementor-type=\"wp-page\" data-elementor-id=\"124313\" class=\"elementor elementor-124313\" data-elementor-post-type=\"page\">\n\t\t\t\t<div class=\"elementor-element elementor-element-57395842 e-flex e-con-boxed e-con e-parent\" data-id=\"57395842\" data-element_type=\"container\" data-e-type=\"container\" data-settings=\"{&quot;background_background&quot;:&quot;classic&quot;}\">\n\t\t\t\t\t<div class=\"e-con-inner\">\n\t\t<div class=\"elementor-element elementor-element-4e74fa06 e-con-full e-flex e-con e-child\" data-id=\"4e74fa06\" data-element_type=\"container\" data-e-type=\"container\" data-settings=\"{&quot;background_background&quot;:&quot;classic&quot;}\">\n\t\t\t\t<div class=\"elementor-element elementor-element-3b97785c elementor-widget elementor-widget-image\" data-id=\"3b97785c\" data-element_type=\"widget\" data-e-type=\"widget\" data-widget_type=\"image.default\">\n\t\t\t\t<div class=\"elementor-widget-container\">\n\t\t\t\t\t\t\t\t\t\t\t\t\t\t\t<img fetchpriority=\"high\" decoding=\"async\" width=\"683\" height=\"1024\" src=\"https:\/\/physiofamiliale.com\/wp-content\/uploads\/2024\/11\/marie-683x1024.jpg\" class=\"attachment-large size-large wp-image-125157\" alt=\"\" srcset=\"https:\/\/physiofamiliale.com\/wp-content\/uploads\/2024\/11\/marie-683x1024.jpg 683w, https:\/\/physiofamiliale.com\/wp-content\/uploads\/2024\/11\/marie-200x300.jpg 200w, https:\/\/physiofamiliale.com\/wp-content\/uploads\/2024\/11\/marie-768x1152.jpg 768w, https:\/\/physiofamiliale.com\/wp-content\/uploads\/2024\/11\/marie-8x12.jpg 8w, https:\/\/physiofamiliale.com\/wp-content\/uploads\/2024\/11\/marie.jpg 800w\" sizes=\"(max-width: 683px) 100vw, 683px\" \/>\t\t\t\t\t\t\t\t\t\t\t\t\t\t\t<\/div>\n\t\t\t\t<\/div>\n\t\t\t\t<div class=\"elementor-element elementor-element-4945d26 elementor-align-justify elementor-widget__width-inherit elementor-widget elementor-widget-button\" data-id=\"4945d26\" data-element_type=\"widget\" data-e-type=\"widget\" data-widget_type=\"button.default\">\n\t\t\t\t<div class=\"elementor-widget-container\">\n\t\t\t\t\t\t\t\t\t<div class=\"elementor-button-wrapper\">\n\t\t\t\t\t<a class=\"elementor-button elementor-button-link elementor-size-sm\" href=\"https:\/\/physiofamiliale.com\/en\/notre-equipe\/\">\n\t\t\t\t\t\t<span class=\"elementor-button-content-wrapper\">\n\t\t\t\t\t\t<span class=\"elementor-button-icon\">\n\t\t\t\t<i aria-hidden=\"true\" class=\"fas fa-arrow-circle-left\"><\/i>\t\t\t<\/span>\n\t\t\t\t\t\t\t\t\t<span class=\"elementor-button-text\">SEE OUR TEAM<\/span>\n\t\t\t\t\t<\/span>\n\t\t\t\t\t<\/a>\n\t\t\t\t<\/div>\n\t\t\t\t\t\t\t\t<\/div>\n\t\t\t\t<\/div>\n\t\t\t\t<\/div>\n\t\t<div class=\"elementor-element elementor-element-5b337ab e-con-full e-flex e-con e-child\" data-id=\"5b337ab\" data-element_type=\"container\" data-e-type=\"container\" data-settings=\"{&quot;background_background&quot;:&quot;classic&quot;}\">\n\t\t<div class=\"elementor-element elementor-element-4998b06 e-con-full e-flex e-con e-child\" data-id=\"4998b06\" data-element_type=\"container\" data-e-type=\"container\" data-settings=\"{&quot;background_background&quot;:&quot;classic&quot;}\">\n\t\t<div class=\"elementor-element elementor-element-2895244f e-con-full e-flex e-con e-child\" data-id=\"2895244f\" data-element_type=\"container\" data-e-type=\"container\" data-settings=\"{&quot;background_background&quot;:&quot;classic&quot;}\">\n\t\t\t\t<div class=\"elementor-element elementor-element-2395dab8 elementor-widget__width-inherit elementor-widget elementor-widget-heading\" data-id=\"2395dab8\" data-element_type=\"widget\" data-e-type=\"widget\" data-widget_type=\"heading.default\">\n\t\t\t\t<div class=\"elementor-widget-container\">\n\t\t\t\t\t<h1 class=\"elementor-heading-title elementor-size-default\">Marie Gagneur<\/h1>\t\t\t\t<\/div>\n\t\t\t\t<\/div>\n\t\t\t\t<div class=\"elementor-element elementor-element-307772aa elementor-widget elementor-widget-heading\" data-id=\"307772aa\" data-element_type=\"widget\" data-e-type=\"widget\" data-widget_type=\"heading.default\">\n\t\t\t\t<div class=\"elementor-widget-container\">\n\t\t\t\t\t<h2 class=\"elementor-heading-title elementor-size-default\">MSC, PHT<br>\nPhysiotherapist<\/h2>\t\t\t\t<\/div>\n\t\t\t\t<\/div>\n\t\t<div class=\"elementor-element elementor-element-592bca02 e-con-full e-flex e-con e-child\" data-id=\"592bca02\" data-element_type=\"container\" data-e-type=\"container\">\n\t\t\t\t<div class=\"elementor-element elementor-element-a841f70 elementor-position-top elementor-widget elementor-widget-image-box\" data-id=\"a841f70\" data-element_type=\"widget\" data-e-type=\"widget\" data-widget_type=\"image-box.default\">\n\t\t\t\t<div class=\"elementor-widget-container\">\n\t\t\t\t\t<div class=\"elementor-image-box-wrapper\"><figure class=\"elementor-image-box-img\"><a href=\"https:\/\/physiofamiliale.com\/en\/physiotherapie\/douleur-chronique\/\" tabindex=\"-1\"><img decoding=\"async\" width=\"1600\" height=\"800\" src=\"https:\/\/physiofamiliale.com\/wp-content\/uploads\/2024\/11\/chronic.jpg\" class=\"attachment-full size-full wp-image-125982\" alt=\"\" srcset=\"https:\/\/physiofamiliale.com\/wp-content\/uploads\/2024\/11\/chronic.jpg 1600w, https:\/\/physiofamiliale.com\/wp-content\/uploads\/2024\/11\/chronic-300x150.jpg 300w, https:\/\/physiofamiliale.com\/wp-content\/uploads\/2024\/11\/chronic-1024x512.jpg 1024w, https:\/\/physiofamiliale.com\/wp-content\/uploads\/2024\/11\/chronic-768x384.jpg 768w, https:\/\/physiofamiliale.com\/wp-content\/uploads\/2024\/11\/chronic-1536x768.jpg 1536w, https:\/\/physiofamiliale.com\/wp-content\/uploads\/2024\/11\/chronic-18x9.jpg 18w\" sizes=\"(max-width: 1600px) 100vw, 1600px\" \/><\/a><\/figure><div class=\"elementor-image-box-content\"><h3 class=\"elementor-image-box-title\"><a href=\"https:\/\/physiofamiliale.com\/en\/physiotherapie\/douleur-chronique\/\">Chronic Pain<\/a><\/h3><\/div><\/div>\t\t\t\t<\/div>\n\t\t\t\t<\/div>\n\t\t\t\t<div class=\"elementor-element elementor-element-8dff89d elementor-position-top elementor-widget elementor-widget-image-box\" data-id=\"8dff89d\" data-element_type=\"widget\" data-e-type=\"widget\" data-widget_type=\"image-box.default\">\n\t\t\t\t<div class=\"elementor-widget-container\">\n\t\t\t\t\t<div class=\"elementor-image-box-wrapper\"><figure class=\"elementor-image-box-img\"><a href=\"https:\/\/physiofamiliale.com\/en\/physiotherapie\/articulation-temporo-mandibulaire\/\" tabindex=\"-1\"><img decoding=\"async\" width=\"1379\" height=\"917\" src=\"https:\/\/physiofamiliale.com\/wp-content\/uploads\/2024\/12\/atm.jpg\" class=\"attachment-full size-full wp-image-126697\" alt=\"\" srcset=\"https:\/\/physiofamiliale.com\/wp-content\/uploads\/2024\/12\/atm.jpg 1379w, https:\/\/physiofamiliale.com\/wp-content\/uploads\/2024\/12\/atm-300x199.jpg 300w, https:\/\/physiofamiliale.com\/wp-content\/uploads\/2024\/12\/atm-1024x681.jpg 1024w, https:\/\/physiofamiliale.com\/wp-content\/uploads\/2024\/12\/atm-768x511.jpg 768w, https:\/\/physiofamiliale.com\/wp-content\/uploads\/2024\/12\/atm-18x12.jpg 18w\" sizes=\"(max-width: 1379px) 100vw, 1379px\" \/><\/a><\/figure><div class=\"elementor-image-box-content\"><h3 class=\"elementor-image-box-title\"><a href=\"https:\/\/physiofamiliale.com\/en\/physiotherapie\/articulation-temporo-mandibulaire\/\">Temporomandibular Joint (TMJ)<\/a><\/h3><\/div><\/div>\t\t\t\t<\/div>\n\t\t\t\t<\/div>\n\t\t\t\t<div class=\"elementor-element elementor-element-7f6826ff elementor-position-top elementor-widget elementor-widget-image-box\" data-id=\"7f6826ff\" data-element_type=\"widget\" data-e-type=\"widget\" data-widget_type=\"image-box.default\">\n\t\t\t\t<div class=\"elementor-widget-container\">\n\t\t\t\t\t<div class=\"elementor-image-box-wrapper\"><figure class=\"elementor-image-box-img\"><a href=\"https:\/\/physiofamiliale.com\/en\/physiotherapie\/vestibulaire\/\" tabindex=\"-1\"><img loading=\"lazy\" decoding=\"async\" width=\"1600\" height=\"800\" src=\"https:\/\/physiofamiliale.com\/wp-content\/uploads\/2024\/11\/vest.jpg\" class=\"attachment-full size-full wp-image-125993\" alt=\"\" srcset=\"https:\/\/physiofamiliale.com\/wp-content\/uploads\/2024\/11\/vest.jpg 1600w, https:\/\/physiofamiliale.com\/wp-content\/uploads\/2024\/11\/vest-300x150.jpg 300w, https:\/\/physiofamiliale.com\/wp-content\/uploads\/2024\/11\/vest-1024x512.jpg 1024w, https:\/\/physiofamiliale.com\/wp-content\/uploads\/2024\/11\/vest-768x384.jpg 768w, https:\/\/physiofamiliale.com\/wp-content\/uploads\/2024\/11\/vest-1536x768.jpg 1536w, https:\/\/physiofamiliale.com\/wp-content\/uploads\/2024\/11\/vest-18x9.jpg 18w\" sizes=\"(max-width: 1600px) 100vw, 1600px\" \/><\/a><\/figure><div class=\"elementor-image-box-content\"><h3 class=\"elementor-image-box-title\"><a href=\"https:\/\/physiofamiliale.com\/en\/physiotherapie\/vestibulaire\/\">Vestibular<\/a><\/h3><\/div><\/div>\t\t\t\t<\/div>\n\t\t\t\t<\/div>\n\t\t\t\t<div class=\"elementor-element elementor-element-e37d461 elementor-position-top elementor-widget elementor-widget-image-box\" data-id=\"e37d461\" data-element_type=\"widget\" data-e-type=\"widget\" data-widget_type=\"image-box.default\">\n\t\t\t\t<div class=\"elementor-widget-container\">\n\t\t\t\t\t<div class=\"elementor-image-box-wrapper\"><figure class=\"elementor-image-box-img\"><a href=\"https:\/\/physiofamiliale.com\/en\/physiotherapie\/accident-de-la-route-saaq\/\" tabindex=\"-1\"><img loading=\"lazy\" decoding=\"async\" width=\"1375\" height=\"917\" src=\"https:\/\/physiofamiliale.com\/wp-content\/uploads\/2024\/12\/saaq2.jpg\" class=\"attachment-full size-full wp-image-126693\" alt=\"\" srcset=\"https:\/\/physiofamiliale.com\/wp-content\/uploads\/2024\/12\/saaq2.jpg 1375w, https:\/\/physiofamiliale.com\/wp-content\/uploads\/2024\/12\/saaq2-300x200.jpg 300w, https:\/\/physiofamiliale.com\/wp-content\/uploads\/2024\/12\/saaq2-1024x683.jpg 1024w, https:\/\/physiofamiliale.com\/wp-content\/uploads\/2024\/12\/saaq2-768x512.jpg 768w, https:\/\/physiofamiliale.com\/wp-content\/uploads\/2024\/12\/saaq2-18x12.jpg 18w\" sizes=\"(max-width: 1375px) 100vw, 1375px\" \/><\/a><\/figure><div class=\"elementor-image-box-content\"><h3 class=\"elementor-image-box-title\"><a href=\"https:\/\/physiofamiliale.com\/en\/physiotherapie\/accident-de-la-route-saaq\/\">SAAQ<\/a><\/h3><\/div><\/div>\t\t\t\t<\/div>\n\t\t\t\t<\/div>\n\t\t\t\t<div class=\"elementor-element elementor-element-10f3300 elementor-position-top elementor-widget elementor-widget-image-box\" data-id=\"10f3300\" data-element_type=\"widget\" data-e-type=\"widget\" data-widget_type=\"image-box.default\">\n\t\t\t\t<div class=\"elementor-widget-container\">\n\t\t\t\t\t<div class=\"elementor-image-box-wrapper\"><figure class=\"elementor-image-box-img\"><a href=\"https:\/\/physiofamiliale.com\/en\/physiotherapie\/shockwave\/\" tabindex=\"-1\"><img loading=\"lazy\" decoding=\"async\" width=\"1200\" height=\"600\" src=\"https:\/\/physiofamiliale.com\/wp-content\/uploads\/2024\/10\/shock.jpg\" class=\"attachment-full size-full wp-image-124741\" alt=\"\" srcset=\"https:\/\/physiofamiliale.com\/wp-content\/uploads\/2024\/10\/shock.jpg 1200w, https:\/\/physiofamiliale.com\/wp-content\/uploads\/2024\/10\/shock-300x150.jpg 300w, https:\/\/physiofamiliale.com\/wp-content\/uploads\/2024\/10\/shock-1024x512.jpg 1024w, https:\/\/physiofamiliale.com\/wp-content\/uploads\/2024\/10\/shock-768x384.jpg 768w, https:\/\/physiofamiliale.com\/wp-content\/uploads\/2024\/10\/shock-18x9.jpg 18w\" sizes=\"(max-width: 1200px) 100vw, 1200px\" \/><\/a><\/figure><div class=\"elementor-image-box-content\"><h3 class=\"elementor-image-box-title\"><a href=\"https:\/\/physiofamiliale.com\/en\/physiotherapie\/shockwave\/\">Shockwave therapy<\/a><\/h3><\/div><\/div>\t\t\t\t<\/div>\n\t\t\t\t<\/div>\n\t\t\t\t<div class=\"elementor-element elementor-element-b492876 elementor-position-top elementor-widget elementor-widget-image-box\" data-id=\"b492876\" data-element_type=\"widget\" data-e-type=\"widget\" data-widget_type=\"image-box.default\">\n\t\t\t\t<div class=\"elementor-widget-container\">\n\t\t\t\t\t<div class=\"elementor-image-box-wrapper\"><figure class=\"elementor-image-box-img\"><a href=\"https:\/\/physiofamiliale.com\/en\/physiotherapie\/punctures-physiotherapiques-avec-aiguilles-seches-ppas\/\" tabindex=\"-1\"><img loading=\"lazy\" decoding=\"async\" width=\"1376\" height=\"917\" src=\"https:\/\/physiofamiliale.com\/wp-content\/uploads\/2024\/12\/dry-needling.jpg\" class=\"attachment-full size-full wp-image-126692\" alt=\"\" srcset=\"https:\/\/physiofamiliale.com\/wp-content\/uploads\/2024\/12\/dry-needling.jpg 1376w, https:\/\/physiofamiliale.com\/wp-content\/uploads\/2024\/12\/dry-needling-300x200.jpg 300w, https:\/\/physiofamiliale.com\/wp-content\/uploads\/2024\/12\/dry-needling-1024x682.jpg 1024w, https:\/\/physiofamiliale.com\/wp-content\/uploads\/2024\/12\/dry-needling-768x512.jpg 768w, https:\/\/physiofamiliale.com\/wp-content\/uploads\/2024\/12\/dry-needling-18x12.jpg 18w\" sizes=\"(max-width: 1376px) 100vw, 1376px\" \/><\/a><\/figure><div class=\"elementor-image-box-content\"><h3 class=\"elementor-image-box-title\"><a href=\"https:\/\/physiofamiliale.com\/en\/physiotherapie\/punctures-physiotherapiques-avec-aiguilles-seches-ppas\/\">Dry Needling<\/a><\/h3><\/div><\/div>\t\t\t\t<\/div>\n\t\t\t\t<\/div>\n\t\t\t\t<\/div>\n\t\t\t\t<\/div>\n\t\t<div class=\"elementor-element elementor-element-256db0db e-con-full e-flex e-con e-child\" data-id=\"256db0db\" data-element_type=\"container\" data-e-type=\"container\" data-settings=\"{&quot;background_background&quot;:&quot;classic&quot;}\">\n\t\t<div class=\"elementor-element elementor-element-ce39ee2 e-con-full e-flex e-con e-child\" data-id=\"ce39ee2\" data-element_type=\"container\" data-e-type=\"container\">\n\t\t\t\t<div class=\"elementor-element elementor-element-30a51d3e elementor-widget elementor-widget-heading\" data-id=\"30a51d3e\" data-element_type=\"widget\" data-e-type=\"widget\" data-widget_type=\"heading.default\">\n\t\t\t\t<div class=\"elementor-widget-container\">\n\t\t\t\t\t<h2 class=\"elementor-heading-title elementor-size-default\">Education<\/h2>\t\t\t\t<\/div>\n\t\t\t\t<\/div>\n\t\t\t\t<div class=\"elementor-element elementor-element-952939e elementor-icon-list--layout-traditional elementor-list-item-link-full_width elementor-widget elementor-widget-icon-list\" data-id=\"952939e\" data-element_type=\"widget\" data-e-type=\"widget\" data-widget_type=\"icon-list.default\">\n\t\t\t\t<div class=\"elementor-widget-container\">\n\t\t\t\t\t\t\t<ul class=\"elementor-icon-list-items\">\n\t\t\t\t\t\t\t<li class=\"elementor-icon-list-item\">\n\t\t\t\t\t\t\t\t\t\t\t<span class=\"elementor-icon-list-icon\">\n\t\t\t\t\t\t\t<i aria-hidden=\"true\" class=\"fas fa-angle-right\"><\/i>\t\t\t\t\t\t<\/span>\n\t\t\t\t\t\t\t\t\t\t<span class=\"elementor-icon-list-text\">Certification in Physiotherapy Dry Needling (PPAS)<\/span>\n\t\t\t\t\t\t\t\t\t<\/li>\n\t\t\t\t\t\t\t\t<li class=\"elementor-icon-list-item\">\n\t\t\t\t\t\t\t\t\t\t\t<span class=\"elementor-icon-list-icon\">\n\t\t\t\t\t\t\t<i aria-hidden=\"true\" class=\"fas fa-angle-right\"><\/i>\t\t\t\t\t\t<\/span>\n\t\t\t\t\t\t\t\t\t\t<span class=\"elementor-icon-list-text\">Certification in Vertebral and Joint Manipulations<\/span>\n\t\t\t\t\t\t\t\t\t<\/li>\n\t\t\t\t\t\t\t\t<li class=\"elementor-icon-list-item\">\n\t\t\t\t\t\t\t\t\t\t\t<span class=\"elementor-icon-list-icon\">\n\t\t\t\t\t\t\t<i aria-hidden=\"true\" class=\"fas fa-angle-right\"><\/i>\t\t\t\t\t\t<\/span>\n\t\t\t\t\t\t\t\t\t\t<span class=\"elementor-icon-list-text\">Level 2 Certification Global Approach to Pain Management<\/span>\n\t\t\t\t\t\t\t\t\t<\/li>\n\t\t\t\t\t\t\t\t<li class=\"elementor-icon-list-item\">\n\t\t\t\t\t\t\t\t\t\t\t<span class=\"elementor-icon-list-icon\">\n\t\t\t\t\t\t\t<i aria-hidden=\"true\" class=\"fas fa-angle-right\"><\/i>\t\t\t\t\t\t<\/span>\n\t\t\t\t\t\t\t\t\t\t<span class=\"elementor-icon-list-text\">Bachelor-Master\u2019s Degree, University of Sherbrooke, 2018<\/span>\n\t\t\t\t\t\t\t\t\t<\/li>\n\t\t\t\t\t\t<\/ul>\n\t\t\t\t\t\t<\/div>\n\t\t\t\t<\/div>\n\t\t\t\t<\/div>\n\t\t<div class=\"elementor-element elementor-element-4cd3983a e-con-full e-flex e-con e-child\" data-id=\"4cd3983a\" data-element_type=\"container\" data-e-type=\"container\">\n\t\t\t\t<div class=\"elementor-element elementor-element-3febae39 elementor-widget elementor-widget-heading\" data-id=\"3febae39\" data-element_type=\"widget\" data-e-type=\"widget\" data-widget_type=\"heading.default\">\n\t\t\t\t<div class=\"elementor-widget-container\">\n\t\t\t\t\t<h2 class=\"elementor-heading-title elementor-size-default\">Interests<\/h2>\t\t\t\t<\/div>\n\t\t\t\t<\/div>\n\t\t\t\t<div class=\"elementor-element elementor-element-36b45ed8 elementor-position-left elementor-vertical-align-middle elementor-widget elementor-widget-image-box\" data-id=\"36b45ed8\" data-element_type=\"widget\" data-e-type=\"widget\" data-widget_type=\"image-box.default\">\n\t\t\t\t<div class=\"elementor-widget-container\">\n\t\t\t\t\t<div class=\"elementor-image-box-wrapper\"><figure class=\"elementor-image-box-img\"><img loading=\"lazy\" decoding=\"async\" width=\"85\" height=\"85\" src=\"https:\/\/physiofamiliale.com\/wp-content\/uploads\/2024\/11\/dance-1.png\" class=\"attachment-full size-full wp-image-125548\" alt=\"\" srcset=\"https:\/\/physiofamiliale.com\/wp-content\/uploads\/2024\/11\/dance-1.png 85w, https:\/\/physiofamiliale.com\/wp-content\/uploads\/2024\/11\/dance-1-12x12.png 12w\" sizes=\"(max-width: 85px) 100vw, 85px\" \/><\/figure><div class=\"elementor-image-box-content\"><h3 class=\"elementor-image-box-title\">Dance<\/h3><\/div><\/div>\t\t\t\t<\/div>\n\t\t\t\t<\/div>\n\t\t\t\t<div class=\"elementor-element elementor-element-2657d45 elementor-position-left elementor-vertical-align-middle elementor-widget elementor-widget-image-box\" data-id=\"2657d45\" data-element_type=\"widget\" data-e-type=\"widget\" data-widget_type=\"image-box.default\">\n\t\t\t\t<div class=\"elementor-widget-container\">\n\t\t\t\t\t<div class=\"elementor-image-box-wrapper\"><figure class=\"elementor-image-box-img\"><img loading=\"lazy\" decoding=\"async\" width=\"85\" height=\"85\" src=\"https:\/\/physiofamiliale.com\/wp-content\/uploads\/2024\/11\/yoga-1.png\" class=\"attachment-full size-full wp-image-125557\" alt=\"\" srcset=\"https:\/\/physiofamiliale.com\/wp-content\/uploads\/2024\/11\/yoga-1.png 85w, https:\/\/physiofamiliale.com\/wp-content\/uploads\/2024\/11\/yoga-1-12x12.png 12w\" sizes=\"(max-width: 85px) 100vw, 85px\" \/><\/figure><div class=\"elementor-image-box-content\"><h3 class=\"elementor-image-box-title\">Yoga<\/h3><\/div><\/div>\t\t\t\t<\/div>\n\t\t\t\t<\/div>\n\t\t\t\t<div class=\"elementor-element elementor-element-8dff50e elementor-position-left elementor-vertical-align-middle elementor-widget elementor-widget-image-box\" data-id=\"8dff50e\" data-element_type=\"widget\" data-e-type=\"widget\" data-widget_type=\"image-box.default\">\n\t\t\t\t<div class=\"elementor-widget-container\">\n\t\t\t\t\t<div class=\"elementor-image-box-wrapper\"><figure class=\"elementor-image-box-img\"><img loading=\"lazy\" decoding=\"async\" width=\"85\" height=\"85\" src=\"https:\/\/physiofamiliale.com\/wp-content\/uploads\/2024\/11\/outdoors-1.png\" class=\"attachment-full size-full wp-image-125552\" alt=\"\" srcset=\"https:\/\/physiofamiliale.com\/wp-content\/uploads\/2024\/11\/outdoors-1.png 85w, https:\/\/physiofamiliale.com\/wp-content\/uploads\/2024\/11\/outdoors-1-12x12.png 12w\" sizes=\"(max-width: 85px) 100vw, 85px\" \/><\/figure><div class=\"elementor-image-box-content\"><h3 class=\"elementor-image-box-title\">Travelling<\/h3><\/div><\/div>\t\t\t\t<\/div>\n\t\t\t\t<\/div>\n\t\t\t\t<\/div>\n\t\t\t\t<\/div>\n\t\t\t\t<\/div>\n\t\t\t\t<\/div>\n\t\t\t\t\t<\/div>\n\t\t\t\t<\/div>\n\t\t\t\t<\/div>","protected":false},"excerpt":{"rendered":"<p>Voir L&rsquo;\u00e9quipe MSC, PHT Physioth\u00e9rapeute Douleur chronique Articulation temporo-mandibulaire Vestibulaire SAAQ Shockwave Aiguilles s\u00e8ches \u00c9tudes Attestation Puncture Physioth\u00e9rapique avec Aiguilles S\u00e8ches (PPAS) Attestation pour manipulations vert\u00e9brales et articulaires Certification Gestion globale de la douleur niveau 2 BAC-Ma\u00eetrise \u00e0 l\u2019Universit\u00e9 de Sherbrooke en 2018 Int\u00e9r\u00eats Danse Yoga Voyages<\/p>","protected":false},"author":1,"featured_media":0,"parent":25,"menu_order":0,"comment_status":"closed","ping_status":"closed","template":"","meta":{"_seopress_robots_primary_cat":"","_seopress_titles_title":"","_seopress_titles_desc":"","_seopress_robots_index":"","footnotes":""},"class_list":["post-124313","page","type-page","status-publish","hentry"],"_links":{"self":[{"href":"https:\/\/physiofamiliale.com\/en\/wp-json\/wp\/v2\/pages\/124313","targetHints":{"allow":["GET"]}}],"collection":[{"href":"https:\/\/physiofamiliale.com\/en\/wp-json\/wp\/v2\/pages"}],"about":[{"href":"https:\/\/physiofamiliale.com\/en\/wp-json\/wp\/v2\/types\/page"}],"author":[{"embeddable":true,"href":"https:\/\/physiofamiliale.com\/en\/wp-json\/wp\/v2\/users\/1"}],"replies":[{"embeddable":true,"href":"https:\/\/physiofamiliale.com\/en\/wp-json\/wp\/v2\/comments?post=124313"}],"version-history":[{"count":10,"href":"https:\/\/physiofamiliale.com\/en\/wp-json\/wp\/v2\/pages\/124313\/revisions"}],"predecessor-version":[{"id":126741,"href":"https:\/\/physiofamiliale.com\/en\/wp-json\/wp\/v2\/pages\/124313\/revisions\/126741"}],"up":[{"embeddable":true,"href":"https:\/\/physiofamiliale.com\/en\/wp-json\/wp\/v2\/pages\/25"}],"wp:attachment":[{"href":"https:\/\/physiofamiliale.com\/en\/wp-json\/wp\/v2\/media?parent=124313"}],"curies":[{"name":"wp","href":"https:\/\/api.w.org\/{rel}","templated":true}]}}