{"id":124326,"date":"2024-10-24T10:30:51","date_gmt":"2024-10-24T14:30:51","guid":{"rendered":"https:\/\/physiofamiliale.worryfreeweb.ca\/?page_id=124326"},"modified":"2024-11-20T11:31:21","modified_gmt":"2024-11-20T15:31:21","slug":"jennifer-labelle","status":"publish","type":"page","link":"https:\/\/physiofamiliale.com\/en\/notre-equipe\/jennifer-labelle\/","title":{"rendered":"Jennifer Labelle"},"content":{"rendered":"<div data-elementor-type=\"wp-page\" data-elementor-id=\"124326\" class=\"elementor elementor-124326\" data-elementor-post-type=\"page\">\n\t\t\t\t<div class=\"elementor-element elementor-element-36b6f7b3 e-flex e-con-boxed e-con e-parent\" data-id=\"36b6f7b3\" data-element_type=\"container\" data-e-type=\"container\" data-settings=\"{&quot;background_background&quot;:&quot;classic&quot;}\">\n\t\t\t\t\t<div class=\"e-con-inner\">\n\t\t<div class=\"elementor-element elementor-element-4f9e81a9 e-con-full e-flex e-con e-child\" data-id=\"4f9e81a9\" data-element_type=\"container\" data-e-type=\"container\" data-settings=\"{&quot;background_background&quot;:&quot;classic&quot;}\">\n\t\t\t\t<div class=\"elementor-element elementor-element-18a78020 elementor-widget elementor-widget-image\" data-id=\"18a78020\" data-element_type=\"widget\" data-e-type=\"widget\" data-widget_type=\"image.default\">\n\t\t\t\t<div class=\"elementor-widget-container\">\n\t\t\t\t\t\t\t\t\t\t\t\t\t\t\t<img fetchpriority=\"high\" decoding=\"async\" width=\"683\" height=\"1024\" src=\"https:\/\/physiofamiliale.com\/wp-content\/uploads\/2024\/11\/jennifer-683x1024.jpg\" class=\"attachment-large size-large wp-image-125151\" alt=\"\" srcset=\"https:\/\/physiofamiliale.com\/wp-content\/uploads\/2024\/11\/jennifer-683x1024.jpg 683w, https:\/\/physiofamiliale.com\/wp-content\/uploads\/2024\/11\/jennifer-200x300.jpg 200w, https:\/\/physiofamiliale.com\/wp-content\/uploads\/2024\/11\/jennifer-768x1152.jpg 768w, https:\/\/physiofamiliale.com\/wp-content\/uploads\/2024\/11\/jennifer-8x12.jpg 8w, https:\/\/physiofamiliale.com\/wp-content\/uploads\/2024\/11\/jennifer.jpg 800w\" sizes=\"(max-width: 683px) 100vw, 683px\" \/>\t\t\t\t\t\t\t\t\t\t\t\t\t\t\t<\/div>\n\t\t\t\t<\/div>\n\t\t\t\t<div class=\"elementor-element elementor-element-160c380 elementor-align-justify elementor-widget__width-inherit elementor-widget elementor-widget-button\" data-id=\"160c380\" data-element_type=\"widget\" data-e-type=\"widget\" data-widget_type=\"button.default\">\n\t\t\t\t<div class=\"elementor-widget-container\">\n\t\t\t\t\t\t\t\t\t<div class=\"elementor-button-wrapper\">\n\t\t\t\t\t<a class=\"elementor-button elementor-button-link elementor-size-sm\" href=\"https:\/\/physiofamiliale.com\/en\/notre-equipe\/\">\n\t\t\t\t\t\t<span class=\"elementor-button-content-wrapper\">\n\t\t\t\t\t\t<span class=\"elementor-button-icon\">\n\t\t\t\t<i aria-hidden=\"true\" class=\"fas fa-arrow-circle-left\"><\/i>\t\t\t<\/span>\n\t\t\t\t\t\t\t\t\t<span class=\"elementor-button-text\">SEE OUR TEAM<\/span>\n\t\t\t\t\t<\/span>\n\t\t\t\t\t<\/a>\n\t\t\t\t<\/div>\n\t\t\t\t\t\t\t\t<\/div>\n\t\t\t\t<\/div>\n\t\t\t\t<\/div>\n\t\t<div class=\"elementor-element elementor-element-4c57b016 e-con-full e-flex e-con e-child\" data-id=\"4c57b016\" data-element_type=\"container\" data-e-type=\"container\" data-settings=\"{&quot;background_background&quot;:&quot;classic&quot;}\">\n\t\t<div class=\"elementor-element elementor-element-17906cc5 e-con-full e-flex e-con e-child\" data-id=\"17906cc5\" data-element_type=\"container\" data-e-type=\"container\" data-settings=\"{&quot;background_background&quot;:&quot;classic&quot;}\">\n\t\t<div class=\"elementor-element elementor-element-3d1da6cd e-con-full e-flex e-con e-child\" data-id=\"3d1da6cd\" data-element_type=\"container\" data-e-type=\"container\" data-settings=\"{&quot;background_background&quot;:&quot;classic&quot;}\">\n\t\t\t\t<div class=\"elementor-element elementor-element-7cee2b87 elementor-widget__width-inherit elementor-widget elementor-widget-heading\" data-id=\"7cee2b87\" data-element_type=\"widget\" data-e-type=\"widget\" data-widget_type=\"heading.default\">\n\t\t\t\t<div class=\"elementor-widget-container\">\n\t\t\t\t\t<h1 class=\"elementor-heading-title elementor-size-default\">Jennifer Labelle<\/h1>\t\t\t\t<\/div>\n\t\t\t\t<\/div>\n\t\t\t\t<div class=\"elementor-element elementor-element-59d369f4 elementor-widget elementor-widget-heading\" data-id=\"59d369f4\" data-element_type=\"widget\" data-e-type=\"widget\" data-widget_type=\"heading.default\">\n\t\t\t\t<div class=\"elementor-widget-container\">\n\t\t\t\t\t<h2 class=\"elementor-heading-title elementor-size-default\">Medical Secretary<\/h2>\t\t\t\t<\/div>\n\t\t\t\t<\/div>\n\t\t\t\t<\/div>\n\t\t<div class=\"elementor-element elementor-element-3c2e0378 e-con-full e-flex e-con e-child\" data-id=\"3c2e0378\" data-element_type=\"container\" data-e-type=\"container\" data-settings=\"{&quot;background_background&quot;:&quot;classic&quot;}\">\n\t\t<div class=\"elementor-element elementor-element-76234098 e-con-full e-flex e-con e-child\" data-id=\"76234098\" data-element_type=\"container\" data-e-type=\"container\">\n\t\t\t\t<div class=\"elementor-element elementor-element-5bb1d10c elementor-widget elementor-widget-heading\" data-id=\"5bb1d10c\" data-element_type=\"widget\" data-e-type=\"widget\" data-widget_type=\"heading.default\">\n\t\t\t\t<div class=\"elementor-widget-container\">\n\t\t\t\t\t<h2 class=\"elementor-heading-title elementor-size-default\">Education<\/h2>\t\t\t\t<\/div>\n\t\t\t\t<\/div>\n\t\t\t\t<div class=\"elementor-element elementor-element-09a7973 elementor-widget elementor-widget-text-editor\" data-id=\"09a7973\" data-element_type=\"widget\" data-e-type=\"widget\" data-widget_type=\"text-editor.default\">\n\t\t\t\t<div class=\"elementor-widget-container\">\n\t\t\t\t\t\t\t\t\tJennifer joined the team as a medical secretary in 2020. She is responsible for administrative tasks and accounting, among other duties. Jennifer aims to make your visits with us as pleasant as possible!\t\t\t\t\t\t\t\t<\/div>\n\t\t\t\t<\/div>\n\t\t\t\t<\/div>\n\t\t<div class=\"elementor-element elementor-element-5ca2f7d6 e-con-full e-flex e-con e-child\" data-id=\"5ca2f7d6\" data-element_type=\"container\" data-e-type=\"container\">\n\t\t\t\t<div class=\"elementor-element elementor-element-f2463d7 elementor-widget elementor-widget-heading\" data-id=\"f2463d7\" data-element_type=\"widget\" data-e-type=\"widget\" data-widget_type=\"heading.default\">\n\t\t\t\t<div class=\"elementor-widget-container\">\n\t\t\t\t\t<h2 class=\"elementor-heading-title elementor-size-default\">Interests<\/h2>\t\t\t\t<\/div>\n\t\t\t\t<\/div>\n\t\t\t\t<div class=\"elementor-element elementor-element-d3435f8 elementor-position-left elementor-vertical-align-middle elementor-widget elementor-widget-image-box\" data-id=\"d3435f8\" data-element_type=\"widget\" data-e-type=\"widget\" data-widget_type=\"image-box.default\">\n\t\t\t\t<div class=\"elementor-widget-container\">\n\t\t\t\t\t<div class=\"elementor-image-box-wrapper\"><figure class=\"elementor-image-box-img\"><img decoding=\"async\" width=\"85\" height=\"85\" src=\"https:\/\/physiofamiliale.com\/wp-content\/uploads\/2024\/11\/run.png\" class=\"attachment-full size-full wp-image-125554\" alt=\"\" srcset=\"https:\/\/physiofamiliale.com\/wp-content\/uploads\/2024\/11\/run.png 85w, https:\/\/physiofamiliale.com\/wp-content\/uploads\/2024\/11\/run-12x12.png 12w\" sizes=\"(max-width: 85px) 100vw, 85px\" \/><\/figure><div class=\"elementor-image-box-content\"><h3 class=\"elementor-image-box-title\">Running<\/h3><\/div><\/div>\t\t\t\t<\/div>\n\t\t\t\t<\/div>\n\t\t\t\t<div class=\"elementor-element elementor-element-4052a4b elementor-position-left elementor-vertical-align-middle elementor-widget elementor-widget-image-box\" data-id=\"4052a4b\" data-element_type=\"widget\" data-e-type=\"widget\" data-widget_type=\"image-box.default\">\n\t\t\t\t<div class=\"elementor-widget-container\">\n\t\t\t\t\t<div class=\"elementor-image-box-wrapper\"><figure class=\"elementor-image-box-img\"><img decoding=\"async\" width=\"60\" height=\"60\" src=\"https:\/\/physiofamiliale.com\/wp-content\/uploads\/2024\/11\/camp.png\" class=\"attachment-full size-full wp-image-126241\" alt=\"\" srcset=\"https:\/\/physiofamiliale.com\/wp-content\/uploads\/2024\/11\/camp.png 60w, https:\/\/physiofamiliale.com\/wp-content\/uploads\/2024\/11\/camp-12x12.png 12w\" sizes=\"(max-width: 60px) 100vw, 60px\" \/><\/figure><div class=\"elementor-image-box-content\"><h3 class=\"elementor-image-box-title\">Camping<\/h3><\/div><\/div>\t\t\t\t<\/div>\n\t\t\t\t<\/div>\n\t\t\t\t<div class=\"elementor-element elementor-element-3be83a0 elementor-position-left elementor-vertical-align-middle elementor-widget elementor-widget-image-box\" data-id=\"3be83a0\" data-element_type=\"widget\" data-e-type=\"widget\" data-widget_type=\"image-box.default\">\n\t\t\t\t<div class=\"elementor-widget-container\">\n\t\t\t\t\t<div class=\"elementor-image-box-wrapper\"><figure class=\"elementor-image-box-img\"><img loading=\"lazy\" decoding=\"async\" width=\"85\" height=\"85\" src=\"https:\/\/physiofamiliale.com\/wp-content\/uploads\/2024\/11\/kayak-1.png\" class=\"attachment-full size-full wp-image-125551\" alt=\"\" srcset=\"https:\/\/physiofamiliale.com\/wp-content\/uploads\/2024\/11\/kayak-1.png 85w, https:\/\/physiofamiliale.com\/wp-content\/uploads\/2024\/11\/kayak-1-12x12.png 12w\" sizes=\"(max-width: 85px) 100vw, 85px\" \/><\/figure><div class=\"elementor-image-box-content\"><h3 class=\"elementor-image-box-title\">Paddleboarding<\/h3><\/div><\/div>\t\t\t\t<\/div>\n\t\t\t\t<\/div>\n\t\t\t\t<div class=\"elementor-element elementor-element-280d227 elementor-position-left elementor-vertical-align-middle elementor-widget elementor-widget-image-box\" data-id=\"280d227\" data-element_type=\"widget\" data-e-type=\"widget\" data-widget_type=\"image-box.default\">\n\t\t\t\t<div class=\"elementor-widget-container\">\n\t\t\t\t\t<div class=\"elementor-image-box-wrapper\"><figure class=\"elementor-image-box-img\"><img loading=\"lazy\" decoding=\"async\" width=\"60\" height=\"60\" src=\"https:\/\/physiofamiliale.com\/wp-content\/uploads\/2024\/11\/food.png\" class=\"attachment-full size-full wp-image-126242\" alt=\"\" srcset=\"https:\/\/physiofamiliale.com\/wp-content\/uploads\/2024\/11\/food.png 60w, https:\/\/physiofamiliale.com\/wp-content\/uploads\/2024\/11\/food-12x12.png 12w\" sizes=\"(max-width: 60px) 100vw, 60px\" \/><\/figure><div class=\"elementor-image-box-content\"><h3 class=\"elementor-image-box-title\">Cooking<\/h3><\/div><\/div>\t\t\t\t<\/div>\n\t\t\t\t<\/div>\n\t\t\t\t<\/div>\n\t\t\t\t<\/div>\n\t\t\t\t<\/div>\n\t\t\t\t<\/div>\n\t\t\t\t\t<\/div>\n\t\t\t\t<\/div>\n\t\t\t\t<\/div>","protected":false},"excerpt":{"rendered":"<p>Voir L&rsquo;\u00e9quipe Secr\u00e9taire m\u00e9dicale \u00c9tudes Jennifer s\u2019est jointe \u00e0 l\u2019\u00e9quipe comme secr\u00e9taire m\u00e9dicale en 2020. Elle est entre autre responsable des t\u00e2ches administratives et en comptabilit\u00e9. Jennifer d\u00e9sire faire en sorte de rendre vos visites chez nous des plus agr\u00e9ables possible! Int\u00e9r\u00eats Course Camping Paddleboard Cuisine<\/p>","protected":false},"author":1,"featured_media":0,"parent":25,"menu_order":0,"comment_status":"closed","ping_status":"closed","template":"","meta":{"_seopress_robots_primary_cat":"","_seopress_titles_title":"","_seopress_titles_desc":"","_seopress_robots_index":"","footnotes":""},"class_list":["post-124326","page","type-page","status-publish","hentry"],"_links":{"self":[{"href":"https:\/\/physiofamiliale.com\/en\/wp-json\/wp\/v2\/pages\/124326","targetHints":{"allow":["GET"]}}],"collection":[{"href":"https:\/\/physiofamiliale.com\/en\/wp-json\/wp\/v2\/pages"}],"about":[{"href":"https:\/\/physiofamiliale.com\/en\/wp-json\/wp\/v2\/types\/page"}],"author":[{"embeddable":true,"href":"https:\/\/physiofamiliale.com\/en\/wp-json\/wp\/v2\/users\/1"}],"replies":[{"embeddable":true,"href":"https:\/\/physiofamiliale.com\/en\/wp-json\/wp\/v2\/comments?post=124326"}],"version-history":[{"count":10,"href":"https:\/\/physiofamiliale.com\/en\/wp-json\/wp\/v2\/pages\/124326\/revisions"}],"predecessor-version":[{"id":126327,"href":"https:\/\/physiofamiliale.com\/en\/wp-json\/wp\/v2\/pages\/124326\/revisions\/126327"}],"up":[{"embeddable":true,"href":"https:\/\/physiofamiliale.com\/en\/wp-json\/wp\/v2\/pages\/25"}],"wp:attachment":[{"href":"https:\/\/physiofamiliale.com\/en\/wp-json\/wp\/v2\/media?parent=124326"}],"curies":[{"name":"wp","href":"https:\/\/api.w.org\/{rel}","templated":true}]}}