{"id":124452,"date":"2024-10-25T04:24:46","date_gmt":"2024-10-25T08:24:46","guid":{"rendered":"https:\/\/physiofamiliale.worryfreeweb.ca\/?page_id=124452"},"modified":"2024-12-19T16:55:47","modified_gmt":"2024-12-19T20:55:47","slug":"vestibulaire","status":"publish","type":"page","link":"https:\/\/physiofamiliale.com\/en\/physiotherapie\/vestibulaire\/","title":{"rendered":"Vestibular"},"content":{"rendered":"<div data-elementor-type=\"wp-post\" data-elementor-id=\"124452\" class=\"elementor elementor-124452\" data-elementor-post-type=\"page\">\n\t\t\t\t\t\t<section class=\"elementor-section elementor-top-section elementor-element elementor-element-5d25b21 elementor-section-boxed elementor-section-height-default elementor-section-height-default\" data-id=\"5d25b21\" data-element_type=\"section\" data-e-type=\"section\" data-settings=\"{&quot;background_background&quot;:&quot;classic&quot;}\">\n\t\t\t\t\t\t\t<div class=\"elementor-background-overlay\"><\/div>\n\t\t\t\t\t\t\t<div class=\"elementor-container elementor-column-gap-default\">\n\t\t\t\t\t<div class=\"elementor-column elementor-col-100 elementor-top-column elementor-element elementor-element-7a89c1f0\" data-id=\"7a89c1f0\" data-element_type=\"column\" data-e-type=\"column\">\n\t\t\t<div class=\"elementor-widget-wrap elementor-element-populated\">\n\t\t\t\t\t\t<div class=\"elementor-element elementor-element-54ca9e9a elementor-widget elementor-widget-heading\" data-id=\"54ca9e9a\" data-element_type=\"widget\" data-e-type=\"widget\" data-widget_type=\"heading.default\">\n\t\t\t\t<div class=\"elementor-widget-container\">\n\t\t\t\t\t<h1 class=\"elementor-heading-title elementor-size-default\">Vestibular<\/h1>\t\t\t\t<\/div>\n\t\t\t\t<\/div>\n\t\t\t\t\t<\/div>\n\t\t<\/div>\n\t\t\t\t\t<\/div>\n\t\t<\/section>\n\t\t\t\t<section class=\"elementor-section elementor-top-section elementor-element elementor-element-52ff81dc elementor-section-boxed elementor-section-height-default elementor-section-height-default\" data-id=\"52ff81dc\" data-element_type=\"section\" data-e-type=\"section\">\n\t\t\t\t\t\t<div class=\"elementor-container elementor-column-gap-default\">\n\t\t\t\t\t<div class=\"elementor-column elementor-col-50 elementor-top-column elementor-element elementor-element-15873357\" data-id=\"15873357\" data-element_type=\"column\" data-e-type=\"column\">\n\t\t\t<div class=\"elementor-widget-wrap elementor-element-populated\">\n\t\t\t\t\t\t<div class=\"elementor-element elementor-element-2150de5d quatre elementor-widget elementor-widget-heading\" data-id=\"2150de5d\" data-element_type=\"widget\" data-e-type=\"widget\" data-widget_type=\"heading.default\">\n\t\t\t\t<div class=\"elementor-widget-container\">\n\t\t\t\t\t<h3 class=\"elementor-heading-title elementor-size-default\">Free yourself from dizziness, regain your balance<\/h3>\t\t\t\t<\/div>\n\t\t\t\t<\/div>\n\t\t\t\t<div class=\"elementor-element elementor-element-3578f36d elementor-widget elementor-widget-text-editor\" data-id=\"3578f36d\" data-element_type=\"widget\" data-e-type=\"widget\" data-widget_type=\"text-editor.default\">\n\t\t\t\t<div class=\"elementor-widget-container\">\n\t\t\t\t\t\t\t\t\t<p>Do you experience dizziness, vertigo, visual disturbances, or balance issues? These symptoms may result from a dysfunction of the vestibular system, located in the inner ear. Our experienced physiotherapists in vestibular rehabilitation can effectively address these symptoms.<\/p><p>Reasons for consultation include:<br \/>\u2022 BPPV (benign paroxysmal positional vertigo)<br \/>\u2022 Labyrinthitis, neuronitis, vestibular neuritis<br \/>\u2022 Vestibular hypofunction<br \/>\u2022 Vestibular migraines<br \/>\u2022 M\u00e9ni\u00e8re\u2019s disease<br \/>\u2022 Head trauma<br \/>\u2022 Other vestibular disorders<\/p><p>The treatment involves personalized vestibular rehabilitation exercises tailored to each client\u2019s needs. These exercises aim to improve balance and reduce symptoms. They include desensitization, coordination, and stabilization techniques, along with advice on managing triggers.Through a multidisciplinary approach, we provide comprehensive support to help you regain optimal quality of life.<\/p>\t\t\t\t\t\t\t\t<\/div>\n\t\t\t\t<\/div>\n\t\t\t\t<div class=\"elementor-element elementor-element-471ad29 elementor-widget elementor-widget-image\" data-id=\"471ad29\" data-element_type=\"widget\" data-e-type=\"widget\" data-widget_type=\"image.default\">\n\t\t\t\t<div class=\"elementor-widget-container\">\n\t\t\t\t\t\t\t\t\t\t\t\t\t\t\t<img fetchpriority=\"high\" decoding=\"async\" width=\"800\" height=\"534\" src=\"https:\/\/physiofamiliale.com\/wp-content\/uploads\/2024\/12\/vest-1024x683.jpeg\" class=\"attachment-large size-large wp-image-126928\" alt=\"\" srcset=\"https:\/\/physiofamiliale.com\/wp-content\/uploads\/2024\/12\/vest-1024x683.jpeg 1024w, https:\/\/physiofamiliale.com\/wp-content\/uploads\/2024\/12\/vest-300x200.jpeg 300w, https:\/\/physiofamiliale.com\/wp-content\/uploads\/2024\/12\/vest-768x512.jpeg 768w, https:\/\/physiofamiliale.com\/wp-content\/uploads\/2024\/12\/vest-1536x1024.jpeg 1536w, https:\/\/physiofamiliale.com\/wp-content\/uploads\/2024\/12\/vest-18x12.jpeg 18w, https:\/\/physiofamiliale.com\/wp-content\/uploads\/2024\/12\/vest.jpeg 1600w\" sizes=\"(max-width: 800px) 100vw, 800px\" \/>\t\t\t\t\t\t\t\t\t\t\t\t\t\t\t<\/div>\n\t\t\t\t<\/div>\n\t\t\t\t<div class=\"elementor-element elementor-element-2258457 quatre elementor-widget elementor-widget-heading\" data-id=\"2258457\" data-element_type=\"widget\" data-e-type=\"widget\" data-widget_type=\"heading.default\">\n\t\t\t\t<div class=\"elementor-widget-container\">\n\t\t\t\t\t<h3 class=\"elementor-heading-title elementor-size-default\">What to expect during our sessions<\/h3>\t\t\t\t<\/div>\n\t\t\t\t<\/div>\n\t\t\t\t<div class=\"elementor-element elementor-element-7c76b440 elementor-widget elementor-widget-text-editor\" data-id=\"7c76b440\" data-element_type=\"widget\" data-e-type=\"widget\" data-widget_type=\"text-editor.default\">\n\t\t\t\t<div class=\"elementor-widget-container\">\n\t\t\t\t\t\t\t\t\t<p class=\"translation-block\">At the Clinique Physio Familiale, we are fully committed to supporting your recovery process by offering physiotherapy care based on the latest technological advancements and the most up-to-date training.<\/p>\n<p class=\"translation-block\">We provide physiotherapy services in a private setting, where each session is designed to meet your specific needs. The initial assessment lasts 75 minutes, allowing for a thorough analysis of your overall health, symptoms, and functional abilities. This evaluation helps establish a personalized treatment plan aligned with your goals.\n\nTo ensure your comfort and privacy, all consultations take place in private rooms.<\/p>\n<p class=\"translation-block\">Follow-up sessions last between 45 and 60 minutes. During these sessions, the physiotherapist will apply various therapeutic approaches adapted to your condition. They may also prescribe specific exercises to do at home and provide self-management advice to improve your well-being and optimize your quality of life.<\/p>\t\t\t\t\t\t\t\t<\/div>\n\t\t\t\t<\/div>\n\t\t\t\t<div class=\"elementor-element elementor-element-33cce84 elementor-widget elementor-widget-image\" data-id=\"33cce84\" data-element_type=\"widget\" data-e-type=\"widget\" data-widget_type=\"image.default\">\n\t\t\t\t<div class=\"elementor-widget-container\">\n\t\t\t\t\t\t\t\t\t\t\t\t\t\t\t<img decoding=\"async\" width=\"800\" height=\"400\" src=\"https:\/\/physiofamiliale.com\/wp-content\/uploads\/2024\/10\/vest-1024x512.jpg\" class=\"attachment-large size-large wp-image-124743\" alt=\"\" srcset=\"https:\/\/physiofamiliale.com\/wp-content\/uploads\/2024\/10\/vest-1024x512.jpg 1024w, https:\/\/physiofamiliale.com\/wp-content\/uploads\/2024\/10\/vest-300x150.jpg 300w, https:\/\/physiofamiliale.com\/wp-content\/uploads\/2024\/10\/vest-768x384.jpg 768w, https:\/\/physiofamiliale.com\/wp-content\/uploads\/2024\/10\/vest-18x9.jpg 18w, https:\/\/physiofamiliale.com\/wp-content\/uploads\/2024\/10\/vest.jpg 1200w\" sizes=\"(max-width: 800px) 100vw, 800px\" \/>\t\t\t\t\t\t\t\t\t\t\t\t\t\t\t<\/div>\n\t\t\t\t<\/div>\n\t\t\t\t<div class=\"elementor-element elementor-element-95be193 elementor-align-left elementor-widget elementor-widget-button\" data-id=\"95be193\" data-element_type=\"widget\" data-e-type=\"widget\" data-widget_type=\"button.default\">\n\t\t\t\t<div class=\"elementor-widget-container\">\n\t\t\t\t\t\t\t\t\t<div class=\"elementor-button-wrapper\">\n\t\t\t\t\t<a class=\"elementor-button elementor-button-link elementor-size-sm\" href=\"https:\/\/physio-familiale.au1.cliniko.com\/bookings?appointment_type_id=1025996574888560347\" target=\"_blank\">\n\t\t\t\t\t\t<span class=\"elementor-button-content-wrapper\">\n\t\t\t\t\t\t<span class=\"elementor-button-icon\">\n\t\t\t\t<i aria-hidden=\"true\" class=\"fas fa-calendar-alt\"><\/i>\t\t\t<\/span>\n\t\t\t\t\t\t\t\t\t<span class=\"elementor-button-text\">Book an appointment <\/span>\n\t\t\t\t\t<\/span>\n\t\t\t\t\t<\/a>\n\t\t\t\t<\/div>\n\t\t\t\t\t\t\t\t<\/div>\n\t\t\t\t<\/div>\n\t\t<div class=\"elementor-element elementor-element-8063946 e-con-full e-flex e-con e-parent\" data-id=\"8063946\" data-element_type=\"container\" data-e-type=\"container\" data-settings=\"{&quot;background_background&quot;:&quot;classic&quot;}\">\n\t\t\t\t<div class=\"elementor-element elementor-element-9425a69 elementor-widget elementor-widget-image\" data-id=\"9425a69\" data-element_type=\"widget\" data-e-type=\"widget\" data-widget_type=\"image.default\">\n\t\t\t\t<div class=\"elementor-widget-container\">\n\t\t\t\t\t\t\t\t\t\t\t\t\t\t\t<img decoding=\"async\" width=\"90\" height=\"90\" src=\"https:\/\/physiofamiliale.com\/wp-content\/uploads\/2024\/11\/quote-1.png\" class=\"attachment-large size-large wp-image-125610\" alt=\"\" srcset=\"https:\/\/physiofamiliale.com\/wp-content\/uploads\/2024\/11\/quote-1.png 90w, https:\/\/physiofamiliale.com\/wp-content\/uploads\/2024\/11\/quote-1-12x12.png 12w\" sizes=\"(max-width: 90px) 100vw, 90px\" \/>\t\t\t\t\t\t\t\t\t\t\t\t\t\t\t<\/div>\n\t\t\t\t<\/div>\n\t\t\t\t<div class=\"elementor-element elementor-element-dec1bf9 elementor-widget__width-initial elementor-widget elementor-widget-heading\" data-id=\"dec1bf9\" data-element_type=\"widget\" data-e-type=\"widget\" data-widget_type=\"heading.default\">\n\t\t\t\t<div class=\"elementor-widget-container\">\n\t\t\t\t\t<p class=\"elementor-heading-title elementor-size-default translation-block\">\"We offer a <em><strong>personalized approach<\/strong><\/em> to help individuals achieve their health goals in prevention, rehabilitation, and performance.\"<\/p>\t\t\t\t<\/div>\n\t\t\t\t<\/div>\n\t\t\t\t<\/div>\n\t\t\t\t\t<\/div>\n\t\t<\/div>\n\t\t\t\t<div class=\"elementor-column elementor-col-50 elementor-top-column elementor-element elementor-element-7e2da0bd\" data-id=\"7e2da0bd\" data-element_type=\"column\" data-e-type=\"column\" data-settings=\"{&quot;background_background&quot;:&quot;classic&quot;}\">\n\t\t\t<div class=\"elementor-widget-wrap elementor-element-populated\">\n\t\t\t\t\t\t<section class=\"elementor-section elementor-inner-section elementor-element elementor-element-d4082aa side-nav-stick elementor-section-boxed elementor-section-height-default elementor-section-height-default\" data-id=\"d4082aa\" data-element_type=\"section\" data-e-type=\"section\" data-settings=\"{&quot;background_background&quot;:&quot;classic&quot;}\">\n\t\t\t\t\t\t<div class=\"elementor-container elementor-column-gap-default\">\n\t\t\t\t\t<div class=\"elementor-column elementor-col-100 elementor-inner-column elementor-element elementor-element-5726f41\" data-id=\"5726f41\" data-element_type=\"column\" data-e-type=\"column\" data-settings=\"{&quot;background_background&quot;:&quot;classic&quot;}\">\n\t\t\t<div class=\"elementor-widget-wrap elementor-element-populated\">\n\t\t\t\t\t<div class=\"elementor-background-overlay\"><\/div>\n\t\t\t\t\t\t<div class=\"elementor-element elementor-element-4691598 elementor-align-justify elementor-widget__width-inherit elementor-widget elementor-widget-button\" data-id=\"4691598\" data-element_type=\"widget\" data-e-type=\"widget\" data-widget_type=\"button.default\">\n\t\t\t\t<div class=\"elementor-widget-container\">\n\t\t\t\t\t\t\t\t\t<div class=\"elementor-button-wrapper\">\n\t\t\t\t\t<a class=\"elementor-button elementor-button-link elementor-size-sm\" href=\"https:\/\/physio-familiale.au1.cliniko.com\/bookings?appointment_type_id=1025996574888560347\">\n\t\t\t\t\t\t<span class=\"elementor-button-content-wrapper\">\n\t\t\t\t\t\t<span class=\"elementor-button-icon\">\n\t\t\t\t<i aria-hidden=\"true\" class=\"fas fa-calendar-alt\"><\/i>\t\t\t<\/span>\n\t\t\t\t\t\t\t\t\t<span class=\"elementor-button-text\">Book an appointment <\/span>\n\t\t\t\t\t<\/span>\n\t\t\t\t\t<\/a>\n\t\t\t\t<\/div>\n\t\t\t\t\t\t\t\t<\/div>\n\t\t\t\t<\/div>\n\t\t\t\t<div class=\"elementor-element elementor-element-9c6aaf1 elementor-widget elementor-widget-heading\" data-id=\"9c6aaf1\" data-element_type=\"widget\" data-e-type=\"widget\" data-widget_type=\"heading.default\">\n\t\t\t\t<div class=\"elementor-widget-container\">\n\t\t\t\t\t<h3 class=\"elementor-heading-title elementor-size-default\">Who to consult?<\/h3>\t\t\t\t<\/div>\n\t\t\t\t<\/div>\n\t\t\t\t<div class=\"elementor-element elementor-element-f36fb05 uael-link-redirect-self_link uael-nav-menu__breakpoint-none uael-nav-menu__align-left uael-submenu-icon-arrow elementor-widget elementor-widget-uael-nav-menu\" data-id=\"f36fb05\" data-element_type=\"widget\" data-e-type=\"widget\" data-widget_type=\"uael-nav-menu.default\">\n\t\t\t\t<div class=\"elementor-widget-container\">\n\t\t\t\t\t\t\t<div class=\"uael-nav-menu uael-layout-vertical uael-nav-menu-layout\" data-layout=\"vertical\">\n\t\t\t\t<div role=\"button\" class=\"uael-nav-menu__toggle elementor-clickable\">\n\t\t\t\t\t<span class=\"screen-reader-text\">Main Menu<\/span>\n\t\t\t\t\t<div class=\"uael-nav-menu-icon\">\n\t\t\t\t\t\t\t\t\t\t\t<\/div>\n\t\t\t\t\t\t\t\t\t<\/div>\n\t\t\t\t\t\t\t\t\t\t<nav class=\"uael-nav-menu__layout-vertical uael-nav-menu__submenu-arrow\" data-toggle-icon=\"\" data-close-icon=\"\" data-full-width=\"\">\n\t\t\t <ul class=\"uael-nav-menu uael-nav-menu-custom uael-custom-wrapper\"><li class=\"menu-item menu-item-has-children parent parent-has-no-child elementor-repeater-item-657c938\" data-dropdown-width=\"default\" data-dropdown-pos=\"left\"><a href=\"https:\/\/physiofamiliale.com\/en\/physiotherapie\/\" class='uael-menu-item'>Physiotherapy<span class='uael-menu-toggle sub-arrow parent-item'><i class='fa'><\/i><\/span><\/a><li class=\"menu-item menu-item-has-children parent parent-has-no-child elementor-repeater-item-3d7ad06\" data-dropdown-width=\"default\" data-dropdown-pos=\"left\"><a href=\"https:\/\/physiofamiliale.com\/en\/ergotherapie\/\" class='uael-menu-item'>Occupational Therapy<span class='uael-menu-toggle sub-arrow parent-item'><i class='fa'><\/i><\/span><\/a><li class=\"menu-item menu-item-has-children parent parent-has-no-child elementor-repeater-item-37dd186\" data-dropdown-width=\"default\" data-dropdown-pos=\"left\"><a href=\"https:\/\/physiofamiliale.com\/en\/kinesiologie\/\" class='uael-menu-item'>Kinesiology<span class='uael-menu-toggle sub-arrow parent-item'><i class='fa'><\/i><\/span><\/a><\/ul>\t\t<\/nav>\n\t\t\t\t\t\t\t<\/div>\n\t\t\t\t\t\t\t<\/div>\n\t\t\t\t<\/div>\n\t\t\t\t<div class=\"elementor-element elementor-element-2423829 elementor-widget elementor-widget-heading\" data-id=\"2423829\" data-element_type=\"widget\" data-e-type=\"widget\" data-widget_type=\"heading.default\">\n\t\t\t\t<div class=\"elementor-widget-container\">\n\t\t\t\t\t<h3 class=\"elementor-heading-title elementor-size-default\">Expertise<\/h3>\t\t\t\t<\/div>\n\t\t\t\t<\/div>\n\t\t\t\t<div class=\"elementor-element elementor-element-fff7f25 elementor-nav-menu__align-start elementor-nav-menu--dropdown-none elementor-widget elementor-widget-nav-menu\" data-id=\"fff7f25\" data-element_type=\"widget\" data-e-type=\"widget\" data-settings=\"{&quot;layout&quot;:&quot;vertical&quot;,&quot;submenu_icon&quot;:{&quot;value&quot;:&quot;&lt;i class=\\&quot;fas fa-caret-down\\&quot; aria-hidden=\\&quot;true\\&quot;&gt;&lt;\\\/i&gt;&quot;,&quot;library&quot;:&quot;fa-solid&quot;}}\" data-widget_type=\"nav-menu.default\">\n\t\t\t\t<div class=\"elementor-widget-container\">\n\t\t\t\t\t\t\t\t<nav aria-label=\"Menu\" class=\"elementor-nav-menu--main elementor-nav-menu__container elementor-nav-menu--layout-vertical e--pointer-none\">\n\t\t\t\t<ul id=\"menu-1-fff7f25\" class=\"elementor-nav-menu sm-vertical\"><li class=\"menu-item menu-item-type-post_type menu-item-object-page menu-item-124885\"><a href=\"https:\/\/physiofamiliale.com\/en\/physiotherapie\/arthrite-et-conditions-rhumatologiques\/\" class=\"elementor-item\">Arthritis and Rheumatic conditions<\/a><\/li>\n<li class=\"menu-item menu-item-type-post_type menu-item-object-page menu-item-124886\"><a href=\"https:\/\/physiofamiliale.com\/en\/physiotherapie\/articulation-temporo-mandibulaire\/\" class=\"elementor-item\">Temporomandibular Joint (TMJ)<\/a><\/li>\n<li class=\"menu-item menu-item-type-post_type menu-item-object-page menu-item-124887\"><a href=\"https:\/\/physiofamiliale.com\/en\/physiotherapie\/commotion-cerebrale\/\" class=\"elementor-item\">Concussions<\/a><\/li>\n<li class=\"menu-item menu-item-type-post_type menu-item-object-page menu-item-124889\"><a href=\"https:\/\/physiofamiliale.com\/en\/physiotherapie\/douleur-chronique\/\" class=\"elementor-item\">Chronic Pain<\/a><\/li>\n<li class=\"menu-item menu-item-type-post_type menu-item-object-page menu-item-125824\"><a href=\"https:\/\/physiofamiliale.com\/en\/physiotherapie\/maux-de-tete-et-cephalees\/\" class=\"elementor-item\">Headaches and Migraines<\/a><\/li>\n<li class=\"menu-item menu-item-type-post_type menu-item-object-page menu-item-124892\"><a href=\"https:\/\/physiofamiliale.com\/en\/physiotherapie\/orthopedie-et-blessures-sportives\/\" class=\"elementor-item\">Orthopedic and Sports Injury<\/a><\/li>\n<li class=\"menu-item menu-item-type-post_type menu-item-object-page menu-item-124893\"><a href=\"https:\/\/physiofamiliale.com\/en\/physiotherapie\/pediatrie\/\" class=\"elementor-item\">Pediatrics<\/a><\/li>\n<li class=\"menu-item menu-item-type-post_type menu-item-object-page menu-item-124890\"><a href=\"https:\/\/physiofamiliale.com\/en\/physiotherapie\/perinatalite-et-post-partum\/\" class=\"elementor-item\">Pregnancy and Postpartum<\/a><\/li>\n<li class=\"menu-item menu-item-type-post_type menu-item-object-page menu-item-124894\"><a href=\"https:\/\/physiofamiliale.com\/en\/physiotherapie\/prevention-des-chutes\/\" class=\"elementor-item\">Fall prevention<\/a><\/li>\n<li class=\"menu-item menu-item-type-post_type menu-item-object-page menu-item-124895\"><a href=\"https:\/\/physiofamiliale.com\/en\/physiotherapie\/readaptation-course-a-pied\/\" class=\"elementor-item\">Running Rehabilitation<\/a><\/li>\n<li class=\"menu-item menu-item-type-post_type menu-item-object-page menu-item-126491\"><a href=\"https:\/\/physiofamiliale.com\/en\/physiotherapie\/reeducation-perineale-et-pelvienne\/\" class=\"elementor-item\">URO-PHYSIO: Pelvic Floor rehabilitation<\/a><\/li>\n<li class=\"menu-item menu-item-type-post_type menu-item-object-page menu-item-124897\"><a href=\"https:\/\/physiofamiliale.com\/en\/physiotherapie\/reeducation-posturale\/\" class=\"elementor-item\">Postural Reeducation<\/a><\/li>\n<li class=\"menu-item menu-item-type-post_type menu-item-object-page menu-item-124900\"><a href=\"https:\/\/physiofamiliale.com\/en\/physiotherapie\/vestibulaire\/\" class=\"elementor-item\">Vestibular<\/a><\/li>\n<li class=\"menu-item menu-item-type-post_type menu-item-object-page menu-item-124891\"><a href=\"https:\/\/physiofamiliale.com\/en\/physiotherapie\/oncologie\/\" class=\"elementor-item\">Oncology<\/a><\/li>\n<li class=\"menu-item menu-item-type-post_type menu-item-object-page menu-item-124884\"><a href=\"https:\/\/physiofamiliale.com\/en\/physiotherapie\/accident-de-la-route-saaq\/\" class=\"elementor-item\">Traffic Accident (SAAQ)<\/a><\/li>\n<li class=\"menu-item menu-item-type-post_type menu-item-object-page menu-item-126348\"><a href=\"https:\/\/physiofamiliale.com\/en\/physiotherapie\/punctures-physiotherapiques-avec-aiguilles-seches-ppas\/\" class=\"elementor-item\">Dry Needling<\/a><\/li>\n<li class=\"menu-item menu-item-type-post_type menu-item-object-page menu-item-126255\"><a href=\"https:\/\/physiofamiliale.com\/en\/physiotherapie\/shockwave\/\" class=\"elementor-item\">Shockwave therapy<\/a><\/li>\n<\/ul>\t\t\t<\/nav>\n\t\t\t\t\t\t<nav class=\"elementor-nav-menu--dropdown elementor-nav-menu__container\" aria-hidden=\"true\">\n\t\t\t\t<ul id=\"menu-2-fff7f25\" class=\"elementor-nav-menu sm-vertical\"><li class=\"menu-item menu-item-type-post_type menu-item-object-page menu-item-124885\"><a href=\"https:\/\/physiofamiliale.com\/en\/physiotherapie\/arthrite-et-conditions-rhumatologiques\/\" class=\"elementor-item\" tabindex=\"-1\">Arthritis and Rheumatic conditions<\/a><\/li>\n<li class=\"menu-item menu-item-type-post_type menu-item-object-page menu-item-124886\"><a href=\"https:\/\/physiofamiliale.com\/en\/physiotherapie\/articulation-temporo-mandibulaire\/\" class=\"elementor-item\" tabindex=\"-1\">Temporomandibular Joint (TMJ)<\/a><\/li>\n<li class=\"menu-item menu-item-type-post_type menu-item-object-page menu-item-124887\"><a href=\"https:\/\/physiofamiliale.com\/en\/physiotherapie\/commotion-cerebrale\/\" class=\"elementor-item\" tabindex=\"-1\">Concussions<\/a><\/li>\n<li class=\"menu-item menu-item-type-post_type menu-item-object-page menu-item-124889\"><a href=\"https:\/\/physiofamiliale.com\/en\/physiotherapie\/douleur-chronique\/\" class=\"elementor-item\" tabindex=\"-1\">Chronic Pain<\/a><\/li>\n<li class=\"menu-item menu-item-type-post_type menu-item-object-page menu-item-125824\"><a href=\"https:\/\/physiofamiliale.com\/en\/physiotherapie\/maux-de-tete-et-cephalees\/\" class=\"elementor-item\" tabindex=\"-1\">Headaches and Migraines<\/a><\/li>\n<li class=\"menu-item menu-item-type-post_type menu-item-object-page menu-item-124892\"><a href=\"https:\/\/physiofamiliale.com\/en\/physiotherapie\/orthopedie-et-blessures-sportives\/\" class=\"elementor-item\" tabindex=\"-1\">Orthopedic and Sports Injury<\/a><\/li>\n<li class=\"menu-item menu-item-type-post_type menu-item-object-page menu-item-124893\"><a href=\"https:\/\/physiofamiliale.com\/en\/physiotherapie\/pediatrie\/\" class=\"elementor-item\" tabindex=\"-1\">Pediatrics<\/a><\/li>\n<li class=\"menu-item menu-item-type-post_type menu-item-object-page menu-item-124890\"><a href=\"https:\/\/physiofamiliale.com\/en\/physiotherapie\/perinatalite-et-post-partum\/\" class=\"elementor-item\" tabindex=\"-1\">Pregnancy and Postpartum<\/a><\/li>\n<li class=\"menu-item menu-item-type-post_type menu-item-object-page menu-item-124894\"><a href=\"https:\/\/physiofamiliale.com\/en\/physiotherapie\/prevention-des-chutes\/\" class=\"elementor-item\" tabindex=\"-1\">Fall prevention<\/a><\/li>\n<li class=\"menu-item menu-item-type-post_type menu-item-object-page menu-item-124895\"><a href=\"https:\/\/physiofamiliale.com\/en\/physiotherapie\/readaptation-course-a-pied\/\" class=\"elementor-item\" tabindex=\"-1\">Running Rehabilitation<\/a><\/li>\n<li class=\"menu-item menu-item-type-post_type menu-item-object-page menu-item-126491\"><a href=\"https:\/\/physiofamiliale.com\/en\/physiotherapie\/reeducation-perineale-et-pelvienne\/\" class=\"elementor-item\" tabindex=\"-1\">URO-PHYSIO: Pelvic Floor rehabilitation<\/a><\/li>\n<li class=\"menu-item menu-item-type-post_type menu-item-object-page menu-item-124897\"><a href=\"https:\/\/physiofamiliale.com\/en\/physiotherapie\/reeducation-posturale\/\" class=\"elementor-item\" tabindex=\"-1\">Postural Reeducation<\/a><\/li>\n<li class=\"menu-item menu-item-type-post_type menu-item-object-page menu-item-124900\"><a href=\"https:\/\/physiofamiliale.com\/en\/physiotherapie\/vestibulaire\/\" class=\"elementor-item\" tabindex=\"-1\">Vestibular<\/a><\/li>\n<li class=\"menu-item menu-item-type-post_type menu-item-object-page menu-item-124891\"><a href=\"https:\/\/physiofamiliale.com\/en\/physiotherapie\/oncologie\/\" class=\"elementor-item\" tabindex=\"-1\">Oncology<\/a><\/li>\n<li class=\"menu-item menu-item-type-post_type menu-item-object-page menu-item-124884\"><a href=\"https:\/\/physiofamiliale.com\/en\/physiotherapie\/accident-de-la-route-saaq\/\" class=\"elementor-item\" tabindex=\"-1\">Traffic Accident (SAAQ)<\/a><\/li>\n<li class=\"menu-item menu-item-type-post_type menu-item-object-page menu-item-126348\"><a href=\"https:\/\/physiofamiliale.com\/en\/physiotherapie\/punctures-physiotherapiques-avec-aiguilles-seches-ppas\/\" class=\"elementor-item\" tabindex=\"-1\">Dry Needling<\/a><\/li>\n<li class=\"menu-item menu-item-type-post_type menu-item-object-page menu-item-126255\"><a href=\"https:\/\/physiofamiliale.com\/en\/physiotherapie\/shockwave\/\" class=\"elementor-item\" tabindex=\"-1\">Shockwave therapy<\/a><\/li>\n<\/ul>\t\t\t<\/nav>\n\t\t\t\t\t\t<\/div>\n\t\t\t\t<\/div>\n\t\t\t\t\t<\/div>\n\t\t<\/div>\n\t\t\t\t\t<\/div>\n\t\t<\/section>\n\t\t\t\t\t<\/div>\n\t\t<\/div>\n\t\t\t\t\t<\/div>\n\t\t<\/section>\n\t\t<div class=\"elementor-element elementor-element-9b79f44 push-sidebar e-flex e-con-boxed e-con e-parent\" data-id=\"9b79f44\" data-element_type=\"container\" data-e-type=\"container\">\n\t\t\t\t\t<div class=\"e-con-inner\">\n\t\t\t\t\t<\/div>\n\t\t\t\t<\/div>\n\t\t\t\t<\/div>","protected":false},"excerpt":{"rendered":"<p>Lib\u00e9rez-vous des vertiges, retrouvez votre \u00e9quilibre Souffrez-vous d\u2019\u00e9tourdissements, vertiges, troubles visuels ou encore de pertes d&rsquo;\u00e9quilibre? Ces troubles peuvent r\u00e9sulter d&rsquo;un dysfonctionnement du syst\u00e8me vestibulaire, situ\u00e9 dans l&rsquo;oreille interne. Ces sympt\u00f4mes peuvent \u00eatre efficacement pris en charge par nos physioth\u00e9rapeutes exp\u00e9riment\u00e9s en r\u00e9\u00e9ducation vestibulaire. Les raisons de consultation comprennent :\u2022 VPPB (vertige positionnel paroxystique b\u00e9nin)\u2022 [&hellip;]<\/p>\n","protected":false},"author":1,"featured_media":0,"parent":29,"menu_order":4,"comment_status":"closed","ping_status":"closed","template":"","meta":{"_seopress_robots_primary_cat":"","_seopress_titles_title":"","_seopress_titles_desc":"","_seopress_robots_index":"","footnotes":""},"class_list":["post-124452","page","type-page","status-publish","hentry"],"_links":{"self":[{"href":"https:\/\/physiofamiliale.com\/en\/wp-json\/wp\/v2\/pages\/124452","targetHints":{"allow":["GET"]}}],"collection":[{"href":"https:\/\/physiofamiliale.com\/en\/wp-json\/wp\/v2\/pages"}],"about":[{"href":"https:\/\/physiofamiliale.com\/en\/wp-json\/wp\/v2\/types\/page"}],"author":[{"embeddable":true,"href":"https:\/\/physiofamiliale.com\/en\/wp-json\/wp\/v2\/users\/1"}],"replies":[{"embeddable":true,"href":"https:\/\/physiofamiliale.com\/en\/wp-json\/wp\/v2\/comments?post=124452"}],"version-history":[{"count":10,"href":"https:\/\/physiofamiliale.com\/en\/wp-json\/wp\/v2\/pages\/124452\/revisions"}],"predecessor-version":[{"id":129055,"href":"https:\/\/physiofamiliale.com\/en\/wp-json\/wp\/v2\/pages\/124452\/revisions\/129055"}],"up":[{"embeddable":true,"href":"https:\/\/physiofamiliale.com\/en\/wp-json\/wp\/v2\/pages\/29"}],"wp:attachment":[{"href":"https:\/\/physiofamiliale.com\/en\/wp-json\/wp\/v2\/media?parent=124452"}],"curies":[{"name":"wp","href":"https:\/\/api.w.org\/{rel}","templated":true}]}}