{"id":124460,"date":"2024-10-25T04:52:31","date_gmt":"2024-10-25T08:52:31","guid":{"rendered":"https:\/\/physiofamiliale.worryfreeweb.ca\/?page_id=124460"},"modified":"2024-12-19T16:55:38","modified_gmt":"2024-12-19T20:55:38","slug":"shockwave","status":"publish","type":"page","link":"https:\/\/physiofamiliale.com\/en\/physiotherapie\/shockwave\/","title":{"rendered":"Shockwave therapy"},"content":{"rendered":"<div data-elementor-type=\"wp-post\" data-elementor-id=\"124460\" class=\"elementor elementor-124460\" data-elementor-post-type=\"page\">\n\t\t\t\t\t\t<section class=\"elementor-section elementor-top-section elementor-element elementor-element-5d25b21 elementor-section-boxed elementor-section-height-default elementor-section-height-default\" data-id=\"5d25b21\" data-element_type=\"section\" data-e-type=\"section\" data-settings=\"{&quot;background_background&quot;:&quot;classic&quot;}\">\n\t\t\t\t\t\t\t<div class=\"elementor-background-overlay\"><\/div>\n\t\t\t\t\t\t\t<div class=\"elementor-container elementor-column-gap-default\">\n\t\t\t\t\t<div class=\"elementor-column elementor-col-100 elementor-top-column elementor-element elementor-element-7a89c1f0\" data-id=\"7a89c1f0\" data-element_type=\"column\" data-e-type=\"column\">\n\t\t\t<div class=\"elementor-widget-wrap elementor-element-populated\">\n\t\t\t\t\t\t<div class=\"elementor-element elementor-element-54ca9e9a elementor-widget elementor-widget-heading\" data-id=\"54ca9e9a\" data-element_type=\"widget\" data-e-type=\"widget\" data-widget_type=\"heading.default\">\n\t\t\t\t<div class=\"elementor-widget-container\">\n\t\t\t\t\t<h1 class=\"elementor-heading-title elementor-size-default\">Shockwave therapy<\/h1>\t\t\t\t<\/div>\n\t\t\t\t<\/div>\n\t\t\t\t\t<\/div>\n\t\t<\/div>\n\t\t\t\t\t<\/div>\n\t\t<\/section>\n\t\t\t\t<section class=\"elementor-section elementor-top-section elementor-element elementor-element-602a7511 elementor-section-boxed elementor-section-height-default elementor-section-height-default\" data-id=\"602a7511\" data-element_type=\"section\" data-e-type=\"section\">\n\t\t\t\t\t\t<div class=\"elementor-container elementor-column-gap-default\">\n\t\t\t\t\t<div class=\"elementor-column elementor-col-50 elementor-top-column elementor-element elementor-element-14d4f0e8\" data-id=\"14d4f0e8\" data-element_type=\"column\" data-e-type=\"column\">\n\t\t\t<div class=\"elementor-widget-wrap elementor-element-populated\">\n\t\t\t\t\t\t<div class=\"elementor-element elementor-element-4c39440f quatre elementor-widget elementor-widget-heading\" data-id=\"4c39440f\" data-element_type=\"widget\" data-e-type=\"widget\" data-widget_type=\"heading.default\">\n\t\t\t\t<div class=\"elementor-widget-container\">\n\t\t\t\t\t<h3 class=\"elementor-heading-title elementor-size-default\">Shockwave: Non-invasive therapeutic approach<\/h3>\t\t\t\t<\/div>\n\t\t\t\t<\/div>\n\t\t\t\t<div class=\"elementor-element elementor-element-63961e2a elementor-widget elementor-widget-text-editor\" data-id=\"63961e2a\" data-element_type=\"widget\" data-e-type=\"widget\" data-widget_type=\"text-editor.default\">\n\t\t\t\t<div class=\"elementor-widget-container\">\n\t\t\t\t\t\t\t\t\t<p>Radial shockwave therapy is an innovative method that stimulates and accelerates tissue healing by restarting their natural regeneration process. This treatment is ideal for promoting optimal recovery and reducing pain in a sustainable way.<\/p><p>At Clinique Physio Familiale, our experts use shockwaves to treat a wide range of conditions, including:<\/p><ul><li>Calcifications<\/li><li>Carpal tunnel syndrome<\/li><li>Jumper's knee<\/li><li>Epicondylitis (tennis elbow)<\/li><li>Chronic tendinopathies<\/li><li>Trigger points<\/li><li>Plantar fasciitis<\/li><li>Lenoir's spur<\/li><li>Musculoskeletal conditions<\/li><li>Chronic bursopathies<\/li><li>Periostitis<\/li><\/ul><p>\u00a0<\/p><p>Our team of qualified physiotherapists will assess your condition and tailor the treatment to maximize results and facilitate your return to pain-free daily activities. This non-invasive technique allows for rapid recovery in a natural way.<\/p>\t\t\t\t\t\t\t\t<\/div>\n\t\t\t\t<\/div>\n\t\t\t\t<div class=\"elementor-element elementor-element-45e3a8b elementor-widget elementor-widget-image\" data-id=\"45e3a8b\" data-element_type=\"widget\" data-e-type=\"widget\" data-widget_type=\"image.default\">\n\t\t\t\t<div class=\"elementor-widget-container\">\n\t\t\t\t\t\t\t\t\t\t\t\t\t\t\t<img fetchpriority=\"high\" decoding=\"async\" width=\"800\" height=\"400\" src=\"https:\/\/physiofamiliale.com\/wp-content\/uploads\/2024\/10\/shock-1024x512.jpg\" class=\"attachment-large size-large wp-image-124741\" alt=\"\" srcset=\"https:\/\/physiofamiliale.com\/wp-content\/uploads\/2024\/10\/shock-1024x512.jpg 1024w, https:\/\/physiofamiliale.com\/wp-content\/uploads\/2024\/10\/shock-300x150.jpg 300w, https:\/\/physiofamiliale.com\/wp-content\/uploads\/2024\/10\/shock-768x384.jpg 768w, https:\/\/physiofamiliale.com\/wp-content\/uploads\/2024\/10\/shock-18x9.jpg 18w, https:\/\/physiofamiliale.com\/wp-content\/uploads\/2024\/10\/shock.jpg 1200w\" sizes=\"(max-width: 800px) 100vw, 800px\" \/>\t\t\t\t\t\t\t\t\t\t\t\t\t\t\t<\/div>\n\t\t\t\t<\/div>\n\t\t\t\t<div class=\"elementor-element elementor-element-8cd11f3 quatre elementor-widget elementor-widget-heading\" data-id=\"8cd11f3\" data-element_type=\"widget\" data-e-type=\"widget\" data-widget_type=\"heading.default\">\n\t\t\t\t<div class=\"elementor-widget-container\">\n\t\t\t\t\t<h3 class=\"elementor-heading-title elementor-size-default\">What to expect during our sessions<\/h3>\t\t\t\t<\/div>\n\t\t\t\t<\/div>\n\t\t\t\t<div class=\"elementor-element elementor-element-2d973e9 elementor-widget elementor-widget-text-editor\" data-id=\"2d973e9\" data-element_type=\"widget\" data-e-type=\"widget\" data-widget_type=\"text-editor.default\">\n\t\t\t\t<div class=\"elementor-widget-container\">\n\t\t\t\t\t\t\t\t\t<p>At the Physio Familiale clinic, we are dedicated to your rehabilitation and we offer care using the most updated technology and training.<\/p><p>We provide physiotherapy services in a private clinic. The initial assessment for the running program lasts 90 minutes, with follow-up sessions ranging from 45 to 60 minutes. All consultations are conducted in private rooms for your comfort and confidentiality.<\/p><p>During the first session, we assess your physical condition, symptoms, and functional abilities to create a personalized treatment plan. In follow-up sessions, the physiotherapist will apply various therapies, prescribe exercises, and offer advice to support your recovery.\u00a0<\/p><p>During follow-up appointments, the physiotherapist may apply various treatment approaches, prescribe personalized exercises, and provide relevant self-management advice and tools to improve posture, muscular stress, pain and your physical well-being.<\/p>\t\t\t\t\t\t\t\t<\/div>\n\t\t\t\t<\/div>\n\t\t\t\t<div class=\"elementor-element elementor-element-aad24d7 elementor-align-left elementor-widget__width-inherit elementor-widget elementor-widget-button\" data-id=\"aad24d7\" data-element_type=\"widget\" data-e-type=\"widget\" data-widget_type=\"button.default\">\n\t\t\t\t<div class=\"elementor-widget-container\">\n\t\t\t\t\t\t\t\t\t<div class=\"elementor-button-wrapper\">\n\t\t\t\t\t<a class=\"elementor-button elementor-button-link elementor-size-sm\" href=\"https:\/\/physio-familiale.au1.cliniko.com\/bookings?appointment_type_id=300969\">\n\t\t\t\t\t\t<span class=\"elementor-button-content-wrapper\">\n\t\t\t\t\t\t<span class=\"elementor-button-icon\">\n\t\t\t\t<i aria-hidden=\"true\" class=\"fas fa-calendar-alt\"><\/i>\t\t\t<\/span>\n\t\t\t\t\t\t\t\t\t<span class=\"elementor-button-text\">Book an appointment <\/span>\n\t\t\t\t\t<\/span>\n\t\t\t\t\t<\/a>\n\t\t\t\t<\/div>\n\t\t\t\t\t\t\t\t<\/div>\n\t\t\t\t<\/div>\n\t\t\t\t\t<\/div>\n\t\t<\/div>\n\t\t\t\t<div class=\"elementor-column elementor-col-50 elementor-top-column elementor-element elementor-element-6fd57be2\" data-id=\"6fd57be2\" data-element_type=\"column\" data-e-type=\"column\" data-settings=\"{&quot;background_background&quot;:&quot;classic&quot;}\">\n\t\t\t<div class=\"elementor-widget-wrap elementor-element-populated\">\n\t\t\t\t\t\t<section class=\"elementor-section elementor-inner-section elementor-element elementor-element-6593430 side-nav-stick elementor-section-boxed elementor-section-height-default elementor-section-height-default\" data-id=\"6593430\" data-element_type=\"section\" data-e-type=\"section\" data-settings=\"{&quot;background_background&quot;:&quot;classic&quot;}\">\n\t\t\t\t\t\t<div class=\"elementor-container elementor-column-gap-default\">\n\t\t\t\t\t<div class=\"elementor-column elementor-col-100 elementor-inner-column elementor-element elementor-element-ebf1827\" data-id=\"ebf1827\" data-element_type=\"column\" data-e-type=\"column\" data-settings=\"{&quot;background_background&quot;:&quot;classic&quot;}\">\n\t\t\t<div class=\"elementor-widget-wrap elementor-element-populated\">\n\t\t\t\t\t<div class=\"elementor-background-overlay\"><\/div>\n\t\t\t\t\t\t<div class=\"elementor-element elementor-element-a31ae65 elementor-align-justify elementor-widget__width-inherit elementor-widget elementor-widget-button\" data-id=\"a31ae65\" data-element_type=\"widget\" data-e-type=\"widget\" data-widget_type=\"button.default\">\n\t\t\t\t<div class=\"elementor-widget-container\">\n\t\t\t\t\t\t\t\t\t<div class=\"elementor-button-wrapper\">\n\t\t\t\t\t<a class=\"elementor-button elementor-button-link elementor-size-sm\" href=\"https:\/\/physio-familiale.au1.cliniko.com\/bookings?appointment_type_id=300969\">\n\t\t\t\t\t\t<span class=\"elementor-button-content-wrapper\">\n\t\t\t\t\t\t<span class=\"elementor-button-icon\">\n\t\t\t\t<i aria-hidden=\"true\" class=\"fas fa-calendar-alt\"><\/i>\t\t\t<\/span>\n\t\t\t\t\t\t\t\t\t<span class=\"elementor-button-text\">Book an appointment <\/span>\n\t\t\t\t\t<\/span>\n\t\t\t\t\t<\/a>\n\t\t\t\t<\/div>\n\t\t\t\t\t\t\t\t<\/div>\n\t\t\t\t<\/div>\n\t\t\t\t<div class=\"elementor-element elementor-element-1bb494a elementor-widget elementor-widget-heading\" data-id=\"1bb494a\" data-element_type=\"widget\" data-e-type=\"widget\" data-widget_type=\"heading.default\">\n\t\t\t\t<div class=\"elementor-widget-container\">\n\t\t\t\t\t<h3 class=\"elementor-heading-title elementor-size-default\">Who to consult?<\/h3>\t\t\t\t<\/div>\n\t\t\t\t<\/div>\n\t\t\t\t<div class=\"elementor-element elementor-element-6d9263a uael-link-redirect-self_link uael-nav-menu__breakpoint-none uael-nav-menu__align-left uael-submenu-icon-arrow elementor-widget elementor-widget-uael-nav-menu\" data-id=\"6d9263a\" data-element_type=\"widget\" data-e-type=\"widget\" data-widget_type=\"uael-nav-menu.default\">\n\t\t\t\t<div class=\"elementor-widget-container\">\n\t\t\t\t\t\t\t<div class=\"uael-nav-menu uael-layout-vertical uael-nav-menu-layout\" data-layout=\"vertical\">\n\t\t\t\t<div role=\"button\" class=\"uael-nav-menu__toggle elementor-clickable\">\n\t\t\t\t\t<span class=\"screen-reader-text\">Main Menu<\/span>\n\t\t\t\t\t<div class=\"uael-nav-menu-icon\">\n\t\t\t\t\t\t\t\t\t\t\t<\/div>\n\t\t\t\t\t\t\t\t\t<\/div>\n\t\t\t\t\t\t\t\t\t\t<nav class=\"uael-nav-menu__layout-vertical uael-nav-menu__submenu-arrow\" data-toggle-icon=\"\" data-close-icon=\"\" data-full-width=\"\">\n\t\t\t <ul class=\"uael-nav-menu uael-nav-menu-custom uael-custom-wrapper\"><li class=\"menu-item menu-item-has-children parent parent-has-no-child elementor-repeater-item-657c938\" data-dropdown-width=\"default\" data-dropdown-pos=\"left\"><a href=\"https:\/\/physiofamiliale.com\/en\/physiotherapie\/\" class='uael-menu-item'>Physiotherapy<span class='uael-menu-toggle sub-arrow parent-item'><i class='fa'><\/i><\/span><\/a><li class=\"menu-item menu-item-has-children parent parent-has-no-child elementor-repeater-item-3d7ad06\" data-dropdown-width=\"default\" data-dropdown-pos=\"left\"><a href=\"https:\/\/physiofamiliale.com\/en\/ergotherapie\/\" class='uael-menu-item'>Occupational Therapy<span class='uael-menu-toggle sub-arrow parent-item'><i class='fa'><\/i><\/span><\/a><li class=\"menu-item menu-item-has-children parent parent-has-no-child elementor-repeater-item-37dd186\" data-dropdown-width=\"default\" data-dropdown-pos=\"left\"><a href=\"https:\/\/physiofamiliale.com\/en\/kinesiologie\/\" class='uael-menu-item'>Kinesiology<span class='uael-menu-toggle sub-arrow parent-item'><i class='fa'><\/i><\/span><\/a><\/ul>\t\t<\/nav>\n\t\t\t\t\t\t\t<\/div>\n\t\t\t\t\t\t\t<\/div>\n\t\t\t\t<\/div>\n\t\t\t\t<div class=\"elementor-element elementor-element-3cc2589 elementor-widget elementor-widget-heading\" data-id=\"3cc2589\" data-element_type=\"widget\" data-e-type=\"widget\" data-widget_type=\"heading.default\">\n\t\t\t\t<div class=\"elementor-widget-container\">\n\t\t\t\t\t<h3 class=\"elementor-heading-title elementor-size-default\">Expertise<\/h3>\t\t\t\t<\/div>\n\t\t\t\t<\/div>\n\t\t\t\t<div class=\"elementor-element elementor-element-ce35673 elementor-nav-menu__align-start elementor-nav-menu--dropdown-none elementor-widget elementor-widget-nav-menu\" data-id=\"ce35673\" data-element_type=\"widget\" data-e-type=\"widget\" data-settings=\"{&quot;layout&quot;:&quot;vertical&quot;,&quot;submenu_icon&quot;:{&quot;value&quot;:&quot;&lt;i class=\\&quot;fas fa-caret-down\\&quot; aria-hidden=\\&quot;true\\&quot;&gt;&lt;\\\/i&gt;&quot;,&quot;library&quot;:&quot;fa-solid&quot;}}\" data-widget_type=\"nav-menu.default\">\n\t\t\t\t<div class=\"elementor-widget-container\">\n\t\t\t\t\t\t\t\t<nav aria-label=\"Menu\" class=\"elementor-nav-menu--main elementor-nav-menu__container elementor-nav-menu--layout-vertical e--pointer-none\">\n\t\t\t\t<ul id=\"menu-1-ce35673\" class=\"elementor-nav-menu sm-vertical\"><li class=\"menu-item menu-item-type-post_type menu-item-object-page menu-item-124885\"><a href=\"https:\/\/physiofamiliale.com\/en\/physiotherapie\/arthrite-et-conditions-rhumatologiques\/\" class=\"elementor-item\">Arthritis and Rheumatic conditions<\/a><\/li>\n<li class=\"menu-item menu-item-type-post_type menu-item-object-page menu-item-124886\"><a href=\"https:\/\/physiofamiliale.com\/en\/physiotherapie\/articulation-temporo-mandibulaire\/\" class=\"elementor-item\">Temporomandibular Joint (TMJ)<\/a><\/li>\n<li class=\"menu-item menu-item-type-post_type menu-item-object-page menu-item-124887\"><a href=\"https:\/\/physiofamiliale.com\/en\/physiotherapie\/commotion-cerebrale\/\" class=\"elementor-item\">Concussions<\/a><\/li>\n<li class=\"menu-item menu-item-type-post_type menu-item-object-page menu-item-124889\"><a href=\"https:\/\/physiofamiliale.com\/en\/physiotherapie\/douleur-chronique\/\" class=\"elementor-item\">Chronic Pain<\/a><\/li>\n<li class=\"menu-item menu-item-type-post_type menu-item-object-page menu-item-125824\"><a href=\"https:\/\/physiofamiliale.com\/en\/physiotherapie\/maux-de-tete-et-cephalees\/\" class=\"elementor-item\">Headaches and Migraines<\/a><\/li>\n<li class=\"menu-item menu-item-type-post_type menu-item-object-page menu-item-124892\"><a href=\"https:\/\/physiofamiliale.com\/en\/physiotherapie\/orthopedie-et-blessures-sportives\/\" class=\"elementor-item\">Orthopedic and Sports Injury<\/a><\/li>\n<li class=\"menu-item menu-item-type-post_type menu-item-object-page menu-item-124893\"><a href=\"https:\/\/physiofamiliale.com\/en\/physiotherapie\/pediatrie\/\" class=\"elementor-item\">Pediatrics<\/a><\/li>\n<li class=\"menu-item menu-item-type-post_type menu-item-object-page menu-item-124890\"><a href=\"https:\/\/physiofamiliale.com\/en\/physiotherapie\/perinatalite-et-post-partum\/\" class=\"elementor-item\">Pregnancy and Postpartum<\/a><\/li>\n<li class=\"menu-item menu-item-type-post_type menu-item-object-page menu-item-124894\"><a href=\"https:\/\/physiofamiliale.com\/en\/physiotherapie\/prevention-des-chutes\/\" class=\"elementor-item\">Fall prevention<\/a><\/li>\n<li class=\"menu-item menu-item-type-post_type menu-item-object-page menu-item-124895\"><a href=\"https:\/\/physiofamiliale.com\/en\/physiotherapie\/readaptation-course-a-pied\/\" class=\"elementor-item\">Running Rehabilitation<\/a><\/li>\n<li class=\"menu-item menu-item-type-post_type menu-item-object-page menu-item-126491\"><a href=\"https:\/\/physiofamiliale.com\/en\/physiotherapie\/reeducation-perineale-et-pelvienne\/\" class=\"elementor-item\">URO-PHYSIO: Pelvic Floor rehabilitation<\/a><\/li>\n<li class=\"menu-item menu-item-type-post_type menu-item-object-page menu-item-124897\"><a href=\"https:\/\/physiofamiliale.com\/en\/physiotherapie\/reeducation-posturale\/\" class=\"elementor-item\">Postural Reeducation<\/a><\/li>\n<li class=\"menu-item menu-item-type-post_type menu-item-object-page menu-item-124900\"><a href=\"https:\/\/physiofamiliale.com\/en\/physiotherapie\/vestibulaire\/\" class=\"elementor-item\">Vestibular<\/a><\/li>\n<li class=\"menu-item menu-item-type-post_type menu-item-object-page menu-item-124891\"><a href=\"https:\/\/physiofamiliale.com\/en\/physiotherapie\/oncologie\/\" class=\"elementor-item\">Oncology<\/a><\/li>\n<li class=\"menu-item menu-item-type-post_type menu-item-object-page menu-item-124884\"><a href=\"https:\/\/physiofamiliale.com\/en\/physiotherapie\/accident-de-la-route-saaq\/\" class=\"elementor-item\">Traffic Accident (SAAQ)<\/a><\/li>\n<li class=\"menu-item menu-item-type-post_type menu-item-object-page menu-item-126348\"><a href=\"https:\/\/physiofamiliale.com\/en\/physiotherapie\/punctures-physiotherapiques-avec-aiguilles-seches-ppas\/\" class=\"elementor-item\">Dry Needling<\/a><\/li>\n<li class=\"menu-item menu-item-type-post_type menu-item-object-page menu-item-126255\"><a href=\"https:\/\/physiofamiliale.com\/en\/physiotherapie\/shockwave\/\" class=\"elementor-item\">Shockwave therapy<\/a><\/li>\n<\/ul>\t\t\t<\/nav>\n\t\t\t\t\t\t<nav class=\"elementor-nav-menu--dropdown elementor-nav-menu__container\" aria-hidden=\"true\">\n\t\t\t\t<ul id=\"menu-2-ce35673\" class=\"elementor-nav-menu sm-vertical\"><li class=\"menu-item menu-item-type-post_type menu-item-object-page menu-item-124885\"><a href=\"https:\/\/physiofamiliale.com\/en\/physiotherapie\/arthrite-et-conditions-rhumatologiques\/\" class=\"elementor-item\" tabindex=\"-1\">Arthritis and Rheumatic conditions<\/a><\/li>\n<li class=\"menu-item menu-item-type-post_type menu-item-object-page menu-item-124886\"><a href=\"https:\/\/physiofamiliale.com\/en\/physiotherapie\/articulation-temporo-mandibulaire\/\" class=\"elementor-item\" tabindex=\"-1\">Temporomandibular Joint (TMJ)<\/a><\/li>\n<li class=\"menu-item menu-item-type-post_type menu-item-object-page menu-item-124887\"><a href=\"https:\/\/physiofamiliale.com\/en\/physiotherapie\/commotion-cerebrale\/\" class=\"elementor-item\" tabindex=\"-1\">Concussions<\/a><\/li>\n<li class=\"menu-item menu-item-type-post_type menu-item-object-page menu-item-124889\"><a href=\"https:\/\/physiofamiliale.com\/en\/physiotherapie\/douleur-chronique\/\" class=\"elementor-item\" tabindex=\"-1\">Chronic Pain<\/a><\/li>\n<li class=\"menu-item menu-item-type-post_type menu-item-object-page menu-item-125824\"><a href=\"https:\/\/physiofamiliale.com\/en\/physiotherapie\/maux-de-tete-et-cephalees\/\" class=\"elementor-item\" tabindex=\"-1\">Headaches and Migraines<\/a><\/li>\n<li class=\"menu-item menu-item-type-post_type menu-item-object-page menu-item-124892\"><a href=\"https:\/\/physiofamiliale.com\/en\/physiotherapie\/orthopedie-et-blessures-sportives\/\" class=\"elementor-item\" tabindex=\"-1\">Orthopedic and Sports Injury<\/a><\/li>\n<li class=\"menu-item menu-item-type-post_type menu-item-object-page menu-item-124893\"><a href=\"https:\/\/physiofamiliale.com\/en\/physiotherapie\/pediatrie\/\" class=\"elementor-item\" tabindex=\"-1\">Pediatrics<\/a><\/li>\n<li class=\"menu-item menu-item-type-post_type menu-item-object-page menu-item-124890\"><a href=\"https:\/\/physiofamiliale.com\/en\/physiotherapie\/perinatalite-et-post-partum\/\" class=\"elementor-item\" tabindex=\"-1\">Pregnancy and Postpartum<\/a><\/li>\n<li class=\"menu-item menu-item-type-post_type menu-item-object-page menu-item-124894\"><a href=\"https:\/\/physiofamiliale.com\/en\/physiotherapie\/prevention-des-chutes\/\" class=\"elementor-item\" tabindex=\"-1\">Fall prevention<\/a><\/li>\n<li class=\"menu-item menu-item-type-post_type menu-item-object-page menu-item-124895\"><a href=\"https:\/\/physiofamiliale.com\/en\/physiotherapie\/readaptation-course-a-pied\/\" class=\"elementor-item\" tabindex=\"-1\">Running Rehabilitation<\/a><\/li>\n<li class=\"menu-item menu-item-type-post_type menu-item-object-page menu-item-126491\"><a href=\"https:\/\/physiofamiliale.com\/en\/physiotherapie\/reeducation-perineale-et-pelvienne\/\" class=\"elementor-item\" tabindex=\"-1\">URO-PHYSIO: Pelvic Floor rehabilitation<\/a><\/li>\n<li class=\"menu-item menu-item-type-post_type menu-item-object-page menu-item-124897\"><a href=\"https:\/\/physiofamiliale.com\/en\/physiotherapie\/reeducation-posturale\/\" class=\"elementor-item\" tabindex=\"-1\">Postural Reeducation<\/a><\/li>\n<li class=\"menu-item menu-item-type-post_type menu-item-object-page menu-item-124900\"><a href=\"https:\/\/physiofamiliale.com\/en\/physiotherapie\/vestibulaire\/\" class=\"elementor-item\" tabindex=\"-1\">Vestibular<\/a><\/li>\n<li class=\"menu-item menu-item-type-post_type menu-item-object-page menu-item-124891\"><a href=\"https:\/\/physiofamiliale.com\/en\/physiotherapie\/oncologie\/\" class=\"elementor-item\" tabindex=\"-1\">Oncology<\/a><\/li>\n<li class=\"menu-item menu-item-type-post_type menu-item-object-page menu-item-124884\"><a href=\"https:\/\/physiofamiliale.com\/en\/physiotherapie\/accident-de-la-route-saaq\/\" class=\"elementor-item\" tabindex=\"-1\">Traffic Accident (SAAQ)<\/a><\/li>\n<li class=\"menu-item menu-item-type-post_type menu-item-object-page menu-item-126348\"><a href=\"https:\/\/physiofamiliale.com\/en\/physiotherapie\/punctures-physiotherapiques-avec-aiguilles-seches-ppas\/\" class=\"elementor-item\" tabindex=\"-1\">Dry Needling<\/a><\/li>\n<li class=\"menu-item menu-item-type-post_type menu-item-object-page menu-item-126255\"><a href=\"https:\/\/physiofamiliale.com\/en\/physiotherapie\/shockwave\/\" class=\"elementor-item\" tabindex=\"-1\">Shockwave therapy<\/a><\/li>\n<\/ul>\t\t\t<\/nav>\n\t\t\t\t\t\t<\/div>\n\t\t\t\t<\/div>\n\t\t\t\t\t<\/div>\n\t\t<\/div>\n\t\t\t\t\t<\/div>\n\t\t<\/section>\n\t\t\t\t\t<\/div>\n\t\t<\/div>\n\t\t\t\t\t<\/div>\n\t\t<\/section>\n\t\t<div class=\"elementor-element elementor-element-61f492d push-sidebar e-flex e-con-boxed e-con e-parent\" data-id=\"61f492d\" data-element_type=\"container\" data-e-type=\"container\">\n\t\t\t\t\t<div class=\"e-con-inner\">\n\t\t\t\t\t<\/div>\n\t\t\t\t<\/div>\n\t\t\t\t<\/div>","protected":false},"excerpt":{"rendered":"<p>Shockwave: Une approche th\u00e9rapeutique non-invasive La th\u00e9rapie par ondes de choc radiales est une m\u00e9thode innovante qui stimule et acc\u00e9l\u00e8re la gu\u00e9rison des tissus en relan\u00e7ant leur processus de r\u00e9g\u00e9n\u00e9ration naturelle. Ce traitement est id\u00e9al pour favoriser une r\u00e9cup\u00e9ration optimale et r\u00e9duire la douleur de mani\u00e8re durable. Chez PhysioFamiliale, nos experts utilisent les ondes de [&hellip;]<\/p>\n","protected":false},"author":1,"featured_media":0,"parent":29,"menu_order":4,"comment_status":"closed","ping_status":"closed","template":"","meta":{"_seopress_robots_primary_cat":"","_seopress_titles_title":"","_seopress_titles_desc":"","_seopress_robots_index":"","footnotes":""},"class_list":["post-124460","page","type-page","status-publish","hentry"],"_links":{"self":[{"href":"https:\/\/physiofamiliale.com\/en\/wp-json\/wp\/v2\/pages\/124460","targetHints":{"allow":["GET"]}}],"collection":[{"href":"https:\/\/physiofamiliale.com\/en\/wp-json\/wp\/v2\/pages"}],"about":[{"href":"https:\/\/physiofamiliale.com\/en\/wp-json\/wp\/v2\/types\/page"}],"author":[{"embeddable":true,"href":"https:\/\/physiofamiliale.com\/en\/wp-json\/wp\/v2\/users\/1"}],"replies":[{"embeddable":true,"href":"https:\/\/physiofamiliale.com\/en\/wp-json\/wp\/v2\/comments?post=124460"}],"version-history":[{"count":10,"href":"https:\/\/physiofamiliale.com\/en\/wp-json\/wp\/v2\/pages\/124460\/revisions"}],"predecessor-version":[{"id":129052,"href":"https:\/\/physiofamiliale.com\/en\/wp-json\/wp\/v2\/pages\/124460\/revisions\/129052"}],"up":[{"embeddable":true,"href":"https:\/\/physiofamiliale.com\/en\/wp-json\/wp\/v2\/pages\/29"}],"wp:attachment":[{"href":"https:\/\/physiofamiliale.com\/en\/wp-json\/wp\/v2\/media?parent=124460"}],"curies":[{"name":"wp","href":"https:\/\/api.w.org\/{rel}","templated":true}]}}