{"id":124870,"date":"2024-10-30T14:58:09","date_gmt":"2024-10-30T18:58:09","guid":{"rendered":"https:\/\/physiofamiliale.worryfreeweb.ca\/?page_id=124870"},"modified":"2025-03-04T15:26:26","modified_gmt":"2025-03-04T19:26:26","slug":"articulation-temporo-mandibulaire","status":"publish","type":"page","link":"https:\/\/physiofamiliale.com\/en\/physiotherapie\/articulation-temporo-mandibulaire\/","title":{"rendered":"Temporomandibular Joint (TMJ)"},"content":{"rendered":"<div data-elementor-type=\"wp-post\" data-elementor-id=\"124870\" class=\"elementor elementor-124870\" data-elementor-post-type=\"page\">\n\t\t\t\t\t\t<section class=\"elementor-section elementor-top-section elementor-element elementor-element-5d25b21 elementor-section-boxed elementor-section-height-default elementor-section-height-default\" data-id=\"5d25b21\" data-element_type=\"section\" data-e-type=\"section\" data-settings=\"{&quot;background_background&quot;:&quot;classic&quot;}\">\n\t\t\t\t\t\t\t<div class=\"elementor-background-overlay\"><\/div>\n\t\t\t\t\t\t\t<div class=\"elementor-container elementor-column-gap-default\">\n\t\t\t\t\t<div class=\"elementor-column elementor-col-100 elementor-top-column elementor-element elementor-element-7a89c1f0\" data-id=\"7a89c1f0\" data-element_type=\"column\" data-e-type=\"column\">\n\t\t\t<div class=\"elementor-widget-wrap elementor-element-populated\">\n\t\t\t\t\t\t<div class=\"elementor-element elementor-element-54ca9e9a elementor-widget elementor-widget-heading\" data-id=\"54ca9e9a\" data-element_type=\"widget\" data-e-type=\"widget\" data-widget_type=\"heading.default\">\n\t\t\t\t<div class=\"elementor-widget-container\">\n\t\t\t\t\t<h1 class=\"elementor-heading-title elementor-size-default\">Cranio-cervicale et temporo-mandibulaire<\/h1>\t\t\t\t<\/div>\n\t\t\t\t<\/div>\n\t\t\t\t\t<\/div>\n\t\t<\/div>\n\t\t\t\t\t<\/div>\n\t\t<\/section>\n\t\t\t\t<section class=\"elementor-section elementor-top-section elementor-element elementor-element-6d7ddd78 elementor-section-boxed elementor-section-height-default elementor-section-height-default\" data-id=\"6d7ddd78\" data-element_type=\"section\" data-e-type=\"section\">\n\t\t\t\t\t\t<div class=\"elementor-container elementor-column-gap-default\">\n\t\t\t\t\t<div class=\"elementor-column elementor-col-50 elementor-top-column elementor-element elementor-element-78b19d0f\" data-id=\"78b19d0f\" data-element_type=\"column\" data-e-type=\"column\">\n\t\t\t<div class=\"elementor-widget-wrap elementor-element-populated\">\n\t\t\t\t\t\t<div class=\"elementor-element elementor-element-4664611d quatre elementor-widget elementor-widget-heading\" data-id=\"4664611d\" data-element_type=\"widget\" data-e-type=\"widget\" data-widget_type=\"heading.default\">\n\t\t\t\t<div class=\"elementor-widget-container\">\n\t\t\t\t\t<h3 class=\"elementor-heading-title elementor-size-default\">How can physiotherapy help with TMJ pain?<\/h3>\t\t\t\t<\/div>\n\t\t\t\t<\/div>\n\t\t\t\t<div class=\"elementor-element elementor-element-75e499d0 elementor-widget__width-initial elementor-widget elementor-widget-text-editor\" data-id=\"75e499d0\" data-element_type=\"widget\" data-e-type=\"widget\" data-widget_type=\"text-editor.default\">\n\t\t\t\t<div class=\"elementor-widget-container\">\n\t\t\t\t\t\t\t\t\t<p>Do you have difficulty opening or closing your mouth properly? Hearing clicks when chewing? Experiencing jaw pain, headaches, or neck pain? These may be signs of a temporomandibular joint (TMJ) disorder.\u00a0<span style=\"font-family: var( --e-global-typography-text-font-family ), Sans-serif; font-weight: var( --e-global-typography-text-font-weight ); font-size: 1rem;\">m\u00e2choire.<\/span><\/p><p>At Clinique Physio Familiale, our physiotherapist Marie Gagneur is trained to evaluate and treat temporomandibular joint disorders. Using a personalized approach and thorough assessment, she applies a variety of tailored techniques, such as joint mobilizations, muscle release, dry needling, and specific exercises (relaxation, proprioception, strengthening, etc.) to relieve your pain, restore joint mobility, and prevent recurrence. You will also receive specific advice about your condition and practical recommendations for your daily habits to help you regain control and improve your quality of life.<span style=\"font-family: var( --e-global-typography-text-font-family ), Sans-serif; font-weight: var( --e-global-typography-text-font-weight ); font-size: 1rem;\">mandibulaire. Gr\u00e2ce \u00e0 une approche individualis\u00e9e et une \u00e9valuation approfondie, elle utilise une gamme de techniques adapt\u00e9es, telles que des mobilisations articulaires, du rel\u00e2chement musculaire, des aiguilles s\u00e8ches et des exercices sp\u00e9cifiques (relaxation, proprioception, renforcement, etc.) pour soulager\u00a0<\/span><span style=\"font-family: var( --e-global-typography-text-font-family ), Sans-serif; font-weight: var( --e-global-typography-text-font-weight ); font-size: 1rem;\">vos douleurs, restaurer la mobilit\u00e9 de l&rsquo;articulation et pr\u00e9venir les r\u00e9cidives. Vous b\u00e9n\u00e9ficierez \u00e9galement de conseils personnalis\u00e9s sur votre condition et des\u00a0<\/span><span style=\"font-family: var( --e-global-typography-text-font-family ), Sans-serif; font-weight: var( --e-global-typography-text-font-weight ); font-size: 1rem;\">recommandations pratiques concernant vos habitudes de vie, afin de vous aider \u00e0 retrouver un meilleur contr\u00f4le et \u00e0 am\u00e9liorer votre qualit\u00e9 de vie au quotidien.<\/span><\/p>\t\t\t\t\t\t\t\t<\/div>\n\t\t\t\t<\/div>\n\t\t\t\t<div class=\"elementor-element elementor-element-cf682fc quatre elementor-widget elementor-widget-heading\" data-id=\"cf682fc\" data-element_type=\"widget\" data-e-type=\"widget\" data-widget_type=\"heading.default\">\n\t\t\t\t<div class=\"elementor-widget-container\">\n\t\t\t\t\t<h3 class=\"elementor-heading-title elementor-size-default\">What to expect during our sessions<\/h3>\t\t\t\t<\/div>\n\t\t\t\t<\/div>\n\t\t\t\t<div class=\"elementor-element elementor-element-70bc9d elementor-widget elementor-widget-text-editor\" data-id=\"70bc9d\" data-element_type=\"widget\" data-e-type=\"widget\" data-widget_type=\"text-editor.default\">\n\t\t\t\t<div class=\"elementor-widget-container\">\n\t\t\t\t\t\t\t\t\t<p>At Clinique Physio Familiale, we provide personalized physiotherapy care using the latest technology and training.<\/p><p>Your initial 75-minute assessment includes a thorough evaluation of your health and symptoms to create a customized treatment plan. All sessions take place in private rooms to ensure your comfort and confidentiality.<\/p><p>Our team is here to support your recovery. Contact us to book a consultation and start your journey to healing.<\/p>\t\t\t\t\t\t\t\t<\/div>\n\t\t\t\t<\/div>\n\t\t\t\t<div class=\"elementor-element elementor-element-066166b elementor-align-left elementor-widget elementor-widget-button\" data-id=\"066166b\" data-element_type=\"widget\" data-e-type=\"widget\" data-widget_type=\"button.default\">\n\t\t\t\t<div class=\"elementor-widget-container\">\n\t\t\t\t\t\t\t\t\t<div class=\"elementor-button-wrapper\">\n\t\t\t\t\t<a class=\"elementor-button elementor-button-link elementor-size-sm\" href=\"https:\/\/physio-familiale.au1.cliniko.com\/bookings?appointment_type_id=1542958208711132562\" target=\"_blank\">\n\t\t\t\t\t\t<span class=\"elementor-button-content-wrapper\">\n\t\t\t\t\t\t<span class=\"elementor-button-icon\">\n\t\t\t\t<i aria-hidden=\"true\" class=\"fas fa-calendar-alt\"><\/i>\t\t\t<\/span>\n\t\t\t\t\t\t\t\t\t<span class=\"elementor-button-text\">Book an appointment <\/span>\n\t\t\t\t\t<\/span>\n\t\t\t\t\t<\/a>\n\t\t\t\t<\/div>\n\t\t\t\t\t\t\t\t<\/div>\n\t\t\t\t<\/div>\n\t\t<div class=\"elementor-element elementor-element-6dae9fc e-con-full e-flex e-con e-parent\" data-id=\"6dae9fc\" data-element_type=\"container\" data-e-type=\"container\" data-settings=\"{&quot;background_background&quot;:&quot;classic&quot;}\">\n\t\t\t\t<div class=\"elementor-element elementor-element-739c14a elementor-widget elementor-widget-image\" data-id=\"739c14a\" data-element_type=\"widget\" data-e-type=\"widget\" data-widget_type=\"image.default\">\n\t\t\t\t<div class=\"elementor-widget-container\">\n\t\t\t\t\t\t\t\t\t\t\t\t\t\t\t<img decoding=\"async\" width=\"90\" height=\"90\" src=\"https:\/\/physiofamiliale.com\/wp-content\/uploads\/2024\/11\/quote-1.png\" class=\"attachment-large size-large wp-image-125610\" alt=\"\" srcset=\"https:\/\/physiofamiliale.com\/wp-content\/uploads\/2024\/11\/quote-1.png 90w, https:\/\/physiofamiliale.com\/wp-content\/uploads\/2024\/11\/quote-1-12x12.png 12w\" sizes=\"(max-width: 90px) 100vw, 90px\" \/>\t\t\t\t\t\t\t\t\t\t\t\t\t\t\t<\/div>\n\t\t\t\t<\/div>\n\t\t\t\t<div class=\"elementor-element elementor-element-2a6d506 elementor-widget__width-initial elementor-widget elementor-widget-heading\" data-id=\"2a6d506\" data-element_type=\"widget\" data-e-type=\"widget\" data-widget_type=\"heading.default\">\n\t\t\t\t<div class=\"elementor-widget-container\">\n\t\t\t\t\t<p class=\"elementor-heading-title elementor-size-default translation-block\">\"We offer a <em><strong>personalized approach<\/strong><\/em> to help individuals achieve their health goals in prevention, rehabilitation, and performance.\"<\/p>\t\t\t\t<\/div>\n\t\t\t\t<\/div>\n\t\t\t\t<\/div>\n\t\t\t\t\t<\/div>\n\t\t<\/div>\n\t\t\t\t<div class=\"elementor-column elementor-col-50 elementor-top-column elementor-element elementor-element-5bb2977d\" data-id=\"5bb2977d\" data-element_type=\"column\" data-e-type=\"column\" data-settings=\"{&quot;background_background&quot;:&quot;classic&quot;}\">\n\t\t\t<div class=\"elementor-widget-wrap elementor-element-populated\">\n\t\t\t\t\t\t<section class=\"elementor-section elementor-inner-section elementor-element elementor-element-1728ff3 side-nav-stick elementor-section-boxed elementor-section-height-default elementor-section-height-default\" data-id=\"1728ff3\" data-element_type=\"section\" data-e-type=\"section\" data-settings=\"{&quot;background_background&quot;:&quot;classic&quot;}\">\n\t\t\t\t\t\t<div class=\"elementor-container elementor-column-gap-default\">\n\t\t\t\t\t<div class=\"elementor-column elementor-col-100 elementor-inner-column elementor-element elementor-element-269b10e\" data-id=\"269b10e\" data-element_type=\"column\" data-e-type=\"column\" data-settings=\"{&quot;background_background&quot;:&quot;classic&quot;}\">\n\t\t\t<div class=\"elementor-widget-wrap elementor-element-populated\">\n\t\t\t\t\t<div class=\"elementor-background-overlay\"><\/div>\n\t\t\t\t\t\t<div class=\"elementor-element elementor-element-1a739c5 elementor-align-justify elementor-widget__width-inherit elementor-widget elementor-widget-button\" data-id=\"1a739c5\" data-element_type=\"widget\" data-e-type=\"widget\" data-widget_type=\"button.default\">\n\t\t\t\t<div class=\"elementor-widget-container\">\n\t\t\t\t\t\t\t\t\t<div class=\"elementor-button-wrapper\">\n\t\t\t\t\t<a class=\"elementor-button elementor-button-link elementor-size-sm\" href=\"#form\">\n\t\t\t\t\t\t<span class=\"elementor-button-content-wrapper\">\n\t\t\t\t\t\t<span class=\"elementor-button-icon\">\n\t\t\t\t<i aria-hidden=\"true\" class=\"fas fa-calendar-alt\"><\/i>\t\t\t<\/span>\n\t\t\t\t\t\t\t\t\t<span class=\"elementor-button-text\">Book an appointment <\/span>\n\t\t\t\t\t<\/span>\n\t\t\t\t\t<\/a>\n\t\t\t\t<\/div>\n\t\t\t\t\t\t\t\t<\/div>\n\t\t\t\t<\/div>\n\t\t\t\t<div class=\"elementor-element elementor-element-85520f7 elementor-widget elementor-widget-heading\" data-id=\"85520f7\" data-element_type=\"widget\" data-e-type=\"widget\" data-widget_type=\"heading.default\">\n\t\t\t\t<div class=\"elementor-widget-container\">\n\t\t\t\t\t<h3 class=\"elementor-heading-title elementor-size-default\">Who to consult?<\/h3>\t\t\t\t<\/div>\n\t\t\t\t<\/div>\n\t\t\t\t<div class=\"elementor-element elementor-element-ff23cec uael-link-redirect-self_link uael-nav-menu__breakpoint-none uael-nav-menu__align-left uael-submenu-icon-arrow elementor-widget elementor-widget-uael-nav-menu\" data-id=\"ff23cec\" data-element_type=\"widget\" data-e-type=\"widget\" data-widget_type=\"uael-nav-menu.default\">\n\t\t\t\t<div class=\"elementor-widget-container\">\n\t\t\t\t\t\t\t<div class=\"uael-nav-menu uael-layout-vertical uael-nav-menu-layout\" data-layout=\"vertical\">\n\t\t\t\t<div role=\"button\" class=\"uael-nav-menu__toggle elementor-clickable\">\n\t\t\t\t\t<span class=\"screen-reader-text\">Main Menu<\/span>\n\t\t\t\t\t<div class=\"uael-nav-menu-icon\">\n\t\t\t\t\t\t\t\t\t\t\t<\/div>\n\t\t\t\t\t\t\t\t\t<\/div>\n\t\t\t\t\t\t\t\t\t\t<nav class=\"uael-nav-menu__layout-vertical uael-nav-menu__submenu-arrow\" data-toggle-icon=\"\" data-close-icon=\"\" data-full-width=\"\">\n\t\t\t <ul class=\"uael-nav-menu uael-nav-menu-custom uael-custom-wrapper\"><li class=\"menu-item menu-item-has-children parent parent-has-no-child elementor-repeater-item-657c938\" data-dropdown-width=\"default\" data-dropdown-pos=\"left\"><a href=\"https:\/\/physiofamiliale.com\/en\/physiotherapie\/\" class='uael-menu-item'>Physiotherapy<span class='uael-menu-toggle sub-arrow parent-item'><i class='fa'><\/i><\/span><\/a><li class=\"menu-item menu-item-has-children parent parent-has-no-child elementor-repeater-item-3d7ad06\" data-dropdown-width=\"default\" data-dropdown-pos=\"left\"><a href=\"https:\/\/physiofamiliale.com\/en\/ergotherapie\/\" class='uael-menu-item'>Occupational Therapy<span class='uael-menu-toggle sub-arrow parent-item'><i class='fa'><\/i><\/span><\/a><li class=\"menu-item menu-item-has-children parent parent-has-no-child elementor-repeater-item-37dd186\" data-dropdown-width=\"default\" data-dropdown-pos=\"left\"><a href=\"https:\/\/physiofamiliale.com\/en\/kinesiologie\/\" class='uael-menu-item'>Kinesiology<span class='uael-menu-toggle sub-arrow parent-item'><i class='fa'><\/i><\/span><\/a><\/ul>\t\t<\/nav>\n\t\t\t\t\t\t\t<\/div>\n\t\t\t\t\t\t\t<\/div>\n\t\t\t\t<\/div>\n\t\t\t\t<div class=\"elementor-element elementor-element-b0aea79 elementor-widget elementor-widget-heading\" data-id=\"b0aea79\" data-element_type=\"widget\" data-e-type=\"widget\" data-widget_type=\"heading.default\">\n\t\t\t\t<div class=\"elementor-widget-container\">\n\t\t\t\t\t<h3 class=\"elementor-heading-title elementor-size-default\">Expertise<\/h3>\t\t\t\t<\/div>\n\t\t\t\t<\/div>\n\t\t\t\t<div class=\"elementor-element elementor-element-35d83cf elementor-nav-menu__align-start elementor-nav-menu--dropdown-none elementor-widget elementor-widget-nav-menu\" data-id=\"35d83cf\" data-element_type=\"widget\" data-e-type=\"widget\" data-settings=\"{&quot;layout&quot;:&quot;vertical&quot;,&quot;submenu_icon&quot;:{&quot;value&quot;:&quot;&lt;i class=\\&quot;fas fa-caret-down\\&quot; aria-hidden=\\&quot;true\\&quot;&gt;&lt;\\\/i&gt;&quot;,&quot;library&quot;:&quot;fa-solid&quot;}}\" data-widget_type=\"nav-menu.default\">\n\t\t\t\t<div class=\"elementor-widget-container\">\n\t\t\t\t\t\t\t\t<nav aria-label=\"Menu\" class=\"elementor-nav-menu--main elementor-nav-menu__container elementor-nav-menu--layout-vertical e--pointer-none\">\n\t\t\t\t<ul id=\"menu-1-35d83cf\" class=\"elementor-nav-menu sm-vertical\"><li class=\"menu-item menu-item-type-post_type menu-item-object-page menu-item-124885\"><a href=\"https:\/\/physiofamiliale.com\/en\/physiotherapie\/arthrite-et-conditions-rhumatologiques\/\" class=\"elementor-item\">Arthritis and Rheumatic conditions<\/a><\/li>\n<li class=\"menu-item menu-item-type-post_type menu-item-object-page menu-item-124886\"><a href=\"https:\/\/physiofamiliale.com\/en\/physiotherapie\/articulation-temporo-mandibulaire\/\" class=\"elementor-item\">Temporomandibular Joint (TMJ)<\/a><\/li>\n<li class=\"menu-item menu-item-type-post_type menu-item-object-page menu-item-124887\"><a href=\"https:\/\/physiofamiliale.com\/en\/physiotherapie\/commotion-cerebrale\/\" class=\"elementor-item\">Concussions<\/a><\/li>\n<li class=\"menu-item menu-item-type-post_type menu-item-object-page menu-item-124889\"><a href=\"https:\/\/physiofamiliale.com\/en\/physiotherapie\/douleur-chronique\/\" class=\"elementor-item\">Chronic Pain<\/a><\/li>\n<li class=\"menu-item menu-item-type-post_type menu-item-object-page menu-item-125824\"><a href=\"https:\/\/physiofamiliale.com\/en\/physiotherapie\/maux-de-tete-et-cephalees\/\" class=\"elementor-item\">Headaches and Migraines<\/a><\/li>\n<li class=\"menu-item menu-item-type-post_type menu-item-object-page menu-item-124892\"><a href=\"https:\/\/physiofamiliale.com\/en\/physiotherapie\/orthopedie-et-blessures-sportives\/\" class=\"elementor-item\">Orthopedic and Sports Injury<\/a><\/li>\n<li class=\"menu-item menu-item-type-post_type menu-item-object-page menu-item-124893\"><a href=\"https:\/\/physiofamiliale.com\/en\/physiotherapie\/pediatrie\/\" class=\"elementor-item\">Pediatrics<\/a><\/li>\n<li class=\"menu-item menu-item-type-post_type menu-item-object-page menu-item-124890\"><a href=\"https:\/\/physiofamiliale.com\/en\/physiotherapie\/perinatalite-et-post-partum\/\" class=\"elementor-item\">Pregnancy and Postpartum<\/a><\/li>\n<li class=\"menu-item menu-item-type-post_type menu-item-object-page menu-item-124894\"><a href=\"https:\/\/physiofamiliale.com\/en\/physiotherapie\/prevention-des-chutes\/\" class=\"elementor-item\">Fall prevention<\/a><\/li>\n<li class=\"menu-item menu-item-type-post_type menu-item-object-page menu-item-124895\"><a href=\"https:\/\/physiofamiliale.com\/en\/physiotherapie\/readaptation-course-a-pied\/\" class=\"elementor-item\">Running Rehabilitation<\/a><\/li>\n<li class=\"menu-item menu-item-type-post_type menu-item-object-page menu-item-126491\"><a href=\"https:\/\/physiofamiliale.com\/en\/physiotherapie\/reeducation-perineale-et-pelvienne\/\" class=\"elementor-item\">URO-PHYSIO: Pelvic Floor rehabilitation<\/a><\/li>\n<li class=\"menu-item menu-item-type-post_type menu-item-object-page menu-item-124897\"><a href=\"https:\/\/physiofamiliale.com\/en\/physiotherapie\/reeducation-posturale\/\" class=\"elementor-item\">Postural Reeducation<\/a><\/li>\n<li class=\"menu-item menu-item-type-post_type menu-item-object-page menu-item-124900\"><a href=\"https:\/\/physiofamiliale.com\/en\/physiotherapie\/vestibulaire\/\" class=\"elementor-item\">Vestibular<\/a><\/li>\n<li class=\"menu-item menu-item-type-post_type menu-item-object-page menu-item-124891\"><a href=\"https:\/\/physiofamiliale.com\/en\/physiotherapie\/oncologie\/\" class=\"elementor-item\">Oncology<\/a><\/li>\n<li class=\"menu-item menu-item-type-post_type menu-item-object-page menu-item-124884\"><a href=\"https:\/\/physiofamiliale.com\/en\/physiotherapie\/accident-de-la-route-saaq\/\" class=\"elementor-item\">Traffic Accident (SAAQ)<\/a><\/li>\n<li class=\"menu-item menu-item-type-post_type menu-item-object-page menu-item-126348\"><a href=\"https:\/\/physiofamiliale.com\/en\/physiotherapie\/punctures-physiotherapiques-avec-aiguilles-seches-ppas\/\" class=\"elementor-item\">Dry Needling<\/a><\/li>\n<li class=\"menu-item menu-item-type-post_type menu-item-object-page menu-item-126255\"><a href=\"https:\/\/physiofamiliale.com\/en\/physiotherapie\/shockwave\/\" class=\"elementor-item\">Shockwave therapy<\/a><\/li>\n<\/ul>\t\t\t<\/nav>\n\t\t\t\t\t\t<nav class=\"elementor-nav-menu--dropdown elementor-nav-menu__container\" aria-hidden=\"true\">\n\t\t\t\t<ul id=\"menu-2-35d83cf\" class=\"elementor-nav-menu sm-vertical\"><li class=\"menu-item menu-item-type-post_type menu-item-object-page menu-item-124885\"><a href=\"https:\/\/physiofamiliale.com\/en\/physiotherapie\/arthrite-et-conditions-rhumatologiques\/\" class=\"elementor-item\" tabindex=\"-1\">Arthritis and Rheumatic conditions<\/a><\/li>\n<li class=\"menu-item menu-item-type-post_type menu-item-object-page menu-item-124886\"><a href=\"https:\/\/physiofamiliale.com\/en\/physiotherapie\/articulation-temporo-mandibulaire\/\" class=\"elementor-item\" tabindex=\"-1\">Temporomandibular Joint (TMJ)<\/a><\/li>\n<li class=\"menu-item menu-item-type-post_type menu-item-object-page menu-item-124887\"><a href=\"https:\/\/physiofamiliale.com\/en\/physiotherapie\/commotion-cerebrale\/\" class=\"elementor-item\" tabindex=\"-1\">Concussions<\/a><\/li>\n<li class=\"menu-item menu-item-type-post_type menu-item-object-page menu-item-124889\"><a href=\"https:\/\/physiofamiliale.com\/en\/physiotherapie\/douleur-chronique\/\" class=\"elementor-item\" tabindex=\"-1\">Chronic Pain<\/a><\/li>\n<li class=\"menu-item menu-item-type-post_type menu-item-object-page menu-item-125824\"><a href=\"https:\/\/physiofamiliale.com\/en\/physiotherapie\/maux-de-tete-et-cephalees\/\" class=\"elementor-item\" tabindex=\"-1\">Headaches and Migraines<\/a><\/li>\n<li class=\"menu-item menu-item-type-post_type menu-item-object-page menu-item-124892\"><a href=\"https:\/\/physiofamiliale.com\/en\/physiotherapie\/orthopedie-et-blessures-sportives\/\" class=\"elementor-item\" tabindex=\"-1\">Orthopedic and Sports Injury<\/a><\/li>\n<li class=\"menu-item menu-item-type-post_type menu-item-object-page menu-item-124893\"><a href=\"https:\/\/physiofamiliale.com\/en\/physiotherapie\/pediatrie\/\" class=\"elementor-item\" tabindex=\"-1\">Pediatrics<\/a><\/li>\n<li class=\"menu-item menu-item-type-post_type menu-item-object-page menu-item-124890\"><a href=\"https:\/\/physiofamiliale.com\/en\/physiotherapie\/perinatalite-et-post-partum\/\" class=\"elementor-item\" tabindex=\"-1\">Pregnancy and Postpartum<\/a><\/li>\n<li class=\"menu-item menu-item-type-post_type menu-item-object-page menu-item-124894\"><a href=\"https:\/\/physiofamiliale.com\/en\/physiotherapie\/prevention-des-chutes\/\" class=\"elementor-item\" tabindex=\"-1\">Fall prevention<\/a><\/li>\n<li class=\"menu-item menu-item-type-post_type menu-item-object-page menu-item-124895\"><a href=\"https:\/\/physiofamiliale.com\/en\/physiotherapie\/readaptation-course-a-pied\/\" class=\"elementor-item\" tabindex=\"-1\">Running Rehabilitation<\/a><\/li>\n<li class=\"menu-item menu-item-type-post_type menu-item-object-page menu-item-126491\"><a href=\"https:\/\/physiofamiliale.com\/en\/physiotherapie\/reeducation-perineale-et-pelvienne\/\" class=\"elementor-item\" tabindex=\"-1\">URO-PHYSIO: Pelvic Floor rehabilitation<\/a><\/li>\n<li class=\"menu-item menu-item-type-post_type menu-item-object-page menu-item-124897\"><a href=\"https:\/\/physiofamiliale.com\/en\/physiotherapie\/reeducation-posturale\/\" class=\"elementor-item\" tabindex=\"-1\">Postural Reeducation<\/a><\/li>\n<li class=\"menu-item menu-item-type-post_type menu-item-object-page menu-item-124900\"><a href=\"https:\/\/physiofamiliale.com\/en\/physiotherapie\/vestibulaire\/\" class=\"elementor-item\" tabindex=\"-1\">Vestibular<\/a><\/li>\n<li class=\"menu-item menu-item-type-post_type menu-item-object-page menu-item-124891\"><a href=\"https:\/\/physiofamiliale.com\/en\/physiotherapie\/oncologie\/\" class=\"elementor-item\" tabindex=\"-1\">Oncology<\/a><\/li>\n<li class=\"menu-item menu-item-type-post_type menu-item-object-page menu-item-124884\"><a href=\"https:\/\/physiofamiliale.com\/en\/physiotherapie\/accident-de-la-route-saaq\/\" class=\"elementor-item\" tabindex=\"-1\">Traffic Accident (SAAQ)<\/a><\/li>\n<li class=\"menu-item menu-item-type-post_type menu-item-object-page menu-item-126348\"><a href=\"https:\/\/physiofamiliale.com\/en\/physiotherapie\/punctures-physiotherapiques-avec-aiguilles-seches-ppas\/\" class=\"elementor-item\" tabindex=\"-1\">Dry Needling<\/a><\/li>\n<li class=\"menu-item menu-item-type-post_type menu-item-object-page menu-item-126255\"><a href=\"https:\/\/physiofamiliale.com\/en\/physiotherapie\/shockwave\/\" class=\"elementor-item\" tabindex=\"-1\">Shockwave therapy<\/a><\/li>\n<\/ul>\t\t\t<\/nav>\n\t\t\t\t\t\t<\/div>\n\t\t\t\t<\/div>\n\t\t\t\t\t<\/div>\n\t\t<\/div>\n\t\t\t\t\t<\/div>\n\t\t<\/section>\n\t\t\t\t\t<\/div>\n\t\t<\/div>\n\t\t\t\t\t<\/div>\n\t\t<\/section>\n\t\t<div class=\"elementor-element elementor-element-caa1724 push-sidebar e-flex e-con-boxed e-con e-parent\" data-id=\"caa1724\" data-element_type=\"container\" data-e-type=\"container\">\n\t\t\t\t\t<div class=\"e-con-inner\">\n\t\t\t\t\t<\/div>\n\t\t\t\t<\/div>\n\t\t\t\t<\/div>","protected":false},"excerpt":{"rendered":"<p>Cranio-cervicale et temporo-mandibulaire Troubles de la m\u00e2choire, comment la physioth\u00e9rapie peut aider? Vous avez de la difficult\u00e9 \u00e0 ouvrir ou fermer la bouche correctement? Vous entendez des craquements lorsque vous m\u00e2chez? Ou vous souffrez tout simplement de douleurs \u00e0 la m\u00e2choire, de maux de t\u00eate ou encore de douleurs cervicales? Ces probl\u00e9matiques peuvent \u00eatre reli\u00e9es [&hellip;]<\/p>\n","protected":false},"author":1,"featured_media":0,"parent":29,"menu_order":4,"comment_status":"closed","ping_status":"closed","template":"","meta":{"_seopress_robots_primary_cat":"","_seopress_titles_title":"","_seopress_titles_desc":"","_seopress_robots_index":"","footnotes":""},"class_list":["post-124870","page","type-page","status-publish","hentry"],"_links":{"self":[{"href":"https:\/\/physiofamiliale.com\/en\/wp-json\/wp\/v2\/pages\/124870","targetHints":{"allow":["GET"]}}],"collection":[{"href":"https:\/\/physiofamiliale.com\/en\/wp-json\/wp\/v2\/pages"}],"about":[{"href":"https:\/\/physiofamiliale.com\/en\/wp-json\/wp\/v2\/types\/page"}],"author":[{"embeddable":true,"href":"https:\/\/physiofamiliale.com\/en\/wp-json\/wp\/v2\/users\/1"}],"replies":[{"embeddable":true,"href":"https:\/\/physiofamiliale.com\/en\/wp-json\/wp\/v2\/comments?post=124870"}],"version-history":[{"count":10,"href":"https:\/\/physiofamiliale.com\/en\/wp-json\/wp\/v2\/pages\/124870\/revisions"}],"predecessor-version":[{"id":137718,"href":"https:\/\/physiofamiliale.com\/en\/wp-json\/wp\/v2\/pages\/124870\/revisions\/137718"}],"up":[{"embeddable":true,"href":"https:\/\/physiofamiliale.com\/en\/wp-json\/wp\/v2\/pages\/29"}],"wp:attachment":[{"href":"https:\/\/physiofamiliale.com\/en\/wp-json\/wp\/v2\/media?parent=124870"}],"curies":[{"name":"wp","href":"https:\/\/api.w.org\/{rel}","templated":true}]}}