{"id":124878,"date":"2024-10-30T14:59:58","date_gmt":"2024-10-30T18:59:58","guid":{"rendered":"https:\/\/physiofamiliale.worryfreeweb.ca\/?page_id=124878"},"modified":"2024-12-19T16:52:37","modified_gmt":"2024-12-19T20:52:37","slug":"arthrite-et-conditions-rhumatologiques","status":"publish","type":"page","link":"https:\/\/physiofamiliale.com\/en\/physiotherapie\/arthrite-et-conditions-rhumatologiques\/","title":{"rendered":"Arthritis and Rheumatic conditions"},"content":{"rendered":"<div data-elementor-type=\"wp-post\" data-elementor-id=\"124878\" class=\"elementor elementor-124878\" data-elementor-post-type=\"page\">\n\t\t\t\t\t\t<section class=\"elementor-section elementor-top-section elementor-element elementor-element-5d25b21 elementor-section-boxed elementor-section-height-default elementor-section-height-default\" data-id=\"5d25b21\" data-element_type=\"section\" data-e-type=\"section\" data-settings=\"{&quot;background_background&quot;:&quot;classic&quot;}\">\n\t\t\t\t\t\t\t<div class=\"elementor-background-overlay\"><\/div>\n\t\t\t\t\t\t\t<div class=\"elementor-container elementor-column-gap-default\">\n\t\t\t\t\t<div class=\"elementor-column elementor-col-100 elementor-top-column elementor-element elementor-element-7a89c1f0\" data-id=\"7a89c1f0\" data-element_type=\"column\" data-e-type=\"column\">\n\t\t\t<div class=\"elementor-widget-wrap elementor-element-populated\">\n\t\t\t\t\t\t<div class=\"elementor-element elementor-element-54ca9e9a elementor-widget elementor-widget-heading\" data-id=\"54ca9e9a\" data-element_type=\"widget\" data-e-type=\"widget\" data-widget_type=\"heading.default\">\n\t\t\t\t<div class=\"elementor-widget-container\">\n\t\t\t\t\t<h1 class=\"elementor-heading-title elementor-size-default\">Arthritis and Rheumatic conditions<\/h1>\t\t\t\t<\/div>\n\t\t\t\t<\/div>\n\t\t\t\t\t<\/div>\n\t\t<\/div>\n\t\t\t\t\t<\/div>\n\t\t<\/section>\n\t\t\t\t<section class=\"elementor-section elementor-top-section elementor-element elementor-element-6d7ddd78 elementor-section-boxed elementor-section-height-default elementor-section-height-default\" data-id=\"6d7ddd78\" data-element_type=\"section\" data-e-type=\"section\">\n\t\t\t\t\t\t<div class=\"elementor-container elementor-column-gap-default\">\n\t\t\t\t\t<div class=\"elementor-column elementor-col-50 elementor-top-column elementor-element elementor-element-78b19d0f\" data-id=\"78b19d0f\" data-element_type=\"column\" data-e-type=\"column\">\n\t\t\t<div class=\"elementor-widget-wrap elementor-element-populated\">\n\t\t\t\t\t\t<div class=\"elementor-element elementor-element-4664611d quatre elementor-widget elementor-widget-heading\" data-id=\"4664611d\" data-element_type=\"widget\" data-e-type=\"widget\" data-widget_type=\"heading.default\">\n\t\t\t\t<div class=\"elementor-widget-container\">\n\t\t\t\t\t<h3 class=\"elementor-heading-title elementor-size-default\">Arthritis: Take back control of your movement with physiotherapy<\/h3>\t\t\t\t<\/div>\n\t\t\t\t<\/div>\n\t\t\t\t<div class=\"elementor-element elementor-element-75e499d0 elementor-widget__width-initial elementor-widget elementor-widget-text-editor\" data-id=\"75e499d0\" data-element_type=\"widget\" data-e-type=\"widget\" data-widget_type=\"text-editor.default\">\n\t\t\t\t<div class=\"elementor-widget-container\">\n\t\t\t\t\t\t\t\t\t<p>Joint inflammation is characterized by pain, stiffness, swelling and reduced mobility in the affected area.<\/p><p>At Clinique Physio Familiale, our physiotherapist Laurianne Loew plays an essential role in managing arthritis and rheumatological conditions by optimizing joint function, alleviating pain, and promoting client autonomy. Laurianne will support you in understanding the complex impacts of these conditions and provide comprehensive, personalized care.<\/p><p>The rheumatological conditions treated in physiotherapy include:<\/p><ul><li>Rheumatoid arthritis<\/li><li>Osteoarthritis<\/li><li>Ankylosing spondylitis<\/li><li>Fibromyalgia<\/li><li>Chondromalacia<\/li><li>Post-surgical follow-up for joint replacements<\/li><\/ul><p>Therapeutic approaches include pain-relief techniques such as manual therapy, thermal modalities, and electrotherapy. A customized exercise program is developed, incorporating strengthening, stretching, and endurance exercises to restore joint function. You will also receive personalized advice on symptom management strategies, including self-management recommendations and energy conservation techniques for daily activities to reduce fatigue and discomfort.<\/p><p>The ultimate goal is to increase joint mobility, improve flexibility, and support functionality in daily activities for an enhanced quality of life, helping to prevent condition regression or inflammatory flare-ups.<\/p>\t\t\t\t\t\t\t\t<\/div>\n\t\t\t\t<\/div>\n\t\t\t\t<div class=\"elementor-element elementor-element-5bed50b quatre elementor-widget elementor-widget-heading\" data-id=\"5bed50b\" data-element_type=\"widget\" data-e-type=\"widget\" data-widget_type=\"heading.default\">\n\t\t\t\t<div class=\"elementor-widget-container\">\n\t\t\t\t\t<h3 class=\"elementor-heading-title elementor-size-default\">What to expect during our sessions<\/h3>\t\t\t\t<\/div>\n\t\t\t\t<\/div>\n\t\t\t\t<div class=\"elementor-element elementor-element-70bc9d elementor-widget elementor-widget-text-editor\" data-id=\"70bc9d\" data-element_type=\"widget\" data-e-type=\"widget\" data-widget_type=\"text-editor.default\">\n\t\t\t\t<div class=\"elementor-widget-container\">\n\t\t\t\t\t\t\t\t\t<p>We are fully committed to supporting your recovery by offering physiotherapy care based on the latest technological advancements and highly expertise. Our physiotherapy services are provided in a private setting, where each session is carefully tailored to meet your individual needs.<\/p><p>Our physiotherapy services are offered in a private setting, where each session is carefully designed to meet your individual needs.<\/p><p>Your first consultation includes an initial assessment lasting 75 minutes, allowing for a thorough analysis of your health status, symptoms, and functional abilities. This comprehensive evaluation helps us develop a personalized treatment plan aligned with your goals.<\/p><p>To ensure your comfort and maintain confidentiality, all consultations are conducted in private rooms.<\/p><p>Follow-up sessions, lasting 45 to 60 minutes, incorporate various therapeutic approaches tailored to your specific condition. During these sessions, the physiotherapist may also recommend targeted exercises for you to do at home and provide self-management tips to improve your well-being and enhance your quality of life.<\/p>\t\t\t\t\t\t\t\t<\/div>\n\t\t\t\t<\/div>\n\t\t\t\t<div class=\"elementor-element elementor-element-b8f8dc5 elementor-align-left elementor-widget elementor-widget-button\" data-id=\"b8f8dc5\" data-element_type=\"widget\" data-e-type=\"widget\" data-widget_type=\"button.default\">\n\t\t\t\t<div class=\"elementor-widget-container\">\n\t\t\t\t\t\t\t\t\t<div class=\"elementor-button-wrapper\">\n\t\t\t\t\t<a class=\"elementor-button elementor-button-link elementor-size-sm\" href=\"https:\/\/physio-familiale.au1.cliniko.com\/bookings?appointment_type_id=1447202626633467157\" target=\"_blank\">\n\t\t\t\t\t\t<span class=\"elementor-button-content-wrapper\">\n\t\t\t\t\t\t<span class=\"elementor-button-icon\">\n\t\t\t\t<i aria-hidden=\"true\" class=\"fas fa-calendar-alt\"><\/i>\t\t\t<\/span>\n\t\t\t\t\t\t\t\t\t<span class=\"elementor-button-text\">Book an appointment <\/span>\n\t\t\t\t\t<\/span>\n\t\t\t\t\t<\/a>\n\t\t\t\t<\/div>\n\t\t\t\t\t\t\t\t<\/div>\n\t\t\t\t<\/div>\n\t\t<div class=\"elementor-element elementor-element-344a324 e-con-full e-flex e-con e-parent\" data-id=\"344a324\" data-element_type=\"container\" data-e-type=\"container\" data-settings=\"{&quot;background_background&quot;:&quot;classic&quot;}\">\n\t\t\t\t<div class=\"elementor-element elementor-element-6bbf8de elementor-widget elementor-widget-image\" data-id=\"6bbf8de\" data-element_type=\"widget\" data-e-type=\"widget\" data-widget_type=\"image.default\">\n\t\t\t\t<div class=\"elementor-widget-container\">\n\t\t\t\t\t\t\t\t\t\t\t\t\t\t\t<img decoding=\"async\" width=\"90\" height=\"90\" src=\"https:\/\/physiofamiliale.com\/wp-content\/uploads\/2024\/11\/quote-1.png\" class=\"attachment-large size-large wp-image-125610\" alt=\"\" srcset=\"https:\/\/physiofamiliale.com\/wp-content\/uploads\/2024\/11\/quote-1.png 90w, https:\/\/physiofamiliale.com\/wp-content\/uploads\/2024\/11\/quote-1-12x12.png 12w\" sizes=\"(max-width: 90px) 100vw, 90px\" \/>\t\t\t\t\t\t\t\t\t\t\t\t\t\t\t<\/div>\n\t\t\t\t<\/div>\n\t\t\t\t<div class=\"elementor-element elementor-element-0b2728a elementor-widget__width-initial elementor-widget elementor-widget-heading\" data-id=\"0b2728a\" data-element_type=\"widget\" data-e-type=\"widget\" data-widget_type=\"heading.default\">\n\t\t\t\t<div class=\"elementor-widget-container\">\n\t\t\t\t\t<p class=\"elementor-heading-title elementor-size-default translation-block\">\"We offer a <em><strong>personalized approach<\/strong><\/em> to help individuals achieve their health goals in prevention, rehabilitation, and performance.\"<\/p>\t\t\t\t<\/div>\n\t\t\t\t<\/div>\n\t\t\t\t<\/div>\n\t\t\t\t\t<\/div>\n\t\t<\/div>\n\t\t\t\t<div class=\"elementor-column elementor-col-50 elementor-top-column elementor-element elementor-element-5bb2977d\" data-id=\"5bb2977d\" data-element_type=\"column\" data-e-type=\"column\" data-settings=\"{&quot;background_background&quot;:&quot;classic&quot;}\">\n\t\t\t<div class=\"elementor-widget-wrap elementor-element-populated\">\n\t\t\t\t\t\t<section class=\"elementor-section elementor-inner-section elementor-element elementor-element-372362de side-nav-stick elementor-section-boxed elementor-section-height-default elementor-section-height-default\" data-id=\"372362de\" data-element_type=\"section\" data-e-type=\"section\" data-settings=\"{&quot;background_background&quot;:&quot;classic&quot;}\">\n\t\t\t\t\t\t<div class=\"elementor-container elementor-column-gap-default\">\n\t\t\t\t\t<div class=\"elementor-column elementor-col-100 elementor-inner-column elementor-element elementor-element-544df63c\" data-id=\"544df63c\" data-element_type=\"column\" data-e-type=\"column\" data-settings=\"{&quot;background_background&quot;:&quot;classic&quot;}\">\n\t\t\t<div class=\"elementor-widget-wrap elementor-element-populated\">\n\t\t\t\t\t<div class=\"elementor-background-overlay\"><\/div>\n\t\t\t\t\t\t<div class=\"elementor-element elementor-element-675f6493 elementor-align-justify elementor-widget__width-inherit elementor-widget elementor-widget-button\" data-id=\"675f6493\" data-element_type=\"widget\" data-e-type=\"widget\" data-widget_type=\"button.default\">\n\t\t\t\t<div class=\"elementor-widget-container\">\n\t\t\t\t\t\t\t\t\t<div class=\"elementor-button-wrapper\">\n\t\t\t\t\t<a class=\"elementor-button elementor-button-link elementor-size-sm\" href=\"https:\/\/physio-familiale.au1.cliniko.com\/bookings?appointment_type_id=1447202626633467157\">\n\t\t\t\t\t\t<span class=\"elementor-button-content-wrapper\">\n\t\t\t\t\t\t<span class=\"elementor-button-icon\">\n\t\t\t\t<i aria-hidden=\"true\" class=\"fas fa-calendar-alt\"><\/i>\t\t\t<\/span>\n\t\t\t\t\t\t\t\t\t<span class=\"elementor-button-text\">Book an appointment <\/span>\n\t\t\t\t\t<\/span>\n\t\t\t\t\t<\/a>\n\t\t\t\t<\/div>\n\t\t\t\t\t\t\t\t<\/div>\n\t\t\t\t<\/div>\n\t\t\t\t<div class=\"elementor-element elementor-element-1ce4bb03 elementor-widget elementor-widget-heading\" data-id=\"1ce4bb03\" data-element_type=\"widget\" data-e-type=\"widget\" data-widget_type=\"heading.default\">\n\t\t\t\t<div class=\"elementor-widget-container\">\n\t\t\t\t\t<h3 class=\"elementor-heading-title elementor-size-default\">Who to consult?<\/h3>\t\t\t\t<\/div>\n\t\t\t\t<\/div>\n\t\t\t\t<div class=\"elementor-element elementor-element-213ddea uael-link-redirect-self_link uael-nav-menu__breakpoint-none uael-nav-menu__align-left uael-submenu-icon-arrow elementor-widget elementor-widget-uael-nav-menu\" data-id=\"213ddea\" data-element_type=\"widget\" data-e-type=\"widget\" data-widget_type=\"uael-nav-menu.default\">\n\t\t\t\t<div class=\"elementor-widget-container\">\n\t\t\t\t\t\t\t<div class=\"uael-nav-menu uael-layout-vertical uael-nav-menu-layout\" data-layout=\"vertical\">\n\t\t\t\t<div role=\"button\" class=\"uael-nav-menu__toggle elementor-clickable\">\n\t\t\t\t\t<span class=\"screen-reader-text\">Main Menu<\/span>\n\t\t\t\t\t<div class=\"uael-nav-menu-icon\">\n\t\t\t\t\t\t\t\t\t\t\t<\/div>\n\t\t\t\t\t\t\t\t\t<\/div>\n\t\t\t\t\t\t\t\t\t\t<nav class=\"uael-nav-menu__layout-vertical uael-nav-menu__submenu-arrow\" data-toggle-icon=\"\" data-close-icon=\"\" data-full-width=\"\">\n\t\t\t <ul class=\"uael-nav-menu uael-nav-menu-custom uael-custom-wrapper\"><li class=\"menu-item menu-item-has-children parent parent-has-no-child elementor-repeater-item-657c938\" data-dropdown-width=\"default\" data-dropdown-pos=\"left\"><a href=\"https:\/\/physiofamiliale.com\/en\/physiotherapie\/\" class='uael-menu-item'>Physiotherapy<span class='uael-menu-toggle sub-arrow parent-item'><i class='fa'><\/i><\/span><\/a><li class=\"menu-item menu-item-has-children parent parent-has-no-child elementor-repeater-item-3d7ad06\" data-dropdown-width=\"default\" data-dropdown-pos=\"left\"><a href=\"https:\/\/physiofamiliale.com\/en\/ergotherapie\/\" class='uael-menu-item'>Occupational Therapy<span class='uael-menu-toggle sub-arrow parent-item'><i class='fa'><\/i><\/span><\/a><li class=\"menu-item menu-item-has-children parent parent-has-no-child elementor-repeater-item-37dd186\" data-dropdown-width=\"default\" data-dropdown-pos=\"left\"><a href=\"https:\/\/physiofamiliale.com\/en\/kinesiologie\/\" class='uael-menu-item'>Kinesiology<span class='uael-menu-toggle sub-arrow parent-item'><i class='fa'><\/i><\/span><\/a><\/ul>\t\t<\/nav>\n\t\t\t\t\t\t\t<\/div>\n\t\t\t\t\t\t\t<\/div>\n\t\t\t\t<\/div>\n\t\t\t\t<div class=\"elementor-element elementor-element-3f2d10cf elementor-widget elementor-widget-heading\" data-id=\"3f2d10cf\" data-element_type=\"widget\" data-e-type=\"widget\" data-widget_type=\"heading.default\">\n\t\t\t\t<div class=\"elementor-widget-container\">\n\t\t\t\t\t<h3 class=\"elementor-heading-title elementor-size-default\">Expertise<\/h3>\t\t\t\t<\/div>\n\t\t\t\t<\/div>\n\t\t\t\t<div class=\"elementor-element elementor-element-bc8d0b0 elementor-nav-menu__align-start elementor-nav-menu--dropdown-none elementor-widget elementor-widget-nav-menu\" data-id=\"bc8d0b0\" data-element_type=\"widget\" data-e-type=\"widget\" data-settings=\"{&quot;layout&quot;:&quot;vertical&quot;,&quot;submenu_icon&quot;:{&quot;value&quot;:&quot;&lt;i class=\\&quot;fas fa-caret-down\\&quot; aria-hidden=\\&quot;true\\&quot;&gt;&lt;\\\/i&gt;&quot;,&quot;library&quot;:&quot;fa-solid&quot;}}\" data-widget_type=\"nav-menu.default\">\n\t\t\t\t<div class=\"elementor-widget-container\">\n\t\t\t\t\t\t\t\t<nav aria-label=\"Menu\" class=\"elementor-nav-menu--main elementor-nav-menu__container elementor-nav-menu--layout-vertical e--pointer-none\">\n\t\t\t\t<ul id=\"menu-1-bc8d0b0\" class=\"elementor-nav-menu sm-vertical\"><li class=\"menu-item menu-item-type-post_type menu-item-object-page menu-item-124885\"><a href=\"https:\/\/physiofamiliale.com\/en\/physiotherapie\/arthrite-et-conditions-rhumatologiques\/\" class=\"elementor-item\">Arthritis and Rheumatic conditions<\/a><\/li>\n<li class=\"menu-item menu-item-type-post_type menu-item-object-page menu-item-124886\"><a href=\"https:\/\/physiofamiliale.com\/en\/physiotherapie\/articulation-temporo-mandibulaire\/\" class=\"elementor-item\">Temporomandibular Joint (TMJ)<\/a><\/li>\n<li class=\"menu-item menu-item-type-post_type menu-item-object-page menu-item-124887\"><a href=\"https:\/\/physiofamiliale.com\/en\/physiotherapie\/commotion-cerebrale\/\" class=\"elementor-item\">Concussions<\/a><\/li>\n<li class=\"menu-item menu-item-type-post_type menu-item-object-page menu-item-124889\"><a href=\"https:\/\/physiofamiliale.com\/en\/physiotherapie\/douleur-chronique\/\" class=\"elementor-item\">Chronic Pain<\/a><\/li>\n<li class=\"menu-item menu-item-type-post_type menu-item-object-page menu-item-125824\"><a href=\"https:\/\/physiofamiliale.com\/en\/physiotherapie\/maux-de-tete-et-cephalees\/\" class=\"elementor-item\">Headaches and Migraines<\/a><\/li>\n<li class=\"menu-item menu-item-type-post_type menu-item-object-page menu-item-124892\"><a href=\"https:\/\/physiofamiliale.com\/en\/physiotherapie\/orthopedie-et-blessures-sportives\/\" class=\"elementor-item\">Orthopedic and Sports Injury<\/a><\/li>\n<li class=\"menu-item menu-item-type-post_type menu-item-object-page menu-item-124893\"><a href=\"https:\/\/physiofamiliale.com\/en\/physiotherapie\/pediatrie\/\" class=\"elementor-item\">Pediatrics<\/a><\/li>\n<li class=\"menu-item menu-item-type-post_type menu-item-object-page menu-item-124890\"><a href=\"https:\/\/physiofamiliale.com\/en\/physiotherapie\/perinatalite-et-post-partum\/\" class=\"elementor-item\">Pregnancy and Postpartum<\/a><\/li>\n<li class=\"menu-item menu-item-type-post_type menu-item-object-page menu-item-124894\"><a href=\"https:\/\/physiofamiliale.com\/en\/physiotherapie\/prevention-des-chutes\/\" class=\"elementor-item\">Fall prevention<\/a><\/li>\n<li class=\"menu-item menu-item-type-post_type menu-item-object-page menu-item-124895\"><a href=\"https:\/\/physiofamiliale.com\/en\/physiotherapie\/readaptation-course-a-pied\/\" class=\"elementor-item\">Running Rehabilitation<\/a><\/li>\n<li class=\"menu-item menu-item-type-post_type menu-item-object-page menu-item-126491\"><a href=\"https:\/\/physiofamiliale.com\/en\/physiotherapie\/reeducation-perineale-et-pelvienne\/\" class=\"elementor-item\">URO-PHYSIO: Pelvic Floor rehabilitation<\/a><\/li>\n<li class=\"menu-item menu-item-type-post_type menu-item-object-page menu-item-124897\"><a href=\"https:\/\/physiofamiliale.com\/en\/physiotherapie\/reeducation-posturale\/\" class=\"elementor-item\">Postural Reeducation<\/a><\/li>\n<li class=\"menu-item menu-item-type-post_type menu-item-object-page menu-item-124900\"><a href=\"https:\/\/physiofamiliale.com\/en\/physiotherapie\/vestibulaire\/\" class=\"elementor-item\">Vestibular<\/a><\/li>\n<li class=\"menu-item menu-item-type-post_type menu-item-object-page menu-item-124891\"><a href=\"https:\/\/physiofamiliale.com\/en\/physiotherapie\/oncologie\/\" class=\"elementor-item\">Oncology<\/a><\/li>\n<li class=\"menu-item menu-item-type-post_type menu-item-object-page menu-item-124884\"><a href=\"https:\/\/physiofamiliale.com\/en\/physiotherapie\/accident-de-la-route-saaq\/\" class=\"elementor-item\">Traffic Accident (SAAQ)<\/a><\/li>\n<li class=\"menu-item menu-item-type-post_type menu-item-object-page menu-item-126348\"><a href=\"https:\/\/physiofamiliale.com\/en\/physiotherapie\/punctures-physiotherapiques-avec-aiguilles-seches-ppas\/\" class=\"elementor-item\">Dry Needling<\/a><\/li>\n<li class=\"menu-item menu-item-type-post_type menu-item-object-page menu-item-126255\"><a href=\"https:\/\/physiofamiliale.com\/en\/physiotherapie\/shockwave\/\" class=\"elementor-item\">Shockwave therapy<\/a><\/li>\n<\/ul>\t\t\t<\/nav>\n\t\t\t\t\t\t<nav class=\"elementor-nav-menu--dropdown elementor-nav-menu__container\" aria-hidden=\"true\">\n\t\t\t\t<ul id=\"menu-2-bc8d0b0\" class=\"elementor-nav-menu sm-vertical\"><li class=\"menu-item menu-item-type-post_type menu-item-object-page menu-item-124885\"><a href=\"https:\/\/physiofamiliale.com\/en\/physiotherapie\/arthrite-et-conditions-rhumatologiques\/\" class=\"elementor-item\" tabindex=\"-1\">Arthritis and Rheumatic conditions<\/a><\/li>\n<li class=\"menu-item menu-item-type-post_type menu-item-object-page menu-item-124886\"><a href=\"https:\/\/physiofamiliale.com\/en\/physiotherapie\/articulation-temporo-mandibulaire\/\" class=\"elementor-item\" tabindex=\"-1\">Temporomandibular Joint (TMJ)<\/a><\/li>\n<li class=\"menu-item menu-item-type-post_type menu-item-object-page menu-item-124887\"><a href=\"https:\/\/physiofamiliale.com\/en\/physiotherapie\/commotion-cerebrale\/\" class=\"elementor-item\" tabindex=\"-1\">Concussions<\/a><\/li>\n<li class=\"menu-item menu-item-type-post_type menu-item-object-page menu-item-124889\"><a href=\"https:\/\/physiofamiliale.com\/en\/physiotherapie\/douleur-chronique\/\" class=\"elementor-item\" tabindex=\"-1\">Chronic Pain<\/a><\/li>\n<li class=\"menu-item menu-item-type-post_type menu-item-object-page menu-item-125824\"><a href=\"https:\/\/physiofamiliale.com\/en\/physiotherapie\/maux-de-tete-et-cephalees\/\" class=\"elementor-item\" tabindex=\"-1\">Headaches and Migraines<\/a><\/li>\n<li class=\"menu-item menu-item-type-post_type menu-item-object-page menu-item-124892\"><a href=\"https:\/\/physiofamiliale.com\/en\/physiotherapie\/orthopedie-et-blessures-sportives\/\" class=\"elementor-item\" tabindex=\"-1\">Orthopedic and Sports Injury<\/a><\/li>\n<li class=\"menu-item menu-item-type-post_type menu-item-object-page menu-item-124893\"><a href=\"https:\/\/physiofamiliale.com\/en\/physiotherapie\/pediatrie\/\" class=\"elementor-item\" tabindex=\"-1\">Pediatrics<\/a><\/li>\n<li class=\"menu-item menu-item-type-post_type menu-item-object-page menu-item-124890\"><a href=\"https:\/\/physiofamiliale.com\/en\/physiotherapie\/perinatalite-et-post-partum\/\" class=\"elementor-item\" tabindex=\"-1\">Pregnancy and Postpartum<\/a><\/li>\n<li class=\"menu-item menu-item-type-post_type menu-item-object-page menu-item-124894\"><a href=\"https:\/\/physiofamiliale.com\/en\/physiotherapie\/prevention-des-chutes\/\" class=\"elementor-item\" tabindex=\"-1\">Fall prevention<\/a><\/li>\n<li class=\"menu-item menu-item-type-post_type menu-item-object-page menu-item-124895\"><a href=\"https:\/\/physiofamiliale.com\/en\/physiotherapie\/readaptation-course-a-pied\/\" class=\"elementor-item\" tabindex=\"-1\">Running Rehabilitation<\/a><\/li>\n<li class=\"menu-item menu-item-type-post_type menu-item-object-page menu-item-126491\"><a href=\"https:\/\/physiofamiliale.com\/en\/physiotherapie\/reeducation-perineale-et-pelvienne\/\" class=\"elementor-item\" tabindex=\"-1\">URO-PHYSIO: Pelvic Floor rehabilitation<\/a><\/li>\n<li class=\"menu-item menu-item-type-post_type menu-item-object-page menu-item-124897\"><a href=\"https:\/\/physiofamiliale.com\/en\/physiotherapie\/reeducation-posturale\/\" class=\"elementor-item\" tabindex=\"-1\">Postural Reeducation<\/a><\/li>\n<li class=\"menu-item menu-item-type-post_type menu-item-object-page menu-item-124900\"><a href=\"https:\/\/physiofamiliale.com\/en\/physiotherapie\/vestibulaire\/\" class=\"elementor-item\" tabindex=\"-1\">Vestibular<\/a><\/li>\n<li class=\"menu-item menu-item-type-post_type menu-item-object-page menu-item-124891\"><a href=\"https:\/\/physiofamiliale.com\/en\/physiotherapie\/oncologie\/\" class=\"elementor-item\" tabindex=\"-1\">Oncology<\/a><\/li>\n<li class=\"menu-item menu-item-type-post_type menu-item-object-page menu-item-124884\"><a href=\"https:\/\/physiofamiliale.com\/en\/physiotherapie\/accident-de-la-route-saaq\/\" class=\"elementor-item\" tabindex=\"-1\">Traffic Accident (SAAQ)<\/a><\/li>\n<li class=\"menu-item menu-item-type-post_type menu-item-object-page menu-item-126348\"><a href=\"https:\/\/physiofamiliale.com\/en\/physiotherapie\/punctures-physiotherapiques-avec-aiguilles-seches-ppas\/\" class=\"elementor-item\" tabindex=\"-1\">Dry Needling<\/a><\/li>\n<li class=\"menu-item menu-item-type-post_type menu-item-object-page menu-item-126255\"><a href=\"https:\/\/physiofamiliale.com\/en\/physiotherapie\/shockwave\/\" class=\"elementor-item\" tabindex=\"-1\">Shockwave therapy<\/a><\/li>\n<\/ul>\t\t\t<\/nav>\n\t\t\t\t\t\t<\/div>\n\t\t\t\t<\/div>\n\t\t\t\t\t<\/div>\n\t\t<\/div>\n\t\t\t\t\t<\/div>\n\t\t<\/section>\n\t\t\t\t\t<\/div>\n\t\t<\/div>\n\t\t\t\t\t<\/div>\n\t\t<\/section>\n\t\t<div class=\"elementor-element elementor-element-caa1724 push-sidebar e-flex e-con-boxed e-con e-parent\" data-id=\"caa1724\" data-element_type=\"container\" data-e-type=\"container\">\n\t\t\t\t\t<div class=\"e-con-inner\">\n\t\t\t\t\t<\/div>\n\t\t\t\t<\/div>\n\t\t\t\t<\/div>","protected":false},"excerpt":{"rendered":"<p>Arthrite: Reprenez le contr\u00f4le de vos mouvements avec la physioth\u00e9rapie L&rsquo;inflammation des articulations se caract\u00e9rise de diff\u00e9rentes fa\u00e7ons telles que la douleur, la raideur, le gonflement et une diminution de la mobilit\u00e9 dans la zone touch\u00e9e. Chez Physio Familiale, notre physioth\u00e9rapeute Laurianne Loew joue un r\u00f4le essentiel dans la prise en charge de l&rsquo;arthrite et [&hellip;]<\/p>\n","protected":false},"author":1,"featured_media":0,"parent":29,"menu_order":4,"comment_status":"closed","ping_status":"closed","template":"","meta":{"_seopress_robots_primary_cat":"","_seopress_titles_title":"","_seopress_titles_desc":"","_seopress_robots_index":"","footnotes":""},"class_list":["post-124878","page","type-page","status-publish","hentry"],"_links":{"self":[{"href":"https:\/\/physiofamiliale.com\/en\/wp-json\/wp\/v2\/pages\/124878","targetHints":{"allow":["GET"]}}],"collection":[{"href":"https:\/\/physiofamiliale.com\/en\/wp-json\/wp\/v2\/pages"}],"about":[{"href":"https:\/\/physiofamiliale.com\/en\/wp-json\/wp\/v2\/types\/page"}],"author":[{"embeddable":true,"href":"https:\/\/physiofamiliale.com\/en\/wp-json\/wp\/v2\/users\/1"}],"replies":[{"embeddable":true,"href":"https:\/\/physiofamiliale.com\/en\/wp-json\/wp\/v2\/comments?post=124878"}],"version-history":[{"count":10,"href":"https:\/\/physiofamiliale.com\/en\/wp-json\/wp\/v2\/pages\/124878\/revisions"}],"predecessor-version":[{"id":129013,"href":"https:\/\/physiofamiliale.com\/en\/wp-json\/wp\/v2\/pages\/124878\/revisions\/129013"}],"up":[{"embeddable":true,"href":"https:\/\/physiofamiliale.com\/en\/wp-json\/wp\/v2\/pages\/29"}],"wp:attachment":[{"href":"https:\/\/physiofamiliale.com\/en\/wp-json\/wp\/v2\/media?parent=124878"}],"curies":[{"name":"wp","href":"https:\/\/api.w.org\/{rel}","templated":true}]}}