{"id":126075,"date":"2024-11-12T15:12:08","date_gmt":"2024-11-12T19:12:08","guid":{"rendered":"https:\/\/physiofamiliale.worryfreeweb.ca\/?page_id=126075"},"modified":"2024-11-20T11:30:19","modified_gmt":"2024-11-20T15:30:19","slug":"laurence-laberge","status":"publish","type":"page","link":"https:\/\/physiofamiliale.com\/en\/notre-equipe\/laurence-laberge\/","title":{"rendered":"Laurence Laberge"},"content":{"rendered":"<div data-elementor-type=\"wp-page\" data-elementor-id=\"126075\" class=\"elementor elementor-126075\" data-elementor-post-type=\"page\">\n\t\t\t\t<div class=\"elementor-element elementor-element-157b6c25 e-flex e-con-boxed e-con e-parent\" data-id=\"157b6c25\" data-element_type=\"container\" data-e-type=\"container\" data-settings=\"{&quot;background_background&quot;:&quot;classic&quot;}\">\n\t\t\t\t\t<div class=\"e-con-inner\">\n\t\t<div class=\"elementor-element elementor-element-a0f2b7d e-con-full e-flex e-con e-child\" data-id=\"a0f2b7d\" data-element_type=\"container\" data-e-type=\"container\" data-settings=\"{&quot;background_background&quot;:&quot;classic&quot;}\">\n\t\t\t\t<div class=\"elementor-element elementor-element-7001d21f elementor-widget elementor-widget-image\" data-id=\"7001d21f\" data-element_type=\"widget\" data-e-type=\"widget\" data-widget_type=\"image.default\">\n\t\t\t\t<div class=\"elementor-widget-container\">\n\t\t\t\t\t\t\t\t\t\t\t\t\t\t\t<img fetchpriority=\"high\" decoding=\"async\" width=\"683\" height=\"1024\" src=\"https:\/\/physiofamiliale.com\/wp-content\/uploads\/2024\/11\/laurence-683x1024.jpg\" class=\"attachment-large size-large wp-image-125154\" alt=\"\" srcset=\"https:\/\/physiofamiliale.com\/wp-content\/uploads\/2024\/11\/laurence-683x1024.jpg 683w, https:\/\/physiofamiliale.com\/wp-content\/uploads\/2024\/11\/laurence-200x300.jpg 200w, https:\/\/physiofamiliale.com\/wp-content\/uploads\/2024\/11\/laurence-768x1152.jpg 768w, https:\/\/physiofamiliale.com\/wp-content\/uploads\/2024\/11\/laurence-8x12.jpg 8w, https:\/\/physiofamiliale.com\/wp-content\/uploads\/2024\/11\/laurence.jpg 800w\" sizes=\"(max-width: 683px) 100vw, 683px\" \/>\t\t\t\t\t\t\t\t\t\t\t\t\t\t\t<\/div>\n\t\t\t\t<\/div>\n\t\t\t\t<div class=\"elementor-element elementor-element-6a662fcf elementor-align-justify elementor-widget__width-inherit elementor-widget elementor-widget-button\" data-id=\"6a662fcf\" data-element_type=\"widget\" data-e-type=\"widget\" data-widget_type=\"button.default\">\n\t\t\t\t<div class=\"elementor-widget-container\">\n\t\t\t\t\t\t\t\t\t<div class=\"elementor-button-wrapper\">\n\t\t\t\t\t<a class=\"elementor-button elementor-button-link elementor-size-sm\" href=\"https:\/\/physiofamiliale.com\/en\/notre-equipe\/\">\n\t\t\t\t\t\t<span class=\"elementor-button-content-wrapper\">\n\t\t\t\t\t\t<span class=\"elementor-button-icon\">\n\t\t\t\t<i aria-hidden=\"true\" class=\"fas fa-arrow-circle-left\"><\/i>\t\t\t<\/span>\n\t\t\t\t\t\t\t\t\t<span class=\"elementor-button-text\">SEE OUR TEAM<\/span>\n\t\t\t\t\t<\/span>\n\t\t\t\t\t<\/a>\n\t\t\t\t<\/div>\n\t\t\t\t\t\t\t\t<\/div>\n\t\t\t\t<\/div>\n\t\t\t\t<\/div>\n\t\t<div class=\"elementor-element elementor-element-1ffc5506 e-con-full e-flex e-con e-child\" data-id=\"1ffc5506\" data-element_type=\"container\" data-e-type=\"container\" data-settings=\"{&quot;background_background&quot;:&quot;classic&quot;}\">\n\t\t<div class=\"elementor-element elementor-element-4f453789 e-con-full e-flex e-con e-child\" data-id=\"4f453789\" data-element_type=\"container\" data-e-type=\"container\" data-settings=\"{&quot;background_background&quot;:&quot;classic&quot;}\">\n\t\t<div class=\"elementor-element elementor-element-bf19509 e-con-full e-flex e-con e-child\" data-id=\"bf19509\" data-element_type=\"container\" data-e-type=\"container\" data-settings=\"{&quot;background_background&quot;:&quot;classic&quot;}\">\n\t\t\t\t<div class=\"elementor-element elementor-element-58a54283 elementor-widget__width-inherit elementor-widget elementor-widget-heading\" data-id=\"58a54283\" data-element_type=\"widget\" data-e-type=\"widget\" data-widget_type=\"heading.default\">\n\t\t\t\t<div class=\"elementor-widget-container\">\n\t\t\t\t\t<h1 class=\"elementor-heading-title elementor-size-default\">Laurence Laberge<\/h1>\t\t\t\t<\/div>\n\t\t\t\t<\/div>\n\t\t\t\t<div class=\"elementor-element elementor-element-444c6bc1 elementor-widget elementor-widget-heading\" data-id=\"444c6bc1\" data-element_type=\"widget\" data-e-type=\"widget\" data-widget_type=\"heading.default\">\n\t\t\t\t<div class=\"elementor-widget-container\">\n\t\t\t\t\t<h2 class=\"elementor-heading-title elementor-size-default\">Receptionist<\/h2>\t\t\t\t<\/div>\n\t\t\t\t<\/div>\n\t\t\t\t<\/div>\n\t\t<div class=\"elementor-element elementor-element-7350f625 e-con-full e-flex e-con e-child\" data-id=\"7350f625\" data-element_type=\"container\" data-e-type=\"container\" data-settings=\"{&quot;background_background&quot;:&quot;classic&quot;}\">\n\t\t<div class=\"elementor-element elementor-element-2c2b7757 e-con-full e-flex e-con e-child\" data-id=\"2c2b7757\" data-element_type=\"container\" data-e-type=\"container\">\n\t\t\t\t<div class=\"elementor-element elementor-element-27ba518b elementor-widget elementor-widget-heading\" data-id=\"27ba518b\" data-element_type=\"widget\" data-e-type=\"widget\" data-widget_type=\"heading.default\">\n\t\t\t\t<div class=\"elementor-widget-container\">\n\t\t\t\t\t<h2 class=\"elementor-heading-title elementor-size-default\">Education<\/h2>\t\t\t\t<\/div>\n\t\t\t\t<\/div>\n\t\t\t\t<div class=\"elementor-element elementor-element-962c02b elementor-widget elementor-widget-text-editor\" data-id=\"962c02b\" data-element_type=\"widget\" data-e-type=\"widget\" data-widget_type=\"text-editor.default\">\n\t\t\t\t<div class=\"elementor-widget-container\">\n\t\t\t\t\t\t\t\t\tLaurence is currently a student in Nutrition at the University of Ottawa, with a background as a dietetic technician. Alongside her interest in healthy living, she has developed a passion for customer service and is committed to providing a warm and welcoming experience for everyone.\t\t\t\t\t\t\t\t<\/div>\n\t\t\t\t<\/div>\n\t\t\t\t<\/div>\n\t\t<div class=\"elementor-element elementor-element-3f4040fe e-con-full e-flex e-con e-child\" data-id=\"3f4040fe\" data-element_type=\"container\" data-e-type=\"container\">\n\t\t\t\t<div class=\"elementor-element elementor-element-57925e10 elementor-widget elementor-widget-heading\" data-id=\"57925e10\" data-element_type=\"widget\" data-e-type=\"widget\" data-widget_type=\"heading.default\">\n\t\t\t\t<div class=\"elementor-widget-container\">\n\t\t\t\t\t<h2 class=\"elementor-heading-title elementor-size-default\">Interests<\/h2>\t\t\t\t<\/div>\n\t\t\t\t<\/div>\n\t\t\t\t<div class=\"elementor-element elementor-element-f6b6224 elementor-position-left elementor-vertical-align-middle elementor-widget elementor-widget-image-box\" data-id=\"f6b6224\" data-element_type=\"widget\" data-e-type=\"widget\" data-widget_type=\"image-box.default\">\n\t\t\t\t<div class=\"elementor-widget-container\">\n\t\t\t\t\t<div class=\"elementor-image-box-wrapper\"><figure class=\"elementor-image-box-img\"><img decoding=\"async\" width=\"85\" height=\"85\" src=\"https:\/\/physiofamiliale.com\/wp-content\/uploads\/2024\/11\/run.png\" class=\"attachment-full size-full wp-image-125554\" alt=\"\" srcset=\"https:\/\/physiofamiliale.com\/wp-content\/uploads\/2024\/11\/run.png 85w, https:\/\/physiofamiliale.com\/wp-content\/uploads\/2024\/11\/run-12x12.png 12w\" sizes=\"(max-width: 85px) 100vw, 85px\" \/><\/figure><div class=\"elementor-image-box-content\"><h3 class=\"elementor-image-box-title\">Hiking<\/h3><\/div><\/div>\t\t\t\t<\/div>\n\t\t\t\t<\/div>\n\t\t\t\t<div class=\"elementor-element elementor-element-01505b9 elementor-position-left elementor-vertical-align-middle elementor-widget elementor-widget-image-box\" data-id=\"01505b9\" data-element_type=\"widget\" data-e-type=\"widget\" data-widget_type=\"image-box.default\">\n\t\t\t\t<div class=\"elementor-widget-container\">\n\t\t\t\t\t<div class=\"elementor-image-box-wrapper\"><figure class=\"elementor-image-box-img\"><img decoding=\"async\" width=\"85\" height=\"85\" src=\"https:\/\/physiofamiliale.com\/wp-content\/uploads\/2024\/11\/racket-1.png\" class=\"attachment-full size-full wp-image-125553\" alt=\"\" srcset=\"https:\/\/physiofamiliale.com\/wp-content\/uploads\/2024\/11\/racket-1.png 85w, https:\/\/physiofamiliale.com\/wp-content\/uploads\/2024\/11\/racket-1-12x12.png 12w\" sizes=\"(max-width: 85px) 100vw, 85px\" \/><\/figure><div class=\"elementor-image-box-content\"><h3 class=\"elementor-image-box-title\">Tennis<\/h3><\/div><\/div>\t\t\t\t<\/div>\n\t\t\t\t<\/div>\n\t\t\t\t<\/div>\n\t\t\t\t<\/div>\n\t\t\t\t<\/div>\n\t\t\t\t<\/div>\n\t\t\t\t\t<\/div>\n\t\t\t\t<\/div>\n\t\t\t\t<\/div>","protected":false},"excerpt":{"rendered":"<p>Voir L&rsquo;\u00e9quipe R\u00e9ceptionniste \u00c9tudes Laurence est actuellement une \u00e9tudiante en nutrition \u00e0 l\u2019Universit\u00e9 d\u2019Ottawa, avec une formation en tant que technicienne en di\u00e9t\u00e9tique. En parall\u00e8le de ses int\u00e9r\u00eats pour les saines habitudes de vie, elle a d\u00e9velopp\u00e9 une passion pour le service \u00e0 la client\u00e8le et est d\u00e9termin\u00e9e \u00e0 offrir \u00e0 tous un accueil chaleureux [&hellip;]<\/p>\n","protected":false},"author":1,"featured_media":0,"parent":25,"menu_order":0,"comment_status":"closed","ping_status":"closed","template":"","meta":{"_seopress_robots_primary_cat":"","_seopress_titles_title":"","_seopress_titles_desc":"","_seopress_robots_index":"","footnotes":""},"class_list":["post-126075","page","type-page","status-publish","hentry"],"_links":{"self":[{"href":"https:\/\/physiofamiliale.com\/en\/wp-json\/wp\/v2\/pages\/126075","targetHints":{"allow":["GET"]}}],"collection":[{"href":"https:\/\/physiofamiliale.com\/en\/wp-json\/wp\/v2\/pages"}],"about":[{"href":"https:\/\/physiofamiliale.com\/en\/wp-json\/wp\/v2\/types\/page"}],"author":[{"embeddable":true,"href":"https:\/\/physiofamiliale.com\/en\/wp-json\/wp\/v2\/users\/1"}],"replies":[{"embeddable":true,"href":"https:\/\/physiofamiliale.com\/en\/wp-json\/wp\/v2\/comments?post=126075"}],"version-history":[{"count":7,"href":"https:\/\/physiofamiliale.com\/en\/wp-json\/wp\/v2\/pages\/126075\/revisions"}],"predecessor-version":[{"id":126318,"href":"https:\/\/physiofamiliale.com\/en\/wp-json\/wp\/v2\/pages\/126075\/revisions\/126318"}],"up":[{"embeddable":true,"href":"https:\/\/physiofamiliale.com\/en\/wp-json\/wp\/v2\/pages\/25"}],"wp:attachment":[{"href":"https:\/\/physiofamiliale.com\/en\/wp-json\/wp\/v2\/media?parent=126075"}],"curies":[{"name":"wp","href":"https:\/\/api.w.org\/{rel}","templated":true}]}}