{"id":126409,"date":"2024-11-22T16:58:57","date_gmt":"2024-11-22T20:58:57","guid":{"rendered":"https:\/\/physiofamiliale.worryfreeweb.ca\/?page_id=126409"},"modified":"2025-04-21T10:18:04","modified_gmt":"2025-04-21T14:18:04","slug":"rosie-croteau","status":"publish","type":"page","link":"https:\/\/physiofamiliale.com\/en\/notre-equipe\/rosie-croteau\/","title":{"rendered":"Rosie Croteau"},"content":{"rendered":"<div data-elementor-type=\"wp-page\" data-elementor-id=\"126409\" class=\"elementor elementor-126409\" data-elementor-post-type=\"page\">\n\t\t\t\t<div class=\"elementor-element elementor-element-5d1b6038 e-flex e-con-boxed e-con e-parent\" data-id=\"5d1b6038\" data-element_type=\"container\" data-e-type=\"container\" data-settings=\"{&quot;background_background&quot;:&quot;classic&quot;}\">\n\t\t\t\t\t<div class=\"e-con-inner\">\n\t\t<div class=\"elementor-element elementor-element-5c360bec e-con-full e-flex e-con e-child\" data-id=\"5c360bec\" data-element_type=\"container\" data-e-type=\"container\" data-settings=\"{&quot;background_background&quot;:&quot;classic&quot;}\">\n\t\t\t\t<div class=\"elementor-element elementor-element-217d0cc2 elementor-widget elementor-widget-image\" data-id=\"217d0cc2\" data-element_type=\"widget\" data-e-type=\"widget\" data-widget_type=\"image.default\">\n\t\t\t\t<div class=\"elementor-widget-container\">\n\t\t\t\t\t\t\t\t\t\t\t\t\t\t\t<img fetchpriority=\"high\" decoding=\"async\" width=\"683\" height=\"1024\" src=\"https:\/\/physiofamiliale.com\/wp-content\/uploads\/2024\/11\/rosie-683x1024.jpg\" class=\"attachment-large size-large wp-image-125158\" alt=\"\" srcset=\"https:\/\/physiofamiliale.com\/wp-content\/uploads\/2024\/11\/rosie-683x1024.jpg 683w, https:\/\/physiofamiliale.com\/wp-content\/uploads\/2024\/11\/rosie-200x300.jpg 200w, https:\/\/physiofamiliale.com\/wp-content\/uploads\/2024\/11\/rosie-768x1152.jpg 768w, https:\/\/physiofamiliale.com\/wp-content\/uploads\/2024\/11\/rosie-8x12.jpg 8w, https:\/\/physiofamiliale.com\/wp-content\/uploads\/2024\/11\/rosie.jpg 800w\" sizes=\"(max-width: 683px) 100vw, 683px\" \/>\t\t\t\t\t\t\t\t\t\t\t\t\t\t\t<\/div>\n\t\t\t\t<\/div>\n\t\t\t\t<div class=\"elementor-element elementor-element-cb2a829 elementor-align-justify elementor-widget__width-inherit elementor-widget elementor-widget-button\" data-id=\"cb2a829\" data-element_type=\"widget\" data-e-type=\"widget\" data-widget_type=\"button.default\">\n\t\t\t\t<div class=\"elementor-widget-container\">\n\t\t\t\t\t\t\t\t\t<div class=\"elementor-button-wrapper\">\n\t\t\t\t\t<a class=\"elementor-button elementor-button-link elementor-size-sm\" href=\"https:\/\/physiofamiliale.com\/en\/notre-equipe\/\">\n\t\t\t\t\t\t<span class=\"elementor-button-content-wrapper\">\n\t\t\t\t\t\t<span class=\"elementor-button-icon\">\n\t\t\t\t<i aria-hidden=\"true\" class=\"fas fa-arrow-circle-left\"><\/i>\t\t\t<\/span>\n\t\t\t\t\t\t\t\t\t<span class=\"elementor-button-text\">SEE OUR TEAM<\/span>\n\t\t\t\t\t<\/span>\n\t\t\t\t\t<\/a>\n\t\t\t\t<\/div>\n\t\t\t\t\t\t\t\t<\/div>\n\t\t\t\t<\/div>\n\t\t\t\t<\/div>\n\t\t<div class=\"elementor-element elementor-element-5b56eacf e-con-full e-flex e-con e-child\" data-id=\"5b56eacf\" data-element_type=\"container\" data-e-type=\"container\" data-settings=\"{&quot;background_background&quot;:&quot;classic&quot;}\">\n\t\t<div class=\"elementor-element elementor-element-75653435 e-con-full e-flex e-con e-child\" data-id=\"75653435\" data-element_type=\"container\" data-e-type=\"container\" data-settings=\"{&quot;background_background&quot;:&quot;classic&quot;}\">\n\t\t<div class=\"elementor-element elementor-element-7fa3bcc7 e-con-full e-flex e-con e-child\" data-id=\"7fa3bcc7\" data-element_type=\"container\" data-e-type=\"container\" data-settings=\"{&quot;background_background&quot;:&quot;classic&quot;}\">\n\t\t\t\t<div class=\"elementor-element elementor-element-f63eb61 elementor-widget__width-inherit elementor-widget elementor-widget-heading\" data-id=\"f63eb61\" data-element_type=\"widget\" data-e-type=\"widget\" data-widget_type=\"heading.default\">\n\t\t\t\t<div class=\"elementor-widget-container\">\n\t\t\t\t\t<h1 class=\"elementor-heading-title elementor-size-default\">Rosie Croteau<\/h1>\t\t\t\t<\/div>\n\t\t\t\t<\/div>\n\t\t\t\t<div class=\"elementor-element elementor-element-791d8a91 elementor-widget elementor-widget-heading\" data-id=\"791d8a91\" data-element_type=\"widget\" data-e-type=\"widget\" data-widget_type=\"heading.default\">\n\t\t\t\t<div class=\"elementor-widget-container\">\n\t\t\t\t\t<h2 class=\"elementor-heading-title elementor-size-default\">MSC, PHT<br>\nPhysiotherapist<\/h2>\t\t\t\t<\/div>\n\t\t\t\t<\/div>\n\t\t<div class=\"elementor-element elementor-element-3a4b81cb e-con-full e-flex e-con e-child\" data-id=\"3a4b81cb\" data-element_type=\"container\" data-e-type=\"container\">\n\t\t\t\t<div class=\"elementor-element elementor-element-6196089 elementor-position-top elementor-widget elementor-widget-image-box\" data-id=\"6196089\" data-element_type=\"widget\" data-e-type=\"widget\" data-widget_type=\"image-box.default\">\n\t\t\t\t<div class=\"elementor-widget-container\">\n\t\t\t\t\t<div class=\"elementor-image-box-wrapper\"><figure class=\"elementor-image-box-img\"><a href=\"https:\/\/physiofamiliale.com\/en\/physiotherapie\/orthopedie-et-blessures-sportives\/\" tabindex=\"-1\"><img decoding=\"async\" width=\"1900\" height=\"1268\" src=\"https:\/\/physiofamiliale.com\/wp-content\/uploads\/2024\/11\/orthopedie-generale.jpg\" class=\"attachment-full size-full wp-image-126288\" alt=\"\" srcset=\"https:\/\/physiofamiliale.com\/wp-content\/uploads\/2024\/11\/orthopedie-generale.jpg 1900w, https:\/\/physiofamiliale.com\/wp-content\/uploads\/2024\/11\/orthopedie-generale-300x200.jpg 300w, https:\/\/physiofamiliale.com\/wp-content\/uploads\/2024\/11\/orthopedie-generale-1024x683.jpg 1024w, https:\/\/physiofamiliale.com\/wp-content\/uploads\/2024\/11\/orthopedie-generale-768x513.jpg 768w, https:\/\/physiofamiliale.com\/wp-content\/uploads\/2024\/11\/orthopedie-generale-1536x1025.jpg 1536w, https:\/\/physiofamiliale.com\/wp-content\/uploads\/2024\/11\/orthopedie-generale-18x12.jpg 18w\" sizes=\"(max-width: 1900px) 100vw, 1900px\" \/><\/a><\/figure><div class=\"elementor-image-box-content\"><h3 class=\"elementor-image-box-title\"><a href=\"https:\/\/physiofamiliale.com\/en\/physiotherapie\/orthopedie-et-blessures-sportives\/\">Orthopedic and Sports Injury<\/a><\/h3><\/div><\/div>\t\t\t\t<\/div>\n\t\t\t\t<\/div>\n\t\t\t\t<div class=\"elementor-element elementor-element-8f72f08 elementor-position-top elementor-widget elementor-widget-image-box\" data-id=\"8f72f08\" data-element_type=\"widget\" data-e-type=\"widget\" data-widget_type=\"image-box.default\">\n\t\t\t\t<div class=\"elementor-widget-container\">\n\t\t\t\t\t<div class=\"elementor-image-box-wrapper\"><figure class=\"elementor-image-box-img\"><a href=\"https:\/\/physiofamiliale.com\/en\/physiotherapie\/vestibulaire\/\" tabindex=\"-1\"><img decoding=\"async\" width=\"1600\" height=\"800\" src=\"https:\/\/physiofamiliale.com\/wp-content\/uploads\/2024\/11\/vest.jpg\" class=\"attachment-full size-full wp-image-125993\" alt=\"\" srcset=\"https:\/\/physiofamiliale.com\/wp-content\/uploads\/2024\/11\/vest.jpg 1600w, https:\/\/physiofamiliale.com\/wp-content\/uploads\/2024\/11\/vest-300x150.jpg 300w, https:\/\/physiofamiliale.com\/wp-content\/uploads\/2024\/11\/vest-1024x512.jpg 1024w, https:\/\/physiofamiliale.com\/wp-content\/uploads\/2024\/11\/vest-768x384.jpg 768w, https:\/\/physiofamiliale.com\/wp-content\/uploads\/2024\/11\/vest-1536x768.jpg 1536w, https:\/\/physiofamiliale.com\/wp-content\/uploads\/2024\/11\/vest-18x9.jpg 18w\" sizes=\"(max-width: 1600px) 100vw, 1600px\" \/><\/a><\/figure><div class=\"elementor-image-box-content\"><h3 class=\"elementor-image-box-title\"><a href=\"https:\/\/physiofamiliale.com\/en\/physiotherapie\/vestibulaire\/\">Vestibular<\/a><\/h3><\/div><\/div>\t\t\t\t<\/div>\n\t\t\t\t<\/div>\n\t\t\t\t<div class=\"elementor-element elementor-element-734427e7 elementor-position-top elementor-widget elementor-widget-image-box\" data-id=\"734427e7\" data-element_type=\"widget\" data-e-type=\"widget\" data-widget_type=\"image-box.default\">\n\t\t\t\t<div class=\"elementor-widget-container\">\n\t\t\t\t\t<div class=\"elementor-image-box-wrapper\"><figure class=\"elementor-image-box-img\"><a href=\"https:\/\/physiofamiliale.com\/en\/physiotherapie\/accident-de-la-route-saaq\/\" tabindex=\"-1\"><img loading=\"lazy\" decoding=\"async\" width=\"1375\" height=\"917\" src=\"https:\/\/physiofamiliale.com\/wp-content\/uploads\/2024\/12\/saaq2.jpg\" class=\"attachment-full size-full wp-image-126693\" alt=\"\" srcset=\"https:\/\/physiofamiliale.com\/wp-content\/uploads\/2024\/12\/saaq2.jpg 1375w, https:\/\/physiofamiliale.com\/wp-content\/uploads\/2024\/12\/saaq2-300x200.jpg 300w, https:\/\/physiofamiliale.com\/wp-content\/uploads\/2024\/12\/saaq2-1024x683.jpg 1024w, https:\/\/physiofamiliale.com\/wp-content\/uploads\/2024\/12\/saaq2-768x512.jpg 768w, https:\/\/physiofamiliale.com\/wp-content\/uploads\/2024\/12\/saaq2-18x12.jpg 18w\" sizes=\"(max-width: 1375px) 100vw, 1375px\" \/><\/a><\/figure><div class=\"elementor-image-box-content\"><h3 class=\"elementor-image-box-title\"><a href=\"https:\/\/physiofamiliale.com\/en\/physiotherapie\/accident-de-la-route-saaq\/\">SAAQ<\/a><\/h3><\/div><\/div>\t\t\t\t<\/div>\n\t\t\t\t<\/div>\n\t\t\t\t<div class=\"elementor-element elementor-element-33fe4c6 elementor-position-top elementor-widget elementor-widget-image-box\" data-id=\"33fe4c6\" data-element_type=\"widget\" data-e-type=\"widget\" data-widget_type=\"image-box.default\">\n\t\t\t\t<div class=\"elementor-widget-container\">\n\t\t\t\t\t<div class=\"elementor-image-box-wrapper\"><figure class=\"elementor-image-box-img\"><a href=\"https:\/\/physiofamiliale.com\/en\/physiotherapie\/perinatalite-et-post-partum\/\" tabindex=\"-1\"><img loading=\"lazy\" decoding=\"async\" width=\"1618\" height=\"1080\" src=\"https:\/\/physiofamiliale.com\/wp-content\/uploads\/2024\/12\/perinatale.jpg\" class=\"attachment-full size-full wp-image-126796\" alt=\"\" srcset=\"https:\/\/physiofamiliale.com\/wp-content\/uploads\/2024\/12\/perinatale.jpg 1618w, https:\/\/physiofamiliale.com\/wp-content\/uploads\/2024\/12\/perinatale-300x200.jpg 300w, https:\/\/physiofamiliale.com\/wp-content\/uploads\/2024\/12\/perinatale-1024x684.jpg 1024w, https:\/\/physiofamiliale.com\/wp-content\/uploads\/2024\/12\/perinatale-768x513.jpg 768w, https:\/\/physiofamiliale.com\/wp-content\/uploads\/2024\/12\/perinatale-1536x1025.jpg 1536w, https:\/\/physiofamiliale.com\/wp-content\/uploads\/2024\/12\/perinatale-18x12.jpg 18w\" sizes=\"(max-width: 1618px) 100vw, 1618px\" \/><\/a><\/figure><div class=\"elementor-image-box-content\"><h3 class=\"elementor-image-box-title\"><a href=\"https:\/\/physiofamiliale.com\/en\/physiotherapie\/perinatalite-et-post-partum\/\">Pregnancy and Postpartum<\/a><\/h3><\/div><\/div>\t\t\t\t<\/div>\n\t\t\t\t<\/div>\n\t\t\t\t<div class=\"elementor-element elementor-element-a0ddf9a elementor-position-top elementor-widget elementor-widget-image-box\" data-id=\"a0ddf9a\" data-element_type=\"widget\" data-e-type=\"widget\" data-widget_type=\"image-box.default\">\n\t\t\t\t<div class=\"elementor-widget-container\">\n\t\t\t\t\t<div class=\"elementor-image-box-wrapper\"><figure class=\"elementor-image-box-img\"><a href=\"https:\/\/physiofamiliale.com\/en\/physiotherapie\/reeducation-perineale-et-pelvienne\/\" tabindex=\"-1\"><img loading=\"lazy\" decoding=\"async\" width=\"800\" height=\"533\" src=\"https:\/\/physiofamiliale.com\/wp-content\/uploads\/2024\/11\/pelvic.jpg\" class=\"attachment-full size-full wp-image-126601\" alt=\"\" srcset=\"https:\/\/physiofamiliale.com\/wp-content\/uploads\/2024\/11\/pelvic.jpg 800w, https:\/\/physiofamiliale.com\/wp-content\/uploads\/2024\/11\/pelvic-300x200.jpg 300w, https:\/\/physiofamiliale.com\/wp-content\/uploads\/2024\/11\/pelvic-768x512.jpg 768w, https:\/\/physiofamiliale.com\/wp-content\/uploads\/2024\/11\/pelvic-18x12.jpg 18w\" sizes=\"(max-width: 800px) 100vw, 800px\" \/><\/a><\/figure><div class=\"elementor-image-box-content\"><h3 class=\"elementor-image-box-title\"><a href=\"https:\/\/physiofamiliale.com\/en\/physiotherapie\/reeducation-perineale-et-pelvienne\/\">URO-PHYSIO: PELVIC FLOOR REHABILITATION<\/a><\/h3><\/div><\/div>\t\t\t\t<\/div>\n\t\t\t\t<\/div>\n\t\t\t\t<div class=\"elementor-element elementor-element-6c8224d elementor-position-top elementor-widget elementor-widget-image-box\" data-id=\"6c8224d\" data-element_type=\"widget\" data-e-type=\"widget\" data-widget_type=\"image-box.default\">\n\t\t\t\t<div class=\"elementor-widget-container\">\n\t\t\t\t\t<div class=\"elementor-image-box-wrapper\"><figure class=\"elementor-image-box-img\"><a href=\"https:\/\/physiofamiliale.com\/en\/physiotherapie\/shockwave\/\" tabindex=\"-1\"><img loading=\"lazy\" decoding=\"async\" width=\"1200\" height=\"600\" src=\"https:\/\/physiofamiliale.com\/wp-content\/uploads\/2024\/10\/shock.jpg\" class=\"attachment-full size-full wp-image-124741\" alt=\"\" srcset=\"https:\/\/physiofamiliale.com\/wp-content\/uploads\/2024\/10\/shock.jpg 1200w, https:\/\/physiofamiliale.com\/wp-content\/uploads\/2024\/10\/shock-300x150.jpg 300w, https:\/\/physiofamiliale.com\/wp-content\/uploads\/2024\/10\/shock-1024x512.jpg 1024w, https:\/\/physiofamiliale.com\/wp-content\/uploads\/2024\/10\/shock-768x384.jpg 768w, https:\/\/physiofamiliale.com\/wp-content\/uploads\/2024\/10\/shock-18x9.jpg 18w\" sizes=\"(max-width: 1200px) 100vw, 1200px\" \/><\/a><\/figure><div class=\"elementor-image-box-content\"><h3 class=\"elementor-image-box-title\"><a href=\"https:\/\/physiofamiliale.com\/en\/physiotherapie\/shockwave\/\">Shockwave therapy<\/a><\/h3><\/div><\/div>\t\t\t\t<\/div>\n\t\t\t\t<\/div>\n\t\t\t\t<\/div>\n\t\t\t\t<\/div>\n\t\t<div class=\"elementor-element elementor-element-3204db0e e-con-full e-flex e-con e-child\" data-id=\"3204db0e\" data-element_type=\"container\" data-e-type=\"container\" data-settings=\"{&quot;background_background&quot;:&quot;classic&quot;}\">\n\t\t<div class=\"elementor-element elementor-element-748333b3 e-con-full e-flex e-con e-child\" data-id=\"748333b3\" data-element_type=\"container\" data-e-type=\"container\">\n\t\t\t\t<div class=\"elementor-element elementor-element-3a560c59 elementor-widget elementor-widget-heading\" data-id=\"3a560c59\" data-element_type=\"widget\" data-e-type=\"widget\" data-widget_type=\"heading.default\">\n\t\t\t\t<div class=\"elementor-widget-container\">\n\t\t\t\t\t<h2 class=\"elementor-heading-title elementor-size-default\">Education<\/h2>\t\t\t\t<\/div>\n\t\t\t\t<\/div>\n\t\t\t\t<div class=\"elementor-element elementor-element-639a4bfc elementor-icon-list--layout-traditional elementor-list-item-link-full_width elementor-widget elementor-widget-icon-list\" data-id=\"639a4bfc\" data-element_type=\"widget\" data-e-type=\"widget\" data-widget_type=\"icon-list.default\">\n\t\t\t\t<div class=\"elementor-widget-container\">\n\t\t\t\t\t\t\t<ul class=\"elementor-icon-list-items\">\n\t\t\t\t\t\t\t<li class=\"elementor-icon-list-item\">\n\t\t\t\t\t\t\t\t\t\t\t<a href=\"#deux\">\n\n\t\t\t\t\t\t\t\t\t\t\t\t<span class=\"elementor-icon-list-icon\">\n\t\t\t\t\t\t\t<i aria-hidden=\"true\" class=\"fas fa-angle-right\"><\/i>\t\t\t\t\t\t<\/span>\n\t\t\t\t\t\t\t\t\t\t<span class=\"elementor-icon-list-text\">Bachelor-Master\u2019s Degree, University of Sherbrooke, 2024<\/span>\n\t\t\t\t\t\t\t\t\t\t\t<\/a>\n\t\t\t\t\t\t\t\t\t<\/li>\n\t\t\t\t\t\t<\/ul>\n\t\t\t\t\t\t<\/div>\n\t\t\t\t<\/div>\n\t\t\t\t<\/div>\n\t\t<div class=\"elementor-element elementor-element-35f6da61 e-con-full e-flex e-con e-child\" data-id=\"35f6da61\" data-element_type=\"container\" data-e-type=\"container\">\n\t\t\t\t<div class=\"elementor-element elementor-element-21d5fca7 elementor-widget elementor-widget-heading\" data-id=\"21d5fca7\" data-element_type=\"widget\" data-e-type=\"widget\" data-widget_type=\"heading.default\">\n\t\t\t\t<div class=\"elementor-widget-container\">\n\t\t\t\t\t<h2 class=\"elementor-heading-title elementor-size-default\">Interests<\/h2>\t\t\t\t<\/div>\n\t\t\t\t<\/div>\n\t\t\t\t<div class=\"elementor-element elementor-element-5b8de74f elementor-position-left elementor-vertical-align-middle elementor-widget elementor-widget-image-box\" data-id=\"5b8de74f\" data-element_type=\"widget\" data-e-type=\"widget\" data-widget_type=\"image-box.default\">\n\t\t\t\t<div class=\"elementor-widget-container\">\n\t\t\t\t\t<div class=\"elementor-image-box-wrapper\"><figure class=\"elementor-image-box-img\"><img loading=\"lazy\" decoding=\"async\" width=\"85\" height=\"85\" src=\"https:\/\/physiofamiliale.com\/wp-content\/uploads\/2024\/11\/dance-1.png\" class=\"attachment-full size-full wp-image-125548\" alt=\"\" srcset=\"https:\/\/physiofamiliale.com\/wp-content\/uploads\/2024\/11\/dance-1.png 85w, https:\/\/physiofamiliale.com\/wp-content\/uploads\/2024\/11\/dance-1-12x12.png 12w\" sizes=\"(max-width: 85px) 100vw, 85px\" \/><\/figure><div class=\"elementor-image-box-content\"><h3 class=\"elementor-image-box-title\">Dance<\/h3><\/div><\/div>\t\t\t\t<\/div>\n\t\t\t\t<\/div>\n\t\t\t\t<div class=\"elementor-element elementor-element-608384b9 elementor-position-left elementor-vertical-align-middle elementor-widget elementor-widget-image-box\" data-id=\"608384b9\" data-element_type=\"widget\" data-e-type=\"widget\" data-widget_type=\"image-box.default\">\n\t\t\t\t<div class=\"elementor-widget-container\">\n\t\t\t\t\t<div class=\"elementor-image-box-wrapper\"><figure class=\"elementor-image-box-img\"><img loading=\"lazy\" decoding=\"async\" width=\"85\" height=\"85\" src=\"https:\/\/physiofamiliale.com\/wp-content\/uploads\/2024\/11\/yoga-1.png\" class=\"attachment-full size-full wp-image-125557\" alt=\"\" srcset=\"https:\/\/physiofamiliale.com\/wp-content\/uploads\/2024\/11\/yoga-1.png 85w, https:\/\/physiofamiliale.com\/wp-content\/uploads\/2024\/11\/yoga-1-12x12.png 12w\" sizes=\"(max-width: 85px) 100vw, 85px\" \/><\/figure><div class=\"elementor-image-box-content\"><h3 class=\"elementor-image-box-title\">Yoga<\/h3><\/div><\/div>\t\t\t\t<\/div>\n\t\t\t\t<\/div>\n\t\t\t\t<div class=\"elementor-element elementor-element-7a2a3469 elementor-position-left elementor-vertical-align-middle elementor-widget elementor-widget-image-box\" data-id=\"7a2a3469\" data-element_type=\"widget\" data-e-type=\"widget\" data-widget_type=\"image-box.default\">\n\t\t\t\t<div class=\"elementor-widget-container\">\n\t\t\t\t\t<div class=\"elementor-image-box-wrapper\"><figure class=\"elementor-image-box-img\"><img loading=\"lazy\" decoding=\"async\" width=\"85\" height=\"85\" src=\"https:\/\/physiofamiliale.com\/wp-content\/uploads\/2024\/11\/climb.png\" class=\"attachment-full size-full wp-image-125546\" alt=\"\" srcset=\"https:\/\/physiofamiliale.com\/wp-content\/uploads\/2024\/11\/climb.png 85w, https:\/\/physiofamiliale.com\/wp-content\/uploads\/2024\/11\/climb-12x12.png 12w\" sizes=\"(max-width: 85px) 100vw, 85px\" \/><\/figure><div class=\"elementor-image-box-content\"><h3 class=\"elementor-image-box-title\">Climbing<\/h3><\/div><\/div>\t\t\t\t<\/div>\n\t\t\t\t<\/div>\n\t\t\t\t<\/div>\n\t\t\t\t<\/div>\n\t\t\t\t<\/div>\n\t\t\t\t<\/div>\n\t\t\t\t\t<\/div>\n\t\t\t\t<\/div>\n\t\t\t\t<\/div>","protected":false},"excerpt":{"rendered":"<p>Voir L&rsquo;\u00e9quipe MSC, PHT Physioth\u00e9rapeute Orthop\u00e9die g\u00e9n\u00e9rale et blessures sportives Vestibulaire SAAQ Grossesse et post-partum R\u00e9\u00e9ducation p\u00e9rin\u00e9ale et pelvienne Shockwave \u00c9tudes BAC-Ma\u00eetrise \u00e0 l\u2019Universit\u00e9 de Sherbrooke en 2024 Int\u00e9r\u00eats Danse Yoga Escalade<\/p>","protected":false},"author":1,"featured_media":0,"parent":25,"menu_order":0,"comment_status":"closed","ping_status":"closed","template":"","meta":{"_seopress_robots_primary_cat":"","_seopress_titles_title":"","_seopress_titles_desc":"","_seopress_robots_index":"","footnotes":""},"class_list":["post-126409","page","type-page","status-publish","hentry"],"_links":{"self":[{"href":"https:\/\/physiofamiliale.com\/en\/wp-json\/wp\/v2\/pages\/126409","targetHints":{"allow":["GET"]}}],"collection":[{"href":"https:\/\/physiofamiliale.com\/en\/wp-json\/wp\/v2\/pages"}],"about":[{"href":"https:\/\/physiofamiliale.com\/en\/wp-json\/wp\/v2\/types\/page"}],"author":[{"embeddable":true,"href":"https:\/\/physiofamiliale.com\/en\/wp-json\/wp\/v2\/users\/1"}],"replies":[{"embeddable":true,"href":"https:\/\/physiofamiliale.com\/en\/wp-json\/wp\/v2\/comments?post=126409"}],"version-history":[{"count":13,"href":"https:\/\/physiofamiliale.com\/en\/wp-json\/wp\/v2\/pages\/126409\/revisions"}],"predecessor-version":[{"id":144882,"href":"https:\/\/physiofamiliale.com\/en\/wp-json\/wp\/v2\/pages\/126409\/revisions\/144882"}],"up":[{"embeddable":true,"href":"https:\/\/physiofamiliale.com\/en\/wp-json\/wp\/v2\/pages\/25"}],"wp:attachment":[{"href":"https:\/\/physiofamiliale.com\/en\/wp-json\/wp\/v2\/media?parent=126409"}],"curies":[{"name":"wp","href":"https:\/\/api.w.org\/{rel}","templated":true}]}}