{"id":147200,"date":"2025-07-30T15:17:58","date_gmt":"2025-07-30T19:17:58","guid":{"rendered":"https:\/\/physiofamiliale.com\/?page_id=147200"},"modified":"2025-10-08T15:44:51","modified_gmt":"2025-10-08T19:44:51","slug":"uro-physio","status":"publish","type":"page","link":"https:\/\/physiofamiliale.com\/en\/uro-physio\/","title":{"rendered":"Uro-Physio"},"content":{"rendered":"<div data-elementor-type=\"wp-page\" data-elementor-id=\"147200\" class=\"elementor elementor-147200\" data-elementor-post-type=\"page\">\n\t\t\t\t\t\t<section class=\"elementor-section elementor-top-section elementor-element elementor-element-f64cb1a elementor-section-boxed elementor-section-height-default elementor-section-height-default\" data-id=\"f64cb1a\" data-element_type=\"section\" data-e-type=\"section\" data-settings=\"{&quot;background_background&quot;:&quot;classic&quot;}\">\n\t\t\t\t\t\t<div class=\"elementor-container elementor-column-gap-default\">\n\t\t\t\t\t<div class=\"elementor-column elementor-col-100 elementor-top-column elementor-element elementor-element-790cc50\" data-id=\"790cc50\" data-element_type=\"column\" data-e-type=\"column\">\n\t\t\t<div class=\"elementor-widget-wrap elementor-element-populated\">\n\t\t\t\t\t\t<div class=\"elementor-element elementor-element-27ca215 elementor-widget elementor-widget-heading\" data-id=\"27ca215\" data-element_type=\"widget\" data-e-type=\"widget\" data-widget_type=\"heading.default\">\n\t\t\t\t<div class=\"elementor-widget-container\">\n\t\t\t\t\t<h1 class=\"elementor-heading-title elementor-size-default\">Welcome to Clinique Physio Familiale!<\/h1>\t\t\t\t<\/div>\n\t\t\t\t<\/div>\n\t\t\t\t\t<\/div>\n\t\t<\/div>\n\t\t\t\t\t<\/div>\n\t\t<\/section>\n\t\t<div class=\"elementor-element elementor-element-dc779bb e-flex e-con-boxed e-con e-parent\" data-id=\"dc779bb\" data-element_type=\"container\" data-e-type=\"container\">\n\t\t\t\t\t<div class=\"e-con-inner\">\n\t\t<div class=\"elementor-element elementor-element-6ff3712 e-con-full e-flex e-con e-child\" data-id=\"6ff3712\" data-element_type=\"container\" data-e-type=\"container\">\n\t\t<div class=\"elementor-element elementor-element-f29f628 e-con-full e-flex e-con e-child\" data-id=\"f29f628\" data-element_type=\"container\" data-e-type=\"container\" data-settings=\"{&quot;background_background&quot;:&quot;classic&quot;}\">\n\t\t<div class=\"elementor-element elementor-element-7cdc384 e-con-full e-flex e-con e-child\" data-id=\"7cdc384\" data-element_type=\"container\" data-e-type=\"container\">\n\t\t\t\t<div class=\"elementor-element elementor-element-dea0c11 elementor-widget elementor-widget-image\" data-id=\"dea0c11\" data-element_type=\"widget\" data-e-type=\"widget\" data-widget_type=\"image.default\">\n\t\t\t\t<div class=\"elementor-widget-container\">\n\t\t\t\t\t\t\t\t\t\t\t\t\t\t\t<img fetchpriority=\"high\" decoding=\"async\" width=\"471\" height=\"109\" src=\"https:\/\/physiofamiliale.com\/wp-content\/uploads\/2025\/08\/uro-logo.png\" class=\"attachment-full size-full wp-image-147372\" alt=\"\" srcset=\"https:\/\/physiofamiliale.com\/wp-content\/uploads\/2025\/08\/uro-logo.png 471w, https:\/\/physiofamiliale.com\/wp-content\/uploads\/2025\/08\/uro-logo-300x69.png 300w, https:\/\/physiofamiliale.com\/wp-content\/uploads\/2025\/08\/uro-logo-18x4.png 18w\" sizes=\"(max-width: 471px) 100vw, 471px\" \/>\t\t\t\t\t\t\t\t\t\t\t\t\t\t\t<\/div>\n\t\t\t\t<\/div>\n\t\t\t\t<div class=\"elementor-element elementor-element-2bfe601 elementor-widget__width-initial elementor-widget elementor-widget-heading\" data-id=\"2bfe601\" data-element_type=\"widget\" data-e-type=\"widget\" data-widget_type=\"heading.default\">\n\t\t\t\t<div class=\"elementor-widget-container\">\n\t\t\t\t\t<h2 class=\"elementor-heading-title elementor-size-default\"><strong>Were you a client of Clinique Uro-Physio? <\/strong>  <br>Rest assured, you\u2019re in the right place! <\/h2>\t\t\t\t<\/div>\n\t\t\t\t<\/div>\n\t\t\t\t<div class=\"elementor-element elementor-element-91338ed elementor-widget__width-initial elementor-widget elementor-widget-text-editor\" data-id=\"91338ed\" data-element_type=\"widget\" data-e-type=\"widget\" data-widget_type=\"text-editor.default\">\n\t\t\t\t<div class=\"elementor-widget-container\">\n\t\t\t\t\t\t\t\t\t<p>We are pleased to continue providing perineal and pelvic rehabilitation services with the same expertise and care as Clinique Uro-Physio, which recently closed its doors. Forming one team, your health at heart!<\/p><p><strong>We are honored to carry on this mission and look forward to welcoming you!<\/strong><\/p>\t\t\t\t\t\t\t\t<\/div>\n\t\t\t\t<\/div>\n\t\t\t\t<div class=\"elementor-element elementor-element-3745a3c elementor-widget elementor-widget-button\" data-id=\"3745a3c\" data-element_type=\"widget\" data-e-type=\"widget\" data-widget_type=\"button.default\">\n\t\t\t\t<div class=\"elementor-widget-container\">\n\t\t\t\t\t\t\t\t\t<div class=\"elementor-button-wrapper\">\n\t\t\t\t\t<a class=\"elementor-button elementor-button-link elementor-size-sm\" href=\"https:\/\/physiofamiliale.com\/en\/rendez-vous\/\">\n\t\t\t\t\t\t<span class=\"elementor-button-content-wrapper\">\n\t\t\t\t\t\t<span class=\"elementor-button-icon\">\n\t\t\t\t<i aria-hidden=\"true\" class=\"far fa-calendar-alt\"><\/i>\t\t\t<\/span>\n\t\t\t\t\t\t\t\t\t<span class=\"elementor-button-text\">Book an appointment online<\/span>\n\t\t\t\t\t<\/span>\n\t\t\t\t\t<\/a>\n\t\t\t\t<\/div>\n\t\t\t\t\t\t\t\t<\/div>\n\t\t\t\t<\/div>\n\t\t\t\t<\/div>\n\t\t\t\t<\/div>\n\t\t\t\t<\/div>\n\t\t\t\t\t<\/div>\n\t\t\t\t<\/div>\n\t\t<div class=\"elementor-element elementor-element-c587100 e-flex e-con-boxed e-con e-parent\" data-id=\"c587100\" data-element_type=\"container\" data-e-type=\"container\">\n\t\t\t\t\t<div class=\"e-con-inner\">\n\t\t\t\t<div class=\"elementor-element elementor-element-af48251 elementor-widget elementor-widget-heading\" data-id=\"af48251\" data-element_type=\"widget\" data-e-type=\"widget\" data-widget_type=\"heading.default\">\n\t\t\t\t<div class=\"elementor-widget-container\">\n\t\t\t\t\t<h2 class=\"elementor-heading-title elementor-size-default\">You will find a detailed list of our services below.<\/h2>\t\t\t\t<\/div>\n\t\t\t\t<\/div>\n\t\t\t\t\t<\/div>\n\t\t\t\t<\/div>\n\t\t<div class=\"elementor-element elementor-element-b2be10d e-flex e-con-boxed e-con e-parent\" data-id=\"b2be10d\" data-element_type=\"container\" data-e-type=\"container\">\n\t\t\t\t\t<div class=\"e-con-inner\">\n\t\t\t\t<div class=\"elementor-element elementor-element-e3888d5 elementor-position-top elementor-widget elementor-widget-image-box\" data-id=\"e3888d5\" data-element_type=\"widget\" data-e-type=\"widget\" data-widget_type=\"image-box.default\">\n\t\t\t\t<div class=\"elementor-widget-container\">\n\t\t\t\t\t<div class=\"elementor-image-box-wrapper\"><figure class=\"elementor-image-box-img\"><a href=\"https:\/\/physiofamiliale.com\/en\/physiotherapie\/perinatalite-et-post-partum\/\" tabindex=\"-1\"><img decoding=\"async\" width=\"1618\" height=\"1080\" src=\"https:\/\/physiofamiliale.com\/wp-content\/uploads\/2024\/12\/perinatale.jpg\" class=\"attachment-full size-full wp-image-126796\" alt=\"\" srcset=\"https:\/\/physiofamiliale.com\/wp-content\/uploads\/2024\/12\/perinatale.jpg 1618w, https:\/\/physiofamiliale.com\/wp-content\/uploads\/2024\/12\/perinatale-300x200.jpg 300w, https:\/\/physiofamiliale.com\/wp-content\/uploads\/2024\/12\/perinatale-1024x684.jpg 1024w, https:\/\/physiofamiliale.com\/wp-content\/uploads\/2024\/12\/perinatale-768x513.jpg 768w, https:\/\/physiofamiliale.com\/wp-content\/uploads\/2024\/12\/perinatale-1536x1025.jpg 1536w, https:\/\/physiofamiliale.com\/wp-content\/uploads\/2024\/12\/perinatale-18x12.jpg 18w\" sizes=\"(max-width: 1618px) 100vw, 1618px\" \/><\/a><\/figure><div class=\"elementor-image-box-content\"><h3 class=\"elementor-image-box-title\"><a href=\"https:\/\/physiofamiliale.com\/en\/physiotherapie\/perinatalite-et-post-partum\/\">Pregnancy and Postpartum<\/a><\/h3><\/div><\/div>\t\t\t\t<\/div>\n\t\t\t\t<\/div>\n\t\t\t\t<div class=\"elementor-element elementor-element-0ee9fc1 elementor-position-top elementor-widget elementor-widget-image-box\" data-id=\"0ee9fc1\" data-element_type=\"widget\" data-e-type=\"widget\" data-widget_type=\"image-box.default\">\n\t\t\t\t<div class=\"elementor-widget-container\">\n\t\t\t\t\t<div class=\"elementor-image-box-wrapper\"><figure class=\"elementor-image-box-img\"><a href=\"https:\/\/physiofamiliale.com\/en\/physiotherapie\/reeducation-perineale-et-pelvienne\/\" tabindex=\"-1\"><img decoding=\"async\" width=\"800\" height=\"533\" src=\"https:\/\/physiofamiliale.com\/wp-content\/uploads\/2024\/11\/pelvic.jpg\" class=\"attachment-full size-full wp-image-126601\" alt=\"\" srcset=\"https:\/\/physiofamiliale.com\/wp-content\/uploads\/2024\/11\/pelvic.jpg 800w, https:\/\/physiofamiliale.com\/wp-content\/uploads\/2024\/11\/pelvic-300x200.jpg 300w, https:\/\/physiofamiliale.com\/wp-content\/uploads\/2024\/11\/pelvic-768x512.jpg 768w, https:\/\/physiofamiliale.com\/wp-content\/uploads\/2024\/11\/pelvic-18x12.jpg 18w\" sizes=\"(max-width: 800px) 100vw, 800px\" \/><\/a><\/figure><div class=\"elementor-image-box-content\"><h3 class=\"elementor-image-box-title\"><a href=\"https:\/\/physiofamiliale.com\/en\/physiotherapie\/reeducation-perineale-et-pelvienne\/\">URO-PHYSIO: PELVIC FLOOR REHABILITATION<\/a><\/h3><\/div><\/div>\t\t\t\t<\/div>\n\t\t\t\t<\/div>\n\t\t\t\t\t<\/div>\n\t\t\t\t<\/div>\n\t\t\t\t<\/div>","protected":false},"excerpt":{"rendered":"<p>Bienvenue \u00e0 la Clinique Physio Familiale ! Vous \u00e9tiez client(e) de la Clinique Uro-Physio? Soyez rassur\u00e9(e), vous \u00eates au bon endroit! Nous avons le plaisir d\u2019assurer la continuit\u00e9 des services en r\u00e9\u00e9ducation p\u00e9rin\u00e9ale et pelvienne avec la m\u00eame expertise et bienveillance que Clinique Uro-Physio, a r\u00e9cemment ferm\u00e9 ses portes. Unir nos forces pour mieux vous [&hellip;]<\/p>\n","protected":false},"author":1,"featured_media":0,"parent":0,"menu_order":0,"comment_status":"closed","ping_status":"closed","template":"","meta":{"_seopress_robots_primary_cat":"","_seopress_titles_title":"","_seopress_titles_desc":"","_seopress_robots_index":"","footnotes":""},"class_list":["post-147200","page","type-page","status-publish","hentry"],"_links":{"self":[{"href":"https:\/\/physiofamiliale.com\/en\/wp-json\/wp\/v2\/pages\/147200","targetHints":{"allow":["GET"]}}],"collection":[{"href":"https:\/\/physiofamiliale.com\/en\/wp-json\/wp\/v2\/pages"}],"about":[{"href":"https:\/\/physiofamiliale.com\/en\/wp-json\/wp\/v2\/types\/page"}],"author":[{"embeddable":true,"href":"https:\/\/physiofamiliale.com\/en\/wp-json\/wp\/v2\/users\/1"}],"replies":[{"embeddable":true,"href":"https:\/\/physiofamiliale.com\/en\/wp-json\/wp\/v2\/comments?post=147200"}],"version-history":[{"count":58,"href":"https:\/\/physiofamiliale.com\/en\/wp-json\/wp\/v2\/pages\/147200\/revisions"}],"predecessor-version":[{"id":147876,"href":"https:\/\/physiofamiliale.com\/en\/wp-json\/wp\/v2\/pages\/147200\/revisions\/147876"}],"wp:attachment":[{"href":"https:\/\/physiofamiliale.com\/en\/wp-json\/wp\/v2\/media?parent=147200"}],"curies":[{"name":"wp","href":"https:\/\/api.w.org\/{rel}","templated":true}]}}