{"id":53,"date":"2019-07-22T11:52:37","date_gmt":"2019-07-22T15:52:37","guid":{"rendered":"http:\/\/physiofamiliale.flywheelsites.com\/?page_id=53"},"modified":"2024-10-25T16:00:47","modified_gmt":"2024-10-25T20:00:47","slug":"affiliations","status":"publish","type":"page","link":"https:\/\/physiofamiliale.com\/en\/affiliations\/","title":{"rendered":"Affiliation"},"content":{"rendered":"<div data-elementor-type=\"wp-post\" data-elementor-id=\"53\" class=\"elementor elementor-53\" data-elementor-post-type=\"page\">\n\t\t\t\t\t\t<section class=\"elementor-section elementor-top-section elementor-element elementor-element-46a50fda elementor-section-boxed elementor-section-height-default elementor-section-height-default\" data-id=\"46a50fda\" data-element_type=\"section\" data-e-type=\"section\" data-settings=\"{&quot;background_background&quot;:&quot;classic&quot;}\">\n\t\t\t\t\t\t<div class=\"elementor-container elementor-column-gap-default\">\n\t\t\t\t\t<div class=\"elementor-column elementor-col-100 elementor-top-column elementor-element elementor-element-7d9b29dd\" data-id=\"7d9b29dd\" data-element_type=\"column\" data-e-type=\"column\">\n\t\t\t<div class=\"elementor-widget-wrap elementor-element-populated\">\n\t\t\t\t\t\t<div class=\"elementor-element elementor-element-a089cd4 elementor-widget elementor-widget-heading\" data-id=\"a089cd4\" data-element_type=\"widget\" data-e-type=\"widget\" data-widget_type=\"heading.default\">\n\t\t\t\t<div class=\"elementor-widget-container\">\n\t\t\t\t\t<h1 class=\"elementor-heading-title elementor-size-default\">Affiliation<\/h1>\t\t\t\t<\/div>\n\t\t\t\t<\/div>\n\t\t\t\t\t<\/div>\n\t\t<\/div>\n\t\t\t\t\t<\/div>\n\t\t<\/section>\n\t\t<div class=\"elementor-element elementor-element-9c754cb e-flex e-con-boxed e-con e-parent\" data-id=\"9c754cb\" data-element_type=\"container\" data-e-type=\"container\" data-settings=\"{&quot;background_background&quot;:&quot;classic&quot;}\">\n\t\t\t\t\t<div class=\"e-con-inner\">\n\t\t<a class=\"elementor-element elementor-element-2c0d721 e-con-full e-flex e-con e-child\" data-id=\"2c0d721\" data-element_type=\"container\" data-e-type=\"container\" data-settings=\"{&quot;background_background&quot;:&quot;classic&quot;}\" href=\"http:\/\/www.cliniquesolutionsdiscales.com%20\">\n\t\t\t\t<div class=\"elementor-element elementor-element-4abde1e elementor-widget elementor-widget-image\" data-id=\"4abde1e\" data-element_type=\"widget\" data-e-type=\"widget\" data-widget_type=\"image.default\">\n\t\t\t\t<div class=\"elementor-widget-container\">\n\t\t\t\t\t\t\t\t\t\t\t\t\t\t\t<img decoding=\"async\" width=\"337\" height=\"100\" src=\"https:\/\/physiofamiliale.com\/wp-content\/uploads\/2024\/10\/logo_home_solutiondiscale.png\" class=\"attachment-large size-large wp-image-124701\" alt=\"\" srcset=\"https:\/\/physiofamiliale.com\/wp-content\/uploads\/2024\/10\/logo_home_solutiondiscale.png 337w, https:\/\/physiofamiliale.com\/wp-content\/uploads\/2024\/10\/logo_home_solutiondiscale-300x89.png 300w, https:\/\/physiofamiliale.com\/wp-content\/uploads\/2024\/10\/logo_home_solutiondiscale-18x5.png 18w\" sizes=\"(max-width: 337px) 100vw, 337px\" \/>\t\t\t\t\t\t\t\t\t\t\t\t\t\t\t<\/div>\n\t\t\t\t<\/div>\n\t\t\t\t<div class=\"elementor-element elementor-element-f2ccb10 elementor-widget elementor-widget-heading\" data-id=\"f2ccb10\" data-element_type=\"widget\" data-e-type=\"widget\" data-widget_type=\"heading.default\">\n\t\t\t\t<div class=\"elementor-widget-container\">\n\t\t\t\t\t<h2 class=\"elementor-heading-title elementor-size-default\">Clinique Solutions Discales<\/h2>\t\t\t\t<\/div>\n\t\t\t\t<\/div>\n\t\t\t\t<\/a>\n\t\t<a class=\"elementor-element elementor-element-8203e83 e-con-full e-flex e-con e-child\" data-id=\"8203e83\" data-element_type=\"container\" data-e-type=\"container\" data-settings=\"{&quot;background_background&quot;:&quot;classic&quot;}\" href=\"https:\/\/www.mimospillow.ca\/\">\n\t\t\t\t<div class=\"elementor-element elementor-element-bb20fc6 elementor-widget elementor-widget-image\" data-id=\"bb20fc6\" data-element_type=\"widget\" data-e-type=\"widget\" data-widget_type=\"image.default\">\n\t\t\t\t<div class=\"elementor-widget-container\">\n\t\t\t\t\t\t\t\t\t\t\t\t\t\t\t<img fetchpriority=\"high\" decoding=\"async\" width=\"800\" height=\"800\" src=\"https:\/\/physiofamiliale.com\/wp-content\/uploads\/2024\/10\/305399061_478246577644317_4902511689304757313_n-1024x1024.jpg\" class=\"attachment-large size-large wp-image-124698\" alt=\"\" srcset=\"https:\/\/physiofamiliale.com\/wp-content\/uploads\/2024\/10\/305399061_478246577644317_4902511689304757313_n-1024x1024.jpg 1024w, https:\/\/physiofamiliale.com\/wp-content\/uploads\/2024\/10\/305399061_478246577644317_4902511689304757313_n-300x300.jpg 300w, https:\/\/physiofamiliale.com\/wp-content\/uploads\/2024\/10\/305399061_478246577644317_4902511689304757313_n-150x150.jpg 150w, https:\/\/physiofamiliale.com\/wp-content\/uploads\/2024\/10\/305399061_478246577644317_4902511689304757313_n-768x768.jpg 768w, https:\/\/physiofamiliale.com\/wp-content\/uploads\/2024\/10\/305399061_478246577644317_4902511689304757313_n-1536x1536.jpg 1536w, https:\/\/physiofamiliale.com\/wp-content\/uploads\/2024\/10\/305399061_478246577644317_4902511689304757313_n-12x12.jpg 12w, https:\/\/physiofamiliale.com\/wp-content\/uploads\/2024\/10\/305399061_478246577644317_4902511689304757313_n.jpg 1603w\" sizes=\"(max-width: 800px) 100vw, 800px\" \/>\t\t\t\t\t\t\t\t\t\t\t\t\t\t\t<\/div>\n\t\t\t\t<\/div>\n\t\t\t\t<div class=\"elementor-element elementor-element-c53b77e elementor-widget elementor-widget-heading\" data-id=\"c53b77e\" data-element_type=\"widget\" data-e-type=\"widget\" data-widget_type=\"heading.default\">\n\t\t\t\t<div class=\"elementor-widget-container\">\n\t\t\t\t\t<h2 class=\"elementor-heading-title elementor-size-default\">Mimos Pillow Canada<\/h2>\t\t\t\t<\/div>\n\t\t\t\t<\/div>\n\t\t\t\t<\/a>\n\t\t<a class=\"elementor-element elementor-element-31e5560 e-con-full e-flex e-con e-child\" data-id=\"31e5560\" data-element_type=\"container\" data-e-type=\"container\" data-settings=\"{&quot;background_background&quot;:&quot;classic&quot;}\" href=\"http:\/\/chartwell.com\/fr\/index\">\n\t\t\t\t<div class=\"elementor-element elementor-element-d4bf12a elementor-widget elementor-widget-image\" data-id=\"d4bf12a\" data-element_type=\"widget\" data-e-type=\"widget\" data-widget_type=\"image.default\">\n\t\t\t\t<div class=\"elementor-widget-container\">\n\t\t\t\t\t\t\t\t\t\t\t\t\t\t\t<img decoding=\"async\" width=\"442\" height=\"114\" src=\"https:\/\/physiofamiliale.com\/wp-content\/uploads\/2024\/10\/download-1.png\" class=\"attachment-large size-large wp-image-124700\" alt=\"\" srcset=\"https:\/\/physiofamiliale.com\/wp-content\/uploads\/2024\/10\/download-1.png 442w, https:\/\/physiofamiliale.com\/wp-content\/uploads\/2024\/10\/download-1-300x77.png 300w, https:\/\/physiofamiliale.com\/wp-content\/uploads\/2024\/10\/download-1-18x5.png 18w\" sizes=\"(max-width: 442px) 100vw, 442px\" \/>\t\t\t\t\t\t\t\t\t\t\t\t\t\t\t<\/div>\n\t\t\t\t<\/div>\n\t\t\t\t<div class=\"elementor-element elementor-element-4a5af6d elementor-widget elementor-widget-heading\" data-id=\"4a5af6d\" data-element_type=\"widget\" data-e-type=\"widget\" data-widget_type=\"heading.default\">\n\t\t\t\t<div class=\"elementor-widget-container\">\n\t\t\t\t\t<h2 class=\"elementor-heading-title elementor-size-default\">Chartwell r\u00e9sidences pour retrait\u00e9s\nOutaouais<\/h2>\t\t\t\t<\/div>\n\t\t\t\t<\/div>\n\t\t\t\t<\/a>\n\t\t<a class=\"elementor-element elementor-element-2ea937c e-con-full e-flex e-con e-child\" data-id=\"2ea937c\" data-element_type=\"container\" data-e-type=\"container\" data-settings=\"{&quot;background_background&quot;:&quot;classic&quot;}\" href=\"http:\/\/www.maisonbruyere.ca\/\">\n\t\t\t\t<div class=\"elementor-element elementor-element-ed4b974 elementor-widget elementor-widget-image\" data-id=\"ed4b974\" data-element_type=\"widget\" data-e-type=\"widget\" data-widget_type=\"image.default\">\n\t\t\t\t<div class=\"elementor-widget-container\">\n\t\t\t\t\t\t\t\t\t\t\t\t\t\t\t<img loading=\"lazy\" decoding=\"async\" width=\"800\" height=\"309\" src=\"https:\/\/physiofamiliale.com\/wp-content\/uploads\/2024\/10\/ResidenceMaisonBruyere-logo-white-1024x395.png\" class=\"attachment-large size-large wp-image-124702\" alt=\"\" srcset=\"https:\/\/physiofamiliale.com\/wp-content\/uploads\/2024\/10\/ResidenceMaisonBruyere-logo-white-1024x395.png 1024w, https:\/\/physiofamiliale.com\/wp-content\/uploads\/2024\/10\/ResidenceMaisonBruyere-logo-white-300x116.png 300w, https:\/\/physiofamiliale.com\/wp-content\/uploads\/2024\/10\/ResidenceMaisonBruyere-logo-white-768x296.png 768w, https:\/\/physiofamiliale.com\/wp-content\/uploads\/2024\/10\/ResidenceMaisonBruyere-logo-white-18x7.png 18w, https:\/\/physiofamiliale.com\/wp-content\/uploads\/2024\/10\/ResidenceMaisonBruyere-logo-white.png 1500w\" sizes=\"(max-width: 800px) 100vw, 800px\" \/>\t\t\t\t\t\t\t\t\t\t\t\t\t\t\t<\/div>\n\t\t\t\t<\/div>\n\t\t\t\t<div class=\"elementor-element elementor-element-3325449 elementor-widget elementor-widget-heading\" data-id=\"3325449\" data-element_type=\"widget\" data-e-type=\"widget\" data-widget_type=\"heading.default\">\n\t\t\t\t<div class=\"elementor-widget-container\">\n\t\t\t\t\t<h2 class=\"elementor-heading-title elementor-size-default\">R\u00e9sidence pour a\u00een\u00e9s Maison Bruy\u00e8re - Aylmer\n<\/h2>\t\t\t\t<\/div>\n\t\t\t\t<\/div>\n\t\t\t\t<\/a>\n\t\t<a class=\"elementor-element elementor-element-48a0d85 e-con-full e-flex e-con e-child\" data-id=\"48a0d85\" data-element_type=\"container\" data-e-type=\"container\" data-settings=\"{&quot;background_background&quot;:&quot;classic&quot;}\" href=\"http:\/\/piedoutaouais.com\/\">\n\t\t\t\t<div class=\"elementor-element elementor-element-5bad05c elementor-widget elementor-widget-image\" data-id=\"5bad05c\" data-element_type=\"widget\" data-e-type=\"widget\" data-widget_type=\"image.default\">\n\t\t\t\t<div class=\"elementor-widget-container\">\n\t\t\t\t\t\t\t\t\t\t\t\t\t\t\t<img loading=\"lazy\" decoding=\"async\" width=\"640\" height=\"640\" src=\"https:\/\/physiofamiliale.com\/wp-content\/uploads\/2024\/10\/253883049_279439337520973_4822390088923028342_n.png\" class=\"attachment-large size-large wp-image-124699\" alt=\"\" srcset=\"https:\/\/physiofamiliale.com\/wp-content\/uploads\/2024\/10\/253883049_279439337520973_4822390088923028342_n.png 640w, https:\/\/physiofamiliale.com\/wp-content\/uploads\/2024\/10\/253883049_279439337520973_4822390088923028342_n-300x300.png 300w, https:\/\/physiofamiliale.com\/wp-content\/uploads\/2024\/10\/253883049_279439337520973_4822390088923028342_n-150x150.png 150w, https:\/\/physiofamiliale.com\/wp-content\/uploads\/2024\/10\/253883049_279439337520973_4822390088923028342_n-12x12.png 12w\" sizes=\"(max-width: 640px) 100vw, 640px\" \/>\t\t\t\t\t\t\t\t\t\t\t\t\t\t\t<\/div>\n\t\t\t\t<\/div>\n\t\t\t\t<div class=\"elementor-element elementor-element-8fb4115 elementor-widget elementor-widget-heading\" data-id=\"8fb4115\" data-element_type=\"widget\" data-e-type=\"widget\" data-widget_type=\"heading.default\">\n\t\t\t\t<div class=\"elementor-widget-container\">\n\t\t\t\t\t<h2 class=\"elementor-heading-title elementor-size-default\">Clinique Podiatrique Pied Outaouais<\/h2>\t\t\t\t<\/div>\n\t\t\t\t<\/div>\n\t\t\t\t<\/a>\n\t\t\t\t\t<\/div>\n\t\t\t\t<\/div>\n\t\t\t\t<\/div>","protected":false},"excerpt":{"rendered":"<p>Clinique Solutions Discales Mimos Pillow Canada Chartwell r\u00e9sidences pour retrait\u00e9s Outaouais R\u00e9sidence pour a\u00een\u00e9s Maison Bruy\u00e8re &#8211; Aylmer Clinique Podiatrique Pied Outaouais<\/p>","protected":false},"author":1,"featured_media":0,"parent":0,"menu_order":0,"comment_status":"closed","ping_status":"closed","template":"elementor_header_footer","meta":{"_seopress_robots_primary_cat":"","_seopress_titles_title":"","_seopress_titles_desc":"","_seopress_robots_index":"","footnotes":""},"class_list":["post-53","page","type-page","status-publish","hentry"],"_links":{"self":[{"href":"https:\/\/physiofamiliale.com\/en\/wp-json\/wp\/v2\/pages\/53","targetHints":{"allow":["GET"]}}],"collection":[{"href":"https:\/\/physiofamiliale.com\/en\/wp-json\/wp\/v2\/pages"}],"about":[{"href":"https:\/\/physiofamiliale.com\/en\/wp-json\/wp\/v2\/types\/page"}],"author":[{"embeddable":true,"href":"https:\/\/physiofamiliale.com\/en\/wp-json\/wp\/v2\/users\/1"}],"replies":[{"embeddable":true,"href":"https:\/\/physiofamiliale.com\/en\/wp-json\/wp\/v2\/comments?post=53"}],"version-history":[{"count":10,"href":"https:\/\/physiofamiliale.com\/en\/wp-json\/wp\/v2\/pages\/53\/revisions"}],"predecessor-version":[{"id":124731,"href":"https:\/\/physiofamiliale.com\/en\/wp-json\/wp\/v2\/pages\/53\/revisions\/124731"}],"wp:attachment":[{"href":"https:\/\/physiofamiliale.com\/en\/wp-json\/wp\/v2\/media?parent=53"}],"curies":[{"name":"wp","href":"https:\/\/api.w.org\/{rel}","templated":true}]}}