{"id":78691,"date":"2021-01-26T19:42:57","date_gmt":"2021-01-26T23:42:57","guid":{"rendered":"https:\/\/physiofamiliale.com\/?page_id=78691"},"modified":"2021-01-26T19:51:46","modified_gmt":"2021-01-26T23:51:46","slug":"nos-videos","status":"publish","type":"page","link":"https:\/\/physiofamiliale.com\/en\/nos-videos\/","title":{"rendered":"Our videos"},"content":{"rendered":"<div data-elementor-type=\"wp-page\" data-elementor-id=\"78691\" class=\"elementor elementor-78691\" data-elementor-post-type=\"page\">\n\t\t\t\t\t\t<section class=\"elementor-section elementor-top-section elementor-element elementor-element-30ad1c47 elementor-section-boxed elementor-section-height-default elementor-section-height-default\" data-id=\"30ad1c47\" data-element_type=\"section\" data-e-type=\"section\" data-settings=\"{&quot;background_background&quot;:&quot;classic&quot;}\">\n\t\t\t\t\t\t<div class=\"elementor-container elementor-column-gap-default\">\n\t\t\t\t\t<div class=\"elementor-column elementor-col-100 elementor-top-column elementor-element elementor-element-76799a2e\" data-id=\"76799a2e\" data-element_type=\"column\" data-e-type=\"column\">\n\t\t\t<div class=\"elementor-widget-wrap elementor-element-populated\">\n\t\t\t\t\t\t<div class=\"elementor-element elementor-element-44cbfc4e elementor-widget elementor-widget-heading\" data-id=\"44cbfc4e\" data-element_type=\"widget\" data-e-type=\"widget\" data-widget_type=\"heading.default\">\n\t\t\t\t<div class=\"elementor-widget-container\">\n\t\t\t\t\t<h1 class=\"elementor-heading-title elementor-size-default\">Our videos<\/h1>\t\t\t\t<\/div>\n\t\t\t\t<\/div>\n\t\t\t\t\t<\/div>\n\t\t<\/div>\n\t\t\t\t\t<\/div>\n\t\t<\/section>\n\t\t\t\t<section class=\"elementor-section elementor-top-section elementor-element elementor-element-898d9c2 elementor-section-boxed elementor-section-height-default elementor-section-height-default\" data-id=\"898d9c2\" data-element_type=\"section\" data-e-type=\"section\">\n\t\t\t\t\t\t<div class=\"elementor-container elementor-column-gap-default\">\n\t\t\t\t\t<div class=\"elementor-column elementor-col-100 elementor-top-column elementor-element elementor-element-f2d4fbf\" data-id=\"f2d4fbf\" data-element_type=\"column\" data-e-type=\"column\">\n\t\t\t<div class=\"elementor-widget-wrap elementor-element-populated\">\n\t\t\t\t\t\t<div class=\"elementor-element elementor-element-6d4d4e2 elementor-grid-2 elementor-grid-tablet-2 elementor-grid-mobile-1 elementor-posts--thumbnail-top elementor-posts--show-avatar elementor-card-shadow-yes elementor-posts__hover-gradient elementor-widget elementor-widget-posts\" data-id=\"6d4d4e2\" data-element_type=\"widget\" data-e-type=\"widget\" data-settings=\"{&quot;cards_columns&quot;:&quot;2&quot;,&quot;cards_masonry&quot;:&quot;yes&quot;,&quot;cards_columns_tablet&quot;:&quot;2&quot;,&quot;cards_columns_mobile&quot;:&quot;1&quot;,&quot;cards_row_gap&quot;:{&quot;unit&quot;:&quot;px&quot;,&quot;size&quot;:35,&quot;sizes&quot;:[]},&quot;cards_row_gap_tablet&quot;:{&quot;unit&quot;:&quot;px&quot;,&quot;size&quot;:&quot;&quot;,&quot;sizes&quot;:[]},&quot;cards_row_gap_mobile&quot;:{&quot;unit&quot;:&quot;px&quot;,&quot;size&quot;:&quot;&quot;,&quot;sizes&quot;:[]}}\" data-widget_type=\"posts.cards\">\n\t\t\t\t<div class=\"elementor-widget-container\">\n\t\t\t\t\t\t\t<div class=\"elementor-posts-container elementor-posts elementor-posts--skin-cards elementor-grid\" role=\"list\">\n\t\t\t\t<article class=\"elementor-post elementor-grid-item post-78679 post type-post status-publish format-standard hentry category-videos\" role=\"listitem\">\n\t\t\t<div class=\"elementor-post__card\">\n\t\t\t\t<div class=\"elementor-post__text\">\n\t\t\t\t<h3 class=\"elementor-post__title\">\n\t\t\t<a href=\"https:\/\/physiofamiliale.com\/en\/douleur-durant-la-grossesse\/\" >\n\t\t\t\tPain during pregnancy\t\t\t<\/a>\n\t\t<\/h3>\n\t\t\t\t<div class=\"elementor-post__excerpt\">\n\t\t\t<p>Many women experience lower back or pelvic pain during pregnancy. In physiotherapy, we are here to help you prevent or manage those pains, by advising you for example on proper lifestyle habits to adopt. <\/p>\n\t\t<\/div>\n\t\t\n\t\t<a class=\"elementor-post__read-more\" href=\"https:\/\/physiofamiliale.com\/en\/douleur-durant-la-grossesse\/\" aria-label=\"Read more about Douleur durant la grossesse\" tabindex=\"-1\" >\n\t\t\tWatch our video \u00bb\t\t<\/a>\n\n\t\t\t\t<\/div>\n\t\t\t\t\t<\/div>\n\t\t<\/article>\n\t\t\t\t<article class=\"elementor-post elementor-grid-item post-78667 post type-post status-publish format-standard hentry category-videos\" role=\"listitem\">\n\t\t\t<div class=\"elementor-post__card\">\n\t\t\t\t<div class=\"elementor-post__text\">\n\t\t\t\t<h3 class=\"elementor-post__title\">\n\t\t\t<a href=\"https:\/\/physiofamiliale.com\/en\/ergonomie-en-tele-travail\/\" >\n\t\t\t\tErgonomic tips for Teleworking\t\t\t<\/a>\n\t\t<\/h3>\n\t\t\t\t<div class=\"elementor-post__excerpt\">\n\t\t\t<p>It is important to properly adjust your workstation whether at your office or at home, to ensure adequate posture and avoid an injury, according to ergonomic recommendations as suggested. <\/p>\n\t\t<\/div>\n\t\t\n\t\t<a class=\"elementor-post__read-more\" href=\"https:\/\/physiofamiliale.com\/en\/ergonomie-en-tele-travail\/\" aria-label=\"Read more about Ergonomie en t\u00e9l\u00e9-travail\" tabindex=\"-1\" >\n\t\t\tWatch our video \u00bb\t\t<\/a>\n\n\t\t\t\t<\/div>\n\t\t\t\t\t<\/div>\n\t\t<\/article>\n\t\t\t\t<article class=\"elementor-post elementor-grid-item post-78662 post type-post status-publish format-standard hentry category-videos\" role=\"listitem\">\n\t\t\t<div class=\"elementor-post__card\">\n\t\t\t\t<div class=\"elementor-post__text\">\n\t\t\t\t<h3 class=\"elementor-post__title\">\n\t\t\t<a href=\"https:\/\/physiofamiliale.com\/en\/quest-ce-que-la-douleur\/\" >\n\t\t\t\tWhat is pain\t\t\t<\/a>\n\t\t<\/h3>\n\t\t\t\t<div class=\"elementor-post__excerpt\">\n\t\t\t<p>There are different types of pain depending on the structure\/tissue affected. The characteristics of a joint pain are different from those of a muscle pain in terms of, for example, the cause, sensation and frequency of the pain. <\/p>\n\t\t<\/div>\n\t\t\n\t\t<a class=\"elementor-post__read-more\" href=\"https:\/\/physiofamiliale.com\/en\/quest-ce-que-la-douleur\/\" aria-label=\"Read more about Qu&rsquo;est-ce que la douleur\" tabindex=\"-1\" >\n\t\t\tWatch our video \u00bb\t\t<\/a>\n\n\t\t\t\t<\/div>\n\t\t\t\t\t<\/div>\n\t\t<\/article>\n\t\t\t\t<article class=\"elementor-post elementor-grid-item post-78656 post type-post status-publish format-standard hentry category-videos\" role=\"listitem\">\n\t\t\t<div class=\"elementor-post__card\">\n\t\t\t\t<div class=\"elementor-post__text\">\n\t\t\t\t<h3 class=\"elementor-post__title\">\n\t\t\t<a href=\"https:\/\/physiofamiliale.com\/en\/physiotherapie-pediatrique\/\" >\n\t\t\t\tPediatrics Physiotherapy\t\t\t<\/a>\n\t\t<\/h3>\n\t\t\t\t<div class=\"elementor-post__excerpt\">\n\t\t\t<p>We take care of the pediatric clientele with great attention in order to advise parents and treat health problems related to motor development of the child who consults. <\/p>\n\t\t<\/div>\n\t\t\n\t\t<a class=\"elementor-post__read-more\" href=\"https:\/\/physiofamiliale.com\/en\/physiotherapie-pediatrique\/\" aria-label=\"Read more about Physioth\u00e9rapie p\u00e9diatrique\" tabindex=\"-1\" >\n\t\t\tWatch our video \u00bb\t\t<\/a>\n\n\t\t\t\t<\/div>\n\t\t\t\t\t<\/div>\n\t\t<\/article>\n\t\t\t\t<article class=\"elementor-post elementor-grid-item post-78642 post type-post status-publish format-standard hentry category-videos\" role=\"listitem\">\n\t\t\t<div class=\"elementor-post__card\">\n\t\t\t\t<div class=\"elementor-post__text\">\n\t\t\t\t<h3 class=\"elementor-post__title\">\n\t\t\t<a href=\"https:\/\/physiofamiliale.com\/en\/notre-clinique\/\" >\n\t\t\t\tOur clinic\t\t\t<\/a>\n\t\t<\/h3>\n\t\t\t\t<div class=\"elementor-post__excerpt\">\n\t\t\t<p>Here is a virtual tour of our clinic. All our consultation rooms are private in order to respect confidentiality and your privacy, in a professional and secure environment.<\/p>\n\t\t<\/div>\n\t\t\n\t\t<a class=\"elementor-post__read-more\" href=\"https:\/\/physiofamiliale.com\/en\/notre-clinique\/\" aria-label=\"Read more about Notre clinique\" tabindex=\"-1\" >\n\t\t\tWatch our video \u00bb\t\t<\/a>\n\n\t\t\t\t<\/div>\n\t\t\t\t\t<\/div>\n\t\t<\/article>\n\t\t\t\t<\/div>\n\t\t\n\t\t\t\t\t\t<\/div>\n\t\t\t\t<\/div>\n\t\t\t\t\t<\/div>\n\t\t<\/div>\n\t\t\t\t\t<\/div>\n\t\t<\/section>\n\t\t\t\t<section class=\"elementor-section elementor-top-section elementor-element elementor-element-5f22629 elementor-section-boxed elementor-section-height-default elementor-section-height-default\" data-id=\"5f22629\" data-element_type=\"section\" data-e-type=\"section\">\n\t\t\t\t\t\t<div class=\"elementor-container elementor-column-gap-default\">\n\t\t\t\t\t<div class=\"elementor-column elementor-col-100 elementor-top-column elementor-element elementor-element-a43f9d7\" data-id=\"a43f9d7\" data-element_type=\"column\" data-e-type=\"column\">\n\t\t\t<div class=\"elementor-widget-wrap\">\n\t\t\t\t\t\t\t<\/div>\n\t\t<\/div>\n\t\t\t\t\t<\/div>\n\t\t<\/section>\n\t\t\t\t<\/div>","protected":false},"excerpt":{"rendered":"","protected":false},"author":1,"featured_media":0,"parent":0,"menu_order":0,"comment_status":"closed","ping_status":"closed","template":"elementor_header_footer","meta":{"_seopress_robots_primary_cat":"","_seopress_titles_title":"Nos vid\u00e9os | Physio Familiale | Gatineau, Hull, Aylmer","_seopress_titles_desc":"Nous sommes des th\u00e9rapeutes exp\u00e9riment\u00e9s en mesure d\u2019\u00e9valuer, de diagnostiquer et de traiter divers probl\u00e8mes de sant\u00e9. Nous d\u00e9veloppons et int\u00e9grons de nouvelles approches qui sont uniques, modernes et personnalis\u00e9es.","_seopress_robots_index":"","footnotes":""},"class_list":["post-78691","page","type-page","status-publish","hentry"],"_links":{"self":[{"href":"https:\/\/physiofamiliale.com\/en\/wp-json\/wp\/v2\/pages\/78691","targetHints":{"allow":["GET"]}}],"collection":[{"href":"https:\/\/physiofamiliale.com\/en\/wp-json\/wp\/v2\/pages"}],"about":[{"href":"https:\/\/physiofamiliale.com\/en\/wp-json\/wp\/v2\/types\/page"}],"author":[{"embeddable":true,"href":"https:\/\/physiofamiliale.com\/en\/wp-json\/wp\/v2\/users\/1"}],"replies":[{"embeddable":true,"href":"https:\/\/physiofamiliale.com\/en\/wp-json\/wp\/v2\/comments?post=78691"}],"version-history":[{"count":4,"href":"https:\/\/physiofamiliale.com\/en\/wp-json\/wp\/v2\/pages\/78691\/revisions"}],"predecessor-version":[{"id":78698,"href":"https:\/\/physiofamiliale.com\/en\/wp-json\/wp\/v2\/pages\/78691\/revisions\/78698"}],"wp:attachment":[{"href":"https:\/\/physiofamiliale.com\/en\/wp-json\/wp\/v2\/media?parent=78691"}],"curies":[{"name":"wp","href":"https:\/\/api.w.org\/{rel}","templated":true}]}}